{"id":16185,"date":"2015-02-04T11:16:19","date_gmt":"2015-02-04T11:16:19","guid":{"rendered":"http:\/\/www.lucmarfincas.es\/?page_id=16185"},"modified":"2021-05-06T04:33:40","modified_gmt":"2021-05-06T03:33:40","slug":"inici","status":"publish","type":"page","link":"https:\/\/www.lucmarfincas.es\/ca\/","title":{"rendered":"Inici"},"content":{"rendered":"<p>[vc_row css_animation=&#8221;&#8221; row_type=&#8221;row&#8221; use_row_as_full_screen_section=&#8221;no&#8221; type=&#8221;full_width&#8221; angled_section=&#8221;no&#8221; text_align=&#8221;left&#8221; background_image_as_pattern=&#8221;without_pattern&#8221; background_color=&#8221;#ffffff&#8221; border_color=&#8221;#eeeeee&#8221;][vc_column]<div class=\"call_to_action normal\" style=\"background-color: rgba(0,158,227,0.7);\"><div class=\"container_inner\"><div class=\"two_columns_75_25 clearfix\"><div class=\"text_wrapper column1\"><div class=\"call_to_action_text  font_size_inherit\" style=\"font-size:16px;\">Soliciti pressupost sense comprom\u00eds<\/div><\/div><div class=\"button_wrapper column2\"><a itemprop=\"url\" href=\"pressupost\" class=\"qbutton white medium\" target=\"\" style=\"color: #ffffff;border-color: #009ee3;background-color: #009ee3;\" data-hover-background-color=#ffffff data-hover-border-color=#ffffff data-hover-color=#009ee3>Pressupost<\/a><\/div><\/div><\/div><\/div>[\/vc_column][\/vc_row][vc_row css_animation=&#8221;&#8221; row_type=&#8221;row&#8221; use_row_as_full_screen_section=&#8221;no&#8221; type=&#8221;grid&#8221; angled_section=&#8221;no&#8221; text_align=&#8221;left&#8221; background_image_as_pattern=&#8221;without_pattern&#8221; padding_top=&#8221;73&#8243; padding_bottom=&#8221;0&#8243; anchor=&#8221;portfolio&#8221; background_color=&#8221;#ffffff&#8221; border_color=&#8221;#eeeeee&#8221;][vc_column][vc_column_text]<\/p>\n<h2 style=\"text-align: center;\">Al servei de les Comunitats de Ve\u00efns<\/h2>\n<p>[\/vc_column_text][vc_separator type=&#8221;small&#8221; position=&#8221;center&#8221; down=&#8221;20&#8243; up=&#8221;20&#8243; color=&#8221;#818181&#8243;][vc_column_text]<\/p>\n<h3 style=\"text-align: center;\">A LUCMAR ens mou la vocaci\u00f3 de servei<\/h3>\n<p>[\/vc_column_text][vc_separator type=&#8221;transparent&#8221; up=&#8221;45&#8243; down=&#8221;18&#8243;][vc_row_inner row_type=&#8221;row&#8221; type=&#8221;full_width&#8221; text_align=&#8221;left&#8221; css_animation=&#8221;&#8221;][vc_column_inner width=&#8221;1\/3&#8243;][vc_single_image image=&#8221;16389&#8243; img_size=&#8221;full&#8221; qode_css_animation=&#8221;&#8221;][vc_separator type=&#8221;transparent&#8221; up=&#8221;25&#8243; down=&#8221;0&#8243;][vc_column_text]<\/p>\n<h5>Plataforma Virtual &#8211; Despatx 24h<\/h5>\n<p>[\/vc_column_text][vc_separator type=&#8221;transparent&#8221; up=&#8221;6&#8243; down=&#8221;0&#8243;][vc_column_text]Podr\u00e0 accedir a tota la documentaci\u00f3 de la seva Comunitat via on-line. Amb la m\u00e0xima transpar\u00e8ncia.[\/vc_column_text][vc_separator type=&#8221;transparent&#8221; up=&#8221;76&#8243; down=&#8221;0&#8243;][\/vc_column_inner][vc_column_inner width=&#8221;1\/3&#8243;][vc_single_image image=&#8221;16390&#8243; img_size=&#8221;full&#8221; qode_css_animation=&#8221;&#8221;][vc_separator type=&#8221;transparent&#8221; up=&#8221;25&#8243; down=&#8221;0&#8243;][vc_column_text]<\/p>\n<h5>Tractament personal i accessible<\/h5>\n<p>[\/vc_column_text][vc_separator type=&#8221;transparent&#8221; up=&#8221;6&#8243; down=&#8221;0&#8243;][vc_column_text]El nostre comprom\u00eds amb els nostres clients \u00e9s constant i es fonamenta en l\u2019accessibilitat, la proximitat i la implicaci\u00f3.[\/vc_column_text][vc_separator type=&#8221;transparent&#8221; up=&#8221;76&#8243; down=&#8221;0&#8243;][\/vc_column_inner][vc_column_inner width=&#8221;1\/3&#8243;][vc_single_image image=&#8221;16421&#8243; img_size=&#8221;large&#8221; qode_css_animation=&#8221;&#8221;][vc_separator type=&#8221;transparent&#8221; up=&#8221;25&#8243; down=&#8221;0&#8243;][vc_column_text]<\/p>\n<h5>Administraci\u00f3 &#8220;Low Cost&#8221; tot incl\u00f2s<\/h5>\n<p>[\/vc_column_text][vc_separator type=&#8221;transparent&#8221; up=&#8221;6&#8243; down=&#8221;0&#8243;][vc_column_text]Oferim serveis d\u2019 admininistraci\u00f3 de finques amb el preu m\u00e9s redu\u00eft del mercat. Sense sorpreses tot incl\u00f2s.[\/vc_column_text][vc_separator type=&#8221;transparent&#8221; up=&#8221;76&#8243; down=&#8221;0&#8243;][\/vc_column_inner][\/vc_row_inner][\/vc_column][\/vc_row][vc_row css_animation=&#8221;&#8221; row_type=&#8221;row&#8221; use_row_as_full_screen_section=&#8221;no&#8221; type=&#8221;grid&#8221; angled_section=&#8221;no&#8221; text_align=&#8221;left&#8221; background_image_as_pattern=&#8221;without_pattern&#8221; padding_top=&#8221;97&#8243; padding_bottom=&#8221;34&#8243; background_color=&#8221;#f8f8f8&#8243; border_color=&#8221;#eeeeee&#8221; el_class=&#8221;home-services&#8221;][vc_column][vc_row_inner row_type=&#8221;row&#8221; type=&#8221;full_width&#8221; text_align=&#8221;left&#8221; css_animation=&#8221;&#8221;][vc_column_inner width=&#8221;1\/2&#8243;]<div class='q_icon_with_title medium circle '><div class=\"icon_holder q_icon_animation\" style=\" transition-delay: 100ms; -webkit-transition-delay: 100ms; -moz-transition-delay: 100ms; -o-transition-delay: 100ms;\"><span data-icon-type=\"circle\"   class=\"qode_iwt_icon_holder fa-stack fa-3x  \" style=\"border-color: #009ee3;background-color: #009ee3;\"><i class=\"qode_icon_font_awesome fa fa-laptop qode_iwt_icon_element\" style=\"color: #ffffff;\" ><\/i><\/span><\/div><div class=\"icon_text_holder\" style=\"\"><div class=\"icon_text_inner\" style=\"\"><h5 class=\"icon_title\" style=\"\">GESTI\u00d3 ADMINISTRATIVA I ECON\u00d2MICA<\/h5><p style=''>Gestionem la comptabilitat i els documents de la seva comunitat de forma clara i transparent, sempre al dia i a la seva disposici\u00f3.<\/p><a itemprop='url' class='icon_with_title_link' href='administracio' target='_self' style=''>Saber m\u00e9s<\/a><\/div><\/div><\/div>[vc_separator type=&#8221;transparent&#8221; up=&#8221;26&#8243; down=&#8221;24&#8243;][\/vc_column_inner][vc_column_inner width=&#8221;1\/2&#8243;]<div class='q_icon_with_title medium circle '><div class=\"icon_holder q_icon_animation\" style=\" transition-delay: 100ms; -webkit-transition-delay: 100ms; -moz-transition-delay: 100ms; -o-transition-delay: 100ms;\"><span data-icon-type=\"circle\"   class=\"qode_iwt_icon_holder fa-stack fa-3x  \" style=\"border-color: #009ee3;background-color: #009ee3;\"><i class=\"qode_icon_font_awesome fa fa-money qode_iwt_icon_element\" style=\"color: #ffffff;\" ><\/i><\/span><\/div><div class=\"icon_text_holder\" style=\"\"><div class=\"icon_text_inner\" style=\"\"><h5 class=\"icon_title\" style=\"\">REDUCCI\u00d3 DE LA MOROSITAT<\/h5><p style=''>Des de LUCMAR contem amb un sistema propi de gesti\u00f3 de cobrament de morosos oferint una \u00e0mplia protecci\u00f3 jur\u00eddica a la seva Comunitat.<\/p><a itemprop='url' class='icon_with_title_link' href='reduccio-de-la-morositat' target='_self' style=''>Saber m\u00e9s<\/a><\/div><\/div><\/div>[vc_separator type=&#8221;transparent&#8221; up=&#8221;26&#8243; down=&#8221;26&#8243;][\/vc_column_inner][\/vc_row_inner][vc_row_inner row_type=&#8221;row&#8221; type=&#8221;full_width&#8221; text_align=&#8221;left&#8221; css_animation=&#8221;&#8221;][vc_column_inner width=&#8221;1\/2&#8243;]<div class='q_icon_with_title medium circle '><div class=\"icon_holder q_icon_animation\" style=\" transition-delay: 100ms; -webkit-transition-delay: 100ms; -moz-transition-delay: 100ms; -o-transition-delay: 100ms;\"><span data-icon-type=\"circle\"   class=\"qode_iwt_icon_holder fa-stack fa-3x  \" style=\"border-color: #009ee3;background-color: #009ee3;\"><i class=\"qode_icon_font_awesome fa fa-globe qode_iwt_icon_element\" style=\"color: #ffffff;\" ><\/i><\/span><\/div><div class=\"icon_text_holder\" style=\"\"><div class=\"icon_text_inner\" style=\"\"><h5 class=\"icon_title\" style=\"\">LUCMAR 24 HORES<\/h5><p style=''>Tota la comptabilitat i documentaci\u00f3 de la seva Comunitat disponible les 24 hores. Accedeixi a les avantatges on line.<\/p><a itemprop='url' class='icon_with_title_link' href='noves-tecnologies' target='_self' style=''>Saber m\u00e9s<\/a><\/div><\/div><\/div>[vc_separator type=&#8221;transparent&#8221; up=&#8221;26&#8243; down=&#8221;24&#8243;][\/vc_column_inner][vc_column_inner width=&#8221;1\/2&#8243;]<div class='q_icon_with_title medium circle '><div class=\"icon_holder q_icon_animation\" style=\" transition-delay: 100ms; -webkit-transition-delay: 100ms; -moz-transition-delay: 100ms; -o-transition-delay: 100ms;\"><span data-icon-type=\"circle\"   class=\"qode_iwt_icon_holder fa-stack fa-3x  \" style=\"border-color: #009ee3;background-color: #009ee3;\"><i class=\"qode_icon_font_awesome fa fa-cubes qode_iwt_icon_element\" style=\"color: #ffffff;\" ><\/i><\/span><\/div><div class=\"icon_text_holder\" style=\"\"><div class=\"icon_text_inner\" style=\"\"><h5 class=\"icon_title\" style=\"\">TOTS ELS SERVEIS<\/h5><p style=''>Accedeixi al cat\u00e0leg complet dels nostres serveis i contacti amb nosaltres per aclarir els seus dubtes.<\/p><a itemprop='url' class='icon_with_title_link' href='serveis' target='_self' style=''>Saber m\u00e9s<\/a><\/div><\/div><\/div>[vc_separator type=&#8221;transparent&#8221; up=&#8221;26&#8243; down=&#8221;26&#8243;][\/vc_column_inner][\/vc_row_inner][\/vc_column][\/vc_row]<\/p>\n","protected":false},"excerpt":{"rendered":"<p>[vc_row css_animation=&#8221;&#8221; row_type=&#8221;row&#8221; use_row_as_full_screen_section=&#8221;no&#8221; type=&#8221;full_width&#8221; angled_section=&#8221;no&#8221; text_align=&#8221;left&#8221; background_image_as_pattern=&#8221;without_pattern&#8221; background_color=&#8221;#ffffff&#8221; border_color=&#8221;#eeeeee&#8221;][vc_column][\/vc_column][\/vc_row][vc_row css_animation=&#8221;&#8221; row_type=&#8221;row&#8221; use_row_as_full_screen_section=&#8221;no&#8221; type=&#8221;grid&#8221; angled_section=&#8221;no&#8221; text_align=&#8221;left&#8221; background_image_as_pattern=&#8221;without_pattern&#8221; padding_top=&#8221;73&#8243; padding_bottom=&#8221;0&#8243; anchor=&#8221;portfolio&#8221; background_color=&#8221;#ffffff&#8221; border_color=&#8221;#eeeeee&#8221;][vc_column][vc_column_text] Al servei de les Comunitats de Ve\u00efns [\/vc_column_text][vc_separator type=&#8221;small&#8221; position=&#8221;center&#8221; down=&#8221;20&#8243; up=&#8221;20&#8243; color=&#8221;#818181&#8243;][vc_column_text] A LUCMAR ens mou la vocaci\u00f3 de servei [\/vc_column_text][vc_separator type=&#8221;transparent&#8221;&#8230;<\/p>\n","protected":false},"author":1,"featured_media":0,"parent":0,"menu_order":0,"comment_status":"open","ping_status":"closed","template":"full_width.php","meta":{"footnotes":""},"yoast_head":"<!-- This site is optimized with the Yoast SEO plugin v22.6 - https:\/\/yoast.com\/wordpress\/plugins\/seo\/ -->\n<title>LUCMAR - Gesti\u00f3 integral de comunitats | 930 237 496 \/ 609 578 903<\/title>\n<meta name=\"description\" content=\"Gestionem la comptabilitat i els documents de la seva comunitat de forma clara i transparent, sempre al dia i a la seva disposici\u00f3.\" \/>\n<meta name=\"robots\" content=\"index, follow, max-snippet:-1, max-image-preview:large, max-video-preview:-1\" \/>\n<link rel=\"canonical\" href=\"https:\/\/www.lucmarfincas.es\/ca\/\" \/>\n<meta property=\"og:locale\" content=\"ca_ES\" \/>\n<meta property=\"og:type\" content=\"article\" \/>\n<meta property=\"og:title\" content=\"LUCMAR - Gesti\u00f3 integral de comunitats | 930 237 496 \/ 609 578 903\" \/>\n<meta property=\"og:description\" content=\"Gestionem la comptabilitat i els documents de la seva comunitat de forma clara i transparent, sempre al dia i a la seva disposici\u00f3.\" \/>\n<meta property=\"og:url\" content=\"https:\/\/www.lucmarfincas.es\/ca\/\" \/>\n<meta property=\"og:site_name\" content=\"LUCMAR\" \/>\n<meta property=\"article:modified_time\" content=\"2021-05-06T03:33:40+00:00\" \/>\n<meta name=\"twitter:card\" content=\"summary_large_image\" \/>\n<meta name=\"twitter:label1\" content=\"Temps estimat de lectura\" \/>\n\t<meta name=\"twitter:data1\" content=\"2 minuts\" \/>\n<script type=\"application\/ld+json\" class=\"yoast-schema-graph\">{\"@context\":\"https:\/\/schema.org\",\"@graph\":[{\"@type\":\"WebPage\",\"@id\":\"https:\/\/www.lucmarfincas.es\/ca\/\",\"url\":\"https:\/\/www.lucmarfincas.es\/ca\/\",\"name\":\"LUCMAR - Gesti\u00f3 integral de comunitats | 930 237 496 \/ 609 578 903\",\"isPartOf\":{\"@id\":\"https:\/\/www.lucmarfincas.es\/ca\/#website\"},\"datePublished\":\"2015-02-04T11:16:19+00:00\",\"dateModified\":\"2021-05-06T03:33:40+00:00\",\"description\":\"Gestionem la comptabilitat i els documents de la seva comunitat de forma clara i transparent, sempre al dia i a la seva disposici\u00f3.\",\"breadcrumb\":{\"@id\":\"https:\/\/www.lucmarfincas.es\/ca\/#breadcrumb\"},\"inLanguage\":\"ca\",\"potentialAction\":[{\"@type\":\"ReadAction\",\"target\":[\"https:\/\/www.lucmarfincas.es\/ca\/\"]}]},{\"@type\":\"BreadcrumbList\",\"@id\":\"https:\/\/www.lucmarfincas.es\/ca\/#breadcrumb\",\"itemListElement\":[{\"@type\":\"ListItem\",\"position\":1,\"name\":\"Inici\",\"item\":\"https:\/\/www.lucmarfincas.es\/ca\/\"},{\"@type\":\"ListItem\",\"position\":2,\"name\":\"Inici\"}]},{\"@type\":\"WebSite\",\"@id\":\"https:\/\/www.lucmarfincas.es\/ca\/#website\",\"url\":\"https:\/\/www.lucmarfincas.es\/ca\/\",\"name\":\"LUCMAR\",\"description\":\"LUCMAR respon: 930 237 496 \/ 609 578 903\",\"potentialAction\":[{\"@type\":\"SearchAction\",\"target\":{\"@type\":\"EntryPoint\",\"urlTemplate\":\"https:\/\/www.lucmarfincas.es\/ca\/?s={search_term_string}\"},\"query-input\":\"required name=search_term_string\"}],\"inLanguage\":\"ca\"}]}<\/script>\n<!-- \/ Yoast SEO plugin. -->","yoast_head_json":{"title":"LUCMAR - Gesti\u00f3 integral de comunitats | 930 237 496 \/ 609 578 903","description":"Gestionem la comptabilitat i els documents de la seva comunitat de forma clara i transparent, sempre al dia i a la seva disposici\u00f3.","robots":{"index":"index","follow":"follow","max-snippet":"max-snippet:-1","max-image-preview":"max-image-preview:large","max-video-preview":"max-video-preview:-1"},"canonical":"https:\/\/www.lucmarfincas.es\/ca\/","og_locale":"ca_ES","og_type":"article","og_title":"LUCMAR - Gesti\u00f3 integral de comunitats | 930 237 496 \/ 609 578 903","og_description":"Gestionem la comptabilitat i els documents de la seva comunitat de forma clara i transparent, sempre al dia i a la seva disposici\u00f3.","og_url":"https:\/\/www.lucmarfincas.es\/ca\/","og_site_name":"LUCMAR","article_modified_time":"2021-05-06T03:33:40+00:00","twitter_card":"summary_large_image","twitter_misc":{"Temps estimat de lectura":"2 minuts"},"schema":{"@context":"https:\/\/schema.org","@graph":[{"@type":"WebPage","@id":"https:\/\/www.lucmarfincas.es\/ca\/","url":"https:\/\/www.lucmarfincas.es\/ca\/","name":"LUCMAR - Gesti\u00f3 integral de comunitats | 930 237 496 \/ 609 578 903","isPartOf":{"@id":"https:\/\/www.lucmarfincas.es\/ca\/#website"},"datePublished":"2015-02-04T11:16:19+00:00","dateModified":"2021-05-06T03:33:40+00:00","description":"Gestionem la comptabilitat i els documents de la seva comunitat de forma clara i transparent, sempre al dia i a la seva disposici\u00f3.","breadcrumb":{"@id":"https:\/\/www.lucmarfincas.es\/ca\/#breadcrumb"},"inLanguage":"ca","potentialAction":[{"@type":"ReadAction","target":["https:\/\/www.lucmarfincas.es\/ca\/"]}]},{"@type":"BreadcrumbList","@id":"https:\/\/www.lucmarfincas.es\/ca\/#breadcrumb","itemListElement":[{"@type":"ListItem","position":1,"name":"Inici","item":"https:\/\/www.lucmarfincas.es\/ca\/"},{"@type":"ListItem","position":2,"name":"Inici"}]},{"@type":"WebSite","@id":"https:\/\/www.lucmarfincas.es\/ca\/#website","url":"https:\/\/www.lucmarfincas.es\/ca\/","name":"LUCMAR","description":"LUCMAR respon: 930 237 496 \/ 609 578 903","potentialAction":[{"@type":"SearchAction","target":{"@type":"EntryPoint","urlTemplate":"https:\/\/www.lucmarfincas.es\/ca\/?s={search_term_string}"},"query-input":"required name=search_term_string"}],"inLanguage":"ca"}]}},"_links":{"self":[{"href":"https:\/\/www.lucmarfincas.es\/ca\/wp-json\/wp\/v2\/pages\/16185"}],"collection":[{"href":"https:\/\/www.lucmarfincas.es\/ca\/wp-json\/wp\/v2\/pages"}],"about":[{"href":"https:\/\/www.lucmarfincas.es\/ca\/wp-json\/wp\/v2\/types\/page"}],"author":[{"embeddable":true,"href":"https:\/\/www.lucmarfincas.es\/ca\/wp-json\/wp\/v2\/users\/1"}],"replies":[{"embeddable":true,"href":"https:\/\/www.lucmarfincas.es\/ca\/wp-json\/wp\/v2\/comments?post=16185"}],"version-history":[{"count":31,"href":"https:\/\/www.lucmarfincas.es\/ca\/wp-json\/wp\/v2\/pages\/16185\/revisions"}],"predecessor-version":[{"id":16864,"href":"https:\/\/www.lucmarfincas.es\/ca\/wp-json\/wp\/v2\/pages\/16185\/revisions\/16864"}],"wp:attachment":[{"href":"https:\/\/www.lucmarfincas.es\/ca\/wp-json\/wp\/v2\/media?parent=16185"}],"curies":[{"name":"wp","href":"https:\/\/api.w.org\/{rel}","templated":true}]}}