{"id":16187,"date":"2015-02-04T11:17:41","date_gmt":"2015-02-04T11:17:41","guid":{"rendered":"http:\/\/www.lucmarfincas.es\/?page_id=16187"},"modified":"2015-04-03T08:35:34","modified_gmt":"2015-04-03T08:35:34","slug":"avantatges","status":"publish","type":"page","link":"https:\/\/www.lucmarfincas.es\/ca\/avantatges\/","title":{"rendered":"Avantatges"},"content":{"rendered":"<p>[vc_row row_type=&#8221;row&#8221; type=&#8221;grid&#8221; text_align=&#8221;left&#8221; padding_top=&#8221;80&#8243; padding_bottom=&#8221;0&#8243; background_color=&#8221;#ffffff&#8221;][vc_column width=&#8221;1\/1&#8243;][vc_column_text]<\/p>\n<h3 style=\"text-align: center;\">SI DESITJA UN SERVEI FIABLE, SEGUR I TRANSPARENT LUCMAR LI PROPORCIONA<\/h3>\n<p>[\/vc_column_text][vc_separator type=&#8221;transparent&#8221; position=&#8221;center&#8221; up=&#8221;35&#8243; down=&#8221;17&#8243;][\/vc_column][\/vc_row][vc_row row_type=&#8221;row&#8221; type=&#8221;grid&#8221; text_align=&#8221;left&#8221; background_color=&#8221;#ffffff&#8221;][vc_column width=&#8221;1\/3&#8243;][vc_row_inner row_type=&#8221;row&#8221; use_as_box=&#8221;use_row_as_box&#8221; type=&#8221;full_width&#8221; text_align=&#8221;left&#8221; padding=&#8221;10&#8243;][vc_column_inner width=&#8221;1\/1&#8243;][vc_single_image image=&#8221;16389&#8243; alignment=&#8221;center&#8221; border_color=&#8221;grey&#8221; img_link_target=&#8221;_self&#8221; img_size=&#8221;large&#8221;][vc_separator type=&#8221;transparent&#8221; position=&#8221;center&#8221; up=&#8221;25&#8243; down=&#8221;0&#8243;][vc_column_text]<\/p>\n<h5>Informaci\u00f3 sempre disponible<\/h5>\n<p>[\/vc_column_text][vc_separator type=&#8221;transparent&#8221; position=&#8221;left&#8221; up=&#8221;6&#8243; down=&#8221;0&#8243;][vc_column_text]Accedint al porta WEB de la seva Comunitat\u00a0podr\u00e0 fer totes les gestions que necessiti sense\u00a0necessitat de despla\u00e7arse:\u00a0Canviar el n\u00famero de compte bancari, avisar de qualsevol sinistre i veure el seu seguiment, veure\u00a0qualsevol document de la seva Comunitat, com\u00a0les actes, planells, escriptures, normativa interior,\u00a0comptes i resums comptables (*)[\/vc_column_text][\/vc_column_inner][\/vc_row_inner][vc_separator type=&#8221;transparent&#8221; position=&#8221;center&#8221; up=&#8221;39&#8243; down=&#8221;0&#8243;][\/vc_column][vc_column width=&#8221;1\/3&#8243;][vc_row_inner row_type=&#8221;row&#8221; use_as_box=&#8221;use_row_as_box&#8221; type=&#8221;full_width&#8221; text_align=&#8221;left&#8221; padding=&#8221;10&#8243;][vc_column_inner width=&#8221;1\/1&#8243;][vc_single_image image=&#8221;16524&#8243; alignment=&#8221;center&#8221; border_color=&#8221;grey&#8221; img_link_target=&#8221;_self&#8221; img_size=&#8221;large&#8221;][vc_separator type=&#8221;transparent&#8221; position=&#8221;center&#8221; up=&#8221;25&#8243; down=&#8221;0&#8243;][vc_column_text]<\/p>\n<h5>Reduci\u00f3 de la morositat<\/h5>\n<p>[\/vc_column_text][vc_separator type=&#8221;transparent&#8221; position=&#8221;left&#8221; up=&#8221;6&#8243; down=&#8221;0&#8243;][vc_column_text]Des de la nostra Administraci\u00f3 de Finques, seguim un\u00a0protocol molt exhaustiu per aconseguir, en un per\u00edode curt\u00a0de temps, que la seva Comunitat redueixi dr\u00e0sticament el\u00a0percentatge de morositat fent servir el correu electr\u00f2nic, \u00a0trucades telef\u00f2niques, missatgeria r\u00e0pida, cartes i burofax.[\/vc_column_text][\/vc_column_inner][\/vc_row_inner][vc_separator type=&#8221;transparent&#8221; position=&#8221;center&#8221; up=&#8221;39&#8243; down=&#8221;0&#8243;][\/vc_column][vc_column width=&#8221;1\/3&#8243;][vc_row_inner row_type=&#8221;row&#8221; use_as_box=&#8221;use_row_as_box&#8221; type=&#8221;full_width&#8221; text_align=&#8221;left&#8221; padding=&#8221;10&#8243;][vc_column_inner width=&#8221;1\/1&#8243;][vc_single_image image=&#8221;16537&#8243; alignment=&#8221;center&#8221; border_color=&#8221;grey&#8221; img_link_target=&#8221;_self&#8221; img_size=&#8221;large&#8221;][vc_separator type=&#8221;transparent&#8221; position=&#8221;center&#8221; up=&#8221;25&#8243; down=&#8221;0&#8243;][vc_column_text]<\/p>\n<h5>Comptabilitat transparent<\/h5>\n<p>[\/vc_column_text][vc_separator type=&#8221;transparent&#8221; position=&#8221;left&#8221; up=&#8221;6&#8243; down=&#8221;0&#8243;][vc_column_text]Si alguna vegada s\u2019ha preguntat on van a parar\u00a0els diners de la seva Comunitat, amb LUCMAR\u00a0podr\u00e0 accedir als comptes de la seva Comunitat\u00a0i veure tots els detalls comptables. La informaci\u00f3\u00a0s\u2019actualitza di\u00e0riament perqu\u00e8 vost\u00e8 pugui fer-ne el seguiment en temps real.[\/vc_column_text][\/vc_column_inner][\/vc_row_inner][vc_separator type=&#8221;transparent&#8221; position=&#8221;center&#8221; up=&#8221;39&#8243; down=&#8221;0&#8243;][\/vc_column][\/vc_row][vc_row row_type=&#8221;row&#8221; type=&#8221;grid&#8221; text_align=&#8221;left&#8221; padding_bottom=&#8221;50&#8243; background_color=&#8221;#ffffff&#8221; border_color=&#8221;#eeeeee&#8221;][vc_column width=&#8221;1\/3&#8243;][vc_row_inner row_type=&#8221;row&#8221; use_as_box=&#8221;use_row_as_box&#8221; type=&#8221;full_width&#8221; text_align=&#8221;left&#8221; padding=&#8221;10&#8243;][vc_column_inner width=&#8221;1\/1&#8243;][vc_column_text]<\/p>\n<h5>Gabinet T\u00e8cnic i Jur\u00eddic<\/h5>\n<p>[\/vc_column_text][vc_separator type=&#8221;transparent&#8221; position=&#8221;left&#8221; up=&#8221;6&#8243; down=&#8221;0&#8243;][vc_column_text]Qualsevol incid\u00e8ncia que tingui la seva Comunitat\u00a0ser\u00e0 supervisada pel nostre equip jur\u00eddic i t\u00e8ncic\u00a0que l\u2019orientar\u00e0 amb la soluci\u00f3 m\u00e9s convenient.[\/vc_column_text][\/vc_column_inner][\/vc_row_inner][vc_separator type=&#8221;transparent&#8221; position=&#8221;center&#8221; up=&#8221;39&#8243; down=&#8221;0&#8243;][\/vc_column][vc_column width=&#8221;1\/3&#8243;][vc_row_inner row_type=&#8221;row&#8221; use_as_box=&#8221;use_row_as_box&#8221; type=&#8221;full_width&#8221; text_align=&#8221;left&#8221; padding=&#8221;10&#8243;][vc_column_inner width=&#8221;1\/1&#8243;][vc_column_text]<\/p>\n<h5>Tot incl\u00f2s<\/h5>\n<p>[\/vc_column_text][vc_separator type=&#8221;transparent&#8221; position=&#8221;left&#8221; up=&#8221;6&#8243; down=&#8221;0&#8243;][vc_column_text]La nostra vocaci\u00f3 de servei ens obliga a millorar\u00a0els nostres protocols de treball per poder garantir\u00a0sempre el millor servei al preu m\u00e9s redu\u00eft.[\/vc_column_text][\/vc_column_inner][\/vc_row_inner][vc_separator type=&#8221;transparent&#8221; position=&#8221;center&#8221; up=&#8221;39&#8243; down=&#8221;0&#8243;][\/vc_column][vc_column width=&#8221;1\/3&#8243;][vc_row_inner row_type=&#8221;row&#8221; use_as_box=&#8221;use_row_as_box&#8221; type=&#8221;full_width&#8221; text_align=&#8221;left&#8221; padding=&#8221;10&#8243;][vc_column_inner width=&#8221;1\/1&#8243;][vc_column_text]<\/p>\n<h5>Atenci\u00f3 personalitzada<\/h5>\n<p>[\/vc_column_text][vc_separator type=&#8221;transparent&#8221; position=&#8221;left&#8221; up=&#8221;6&#8243; down=&#8221;0&#8243;][vc_column_text]Amb LUCMAR tindr\u00e0 un gestor personal per la seva\u00a0Comunitat. Una persona que s\u2019encarregar\u00e0 de\u00a0resoldre tots els problemes i dubtes que tingui la seva\u00a0finca. Ens desplacem les vegades necess\u00e0ries per\u00a0atendre les seves necessitats ja siguin per reunions o\u00a0gestions que requereixin la nostra pres\u00e8ncia.[\/vc_column_text][\/vc_column_inner][\/vc_row_inner][vc_separator type=&#8221;transparent&#8221; position=&#8221;center&#8221; up=&#8221;39&#8243; down=&#8221;0&#8243;][\/vc_column][\/vc_row][vc_row row_type=&#8221;row&#8221; type=&#8221;full_width&#8221; text_align=&#8221;left&#8221;][vc_column width=&#8221;1\/1&#8243;]<div class=\"call_to_action normal\" style=\"background-color: #f8f8f8;\"><div class=\"container_inner\"><div class=\"text_wrapper \"><div class=\"call_to_action_text  font_size_inherit\" style=\"font-size:14px;\"><span style=\"color: #000000;\">(*) Qualsevol dada personal \u00e9s tractada conforme a la Llei 15\/1999 de 13 de Desembre de Protecci\u00f3 de Dades de Car\u00e0cter Personal. Treballem sempre amb paraules de pas i protocols de seguretat segons la normativa.<\/span><\/div><\/div><\/div><\/div>[\/vc_column][\/vc_row]<\/p>\n","protected":false},"excerpt":{"rendered":"<p>[vc_row row_type=&#8221;row&#8221; type=&#8221;grid&#8221; text_align=&#8221;left&#8221; padding_top=&#8221;80&#8243; padding_bottom=&#8221;0&#8243; background_color=&#8221;#ffffff&#8221;][vc_column width=&#8221;1\/1&#8243;][vc_column_text] SI DESITJA UN SERVEI FIABLE, SEGUR I TRANSPARENT LUCMAR LI PROPORCIONA [\/vc_column_text][vc_separator type=&#8221;transparent&#8221; position=&#8221;center&#8221; up=&#8221;35&#8243; down=&#8221;17&#8243;][\/vc_column][\/vc_row][vc_row row_type=&#8221;row&#8221; type=&#8221;grid&#8221; text_align=&#8221;left&#8221; background_color=&#8221;#ffffff&#8221;][vc_column width=&#8221;1\/3&#8243;][vc_row_inner row_type=&#8221;row&#8221; use_as_box=&#8221;use_row_as_box&#8221; type=&#8221;full_width&#8221; text_align=&#8221;left&#8221; padding=&#8221;10&#8243;][vc_column_inner width=&#8221;1\/1&#8243;][vc_single_image image=&#8221;16389&#8243; alignment=&#8221;center&#8221; border_color=&#8221;grey&#8221; img_link_target=&#8221;_self&#8221; img_size=&#8221;large&#8221;][vc_separator type=&#8221;transparent&#8221; position=&#8221;center&#8221; up=&#8221;25&#8243; down=&#8221;0&#8243;][vc_column_text] Informaci\u00f3&#8230;<\/p>\n","protected":false},"author":1,"featured_media":0,"parent":0,"menu_order":0,"comment_status":"open","ping_status":"closed","template":"full_width.php","meta":{"footnotes":""},"yoast_head":"<!-- This site is optimized with the Yoast SEO plugin v22.6 - https:\/\/yoast.com\/wordpress\/plugins\/seo\/ -->\n<title>Avantatges - LUCMAR<\/title>\n<meta name=\"robots\" content=\"index, follow, max-snippet:-1, max-image-preview:large, max-video-preview:-1\" \/>\n<link rel=\"canonical\" href=\"https:\/\/www.lucmarfincas.es\/ca\/avantatges\/\" \/>\n<meta property=\"og:locale\" content=\"ca_ES\" \/>\n<meta property=\"og:type\" content=\"article\" \/>\n<meta property=\"og:title\" content=\"Avantatges - LUCMAR\" \/>\n<meta property=\"og:description\" content=\"[vc_row row_type=&#8221;row&#8221; type=&#8221;grid&#8221; text_align=&#8221;left&#8221; padding_top=&#8221;80&#8243; padding_bottom=&#8221;0&#8243; background_color=&#8221;#ffffff&#8221;][vc_column width=&#8221;1\/1&#8243;][vc_column_text] SI DESITJA UN SERVEI FIABLE, SEGUR I TRANSPARENT LUCMAR LI PROPORCIONA [\/vc_column_text][vc_separator type=&#8221;transparent&#8221; position=&#8221;center&#8221; up=&#8221;35&#8243; down=&#8221;17&#8243;][\/vc_column][\/vc_row][vc_row row_type=&#8221;row&#8221; type=&#8221;grid&#8221; text_align=&#8221;left&#8221; background_color=&#8221;#ffffff&#8221;][vc_column width=&#8221;1\/3&#8243;][vc_row_inner row_type=&#8221;row&#8221; use_as_box=&#8221;use_row_as_box&#8221; type=&#8221;full_width&#8221; text_align=&#8221;left&#8221; padding=&#8221;10&#8243;][vc_column_inner width=&#8221;1\/1&#8243;][vc_single_image image=&#8221;16389&#8243; alignment=&#8221;center&#8221; border_color=&#8221;grey&#8221; img_link_target=&#8221;_self&#8221; img_size=&#8221;large&#8221;][vc_separator type=&#8221;transparent&#8221; position=&#8221;center&#8221; up=&#8221;25&#8243; down=&#8221;0&#8243;][vc_column_text] Informaci\u00f3...\" \/>\n<meta property=\"og:url\" content=\"https:\/\/www.lucmarfincas.es\/ca\/avantatges\/\" \/>\n<meta property=\"og:site_name\" content=\"LUCMAR\" \/>\n<meta property=\"article:modified_time\" content=\"2015-04-03T08:35:34+00:00\" \/>\n<meta name=\"twitter:card\" content=\"summary_large_image\" \/>\n<meta name=\"twitter:label1\" content=\"Temps estimat de lectura\" \/>\n\t<meta name=\"twitter:data1\" content=\"4 minuts\" \/>\n<script type=\"application\/ld+json\" class=\"yoast-schema-graph\">{\"@context\":\"https:\/\/schema.org\",\"@graph\":[{\"@type\":\"WebPage\",\"@id\":\"https:\/\/www.lucmarfincas.es\/ca\/avantatges\/\",\"url\":\"https:\/\/www.lucmarfincas.es\/ca\/avantatges\/\",\"name\":\"Avantatges - LUCMAR\",\"isPartOf\":{\"@id\":\"https:\/\/www.lucmarfincas.es\/ca\/#website\"},\"datePublished\":\"2015-02-04T11:17:41+00:00\",\"dateModified\":\"2015-04-03T08:35:34+00:00\",\"breadcrumb\":{\"@id\":\"https:\/\/www.lucmarfincas.es\/ca\/avantatges\/#breadcrumb\"},\"inLanguage\":\"ca\",\"potentialAction\":[{\"@type\":\"ReadAction\",\"target\":[\"https:\/\/www.lucmarfincas.es\/ca\/avantatges\/\"]}]},{\"@type\":\"BreadcrumbList\",\"@id\":\"https:\/\/www.lucmarfincas.es\/ca\/avantatges\/#breadcrumb\",\"itemListElement\":[{\"@type\":\"ListItem\",\"position\":1,\"name\":\"Inici\",\"item\":\"https:\/\/www.lucmarfincas.es\/ca\/\"},{\"@type\":\"ListItem\",\"position\":2,\"name\":\"Avantatges\"}]},{\"@type\":\"WebSite\",\"@id\":\"https:\/\/www.lucmarfincas.es\/ca\/#website\",\"url\":\"https:\/\/www.lucmarfincas.es\/ca\/\",\"name\":\"LUCMAR\",\"description\":\"LUCMAR respon: 930 237 496 \/ 609 578 903\",\"potentialAction\":[{\"@type\":\"SearchAction\",\"target\":{\"@type\":\"EntryPoint\",\"urlTemplate\":\"https:\/\/www.lucmarfincas.es\/ca\/?s={search_term_string}\"},\"query-input\":\"required name=search_term_string\"}],\"inLanguage\":\"ca\"}]}<\/script>\n<!-- \/ Yoast SEO plugin. -->","yoast_head_json":{"title":"Avantatges - LUCMAR","robots":{"index":"index","follow":"follow","max-snippet":"max-snippet:-1","max-image-preview":"max-image-preview:large","max-video-preview":"max-video-preview:-1"},"canonical":"https:\/\/www.lucmarfincas.es\/ca\/avantatges\/","og_locale":"ca_ES","og_type":"article","og_title":"Avantatges - LUCMAR","og_description":"[vc_row row_type=&#8221;row&#8221; type=&#8221;grid&#8221; text_align=&#8221;left&#8221; padding_top=&#8221;80&#8243; padding_bottom=&#8221;0&#8243; background_color=&#8221;#ffffff&#8221;][vc_column width=&#8221;1\/1&#8243;][vc_column_text] SI DESITJA UN SERVEI FIABLE, SEGUR I TRANSPARENT LUCMAR LI PROPORCIONA [\/vc_column_text][vc_separator type=&#8221;transparent&#8221; position=&#8221;center&#8221; up=&#8221;35&#8243; down=&#8221;17&#8243;][\/vc_column][\/vc_row][vc_row row_type=&#8221;row&#8221; type=&#8221;grid&#8221; text_align=&#8221;left&#8221; background_color=&#8221;#ffffff&#8221;][vc_column width=&#8221;1\/3&#8243;][vc_row_inner row_type=&#8221;row&#8221; use_as_box=&#8221;use_row_as_box&#8221; type=&#8221;full_width&#8221; text_align=&#8221;left&#8221; padding=&#8221;10&#8243;][vc_column_inner width=&#8221;1\/1&#8243;][vc_single_image image=&#8221;16389&#8243; alignment=&#8221;center&#8221; border_color=&#8221;grey&#8221; img_link_target=&#8221;_self&#8221; img_size=&#8221;large&#8221;][vc_separator type=&#8221;transparent&#8221; position=&#8221;center&#8221; up=&#8221;25&#8243; down=&#8221;0&#8243;][vc_column_text] Informaci\u00f3...","og_url":"https:\/\/www.lucmarfincas.es\/ca\/avantatges\/","og_site_name":"LUCMAR","article_modified_time":"2015-04-03T08:35:34+00:00","twitter_card":"summary_large_image","twitter_misc":{"Temps estimat de lectura":"4 minuts"},"schema":{"@context":"https:\/\/schema.org","@graph":[{"@type":"WebPage","@id":"https:\/\/www.lucmarfincas.es\/ca\/avantatges\/","url":"https:\/\/www.lucmarfincas.es\/ca\/avantatges\/","name":"Avantatges - LUCMAR","isPartOf":{"@id":"https:\/\/www.lucmarfincas.es\/ca\/#website"},"datePublished":"2015-02-04T11:17:41+00:00","dateModified":"2015-04-03T08:35:34+00:00","breadcrumb":{"@id":"https:\/\/www.lucmarfincas.es\/ca\/avantatges\/#breadcrumb"},"inLanguage":"ca","potentialAction":[{"@type":"ReadAction","target":["https:\/\/www.lucmarfincas.es\/ca\/avantatges\/"]}]},{"@type":"BreadcrumbList","@id":"https:\/\/www.lucmarfincas.es\/ca\/avantatges\/#breadcrumb","itemListElement":[{"@type":"ListItem","position":1,"name":"Inici","item":"https:\/\/www.lucmarfincas.es\/ca\/"},{"@type":"ListItem","position":2,"name":"Avantatges"}]},{"@type":"WebSite","@id":"https:\/\/www.lucmarfincas.es\/ca\/#website","url":"https:\/\/www.lucmarfincas.es\/ca\/","name":"LUCMAR","description":"LUCMAR respon: 930 237 496 \/ 609 578 903","potentialAction":[{"@type":"SearchAction","target":{"@type":"EntryPoint","urlTemplate":"https:\/\/www.lucmarfincas.es\/ca\/?s={search_term_string}"},"query-input":"required name=search_term_string"}],"inLanguage":"ca"}]}},"_links":{"self":[{"href":"https:\/\/www.lucmarfincas.es\/ca\/wp-json\/wp\/v2\/pages\/16187"}],"collection":[{"href":"https:\/\/www.lucmarfincas.es\/ca\/wp-json\/wp\/v2\/pages"}],"about":[{"href":"https:\/\/www.lucmarfincas.es\/ca\/wp-json\/wp\/v2\/types\/page"}],"author":[{"embeddable":true,"href":"https:\/\/www.lucmarfincas.es\/ca\/wp-json\/wp\/v2\/users\/1"}],"replies":[{"embeddable":true,"href":"https:\/\/www.lucmarfincas.es\/ca\/wp-json\/wp\/v2\/comments?post=16187"}],"version-history":[{"count":16,"href":"https:\/\/www.lucmarfincas.es\/ca\/wp-json\/wp\/v2\/pages\/16187\/revisions"}],"predecessor-version":[{"id":16538,"href":"https:\/\/www.lucmarfincas.es\/ca\/wp-json\/wp\/v2\/pages\/16187\/revisions\/16538"}],"wp:attachment":[{"href":"https:\/\/www.lucmarfincas.es\/ca\/wp-json\/wp\/v2\/media?parent=16187"}],"curies":[{"name":"wp","href":"https:\/\/api.w.org\/{rel}","templated":true}]}}