{"id":16239,"date":"2015-03-25T16:10:44","date_gmt":"2015-03-25T16:10:44","guid":{"rendered":"http:\/\/www.lucmarfincas.es\/?page_id=16239"},"modified":"2015-04-23T09:42:51","modified_gmt":"2015-04-23T09:42:51","slug":"reduccio-de-la-morositat","status":"publish","type":"page","link":"https:\/\/www.lucmarfincas.es\/ca\/serveis\/reduccio-de-la-morositat\/","title":{"rendered":"Reducci\u00f3 de la morositat"},"content":{"rendered":"<p>[vc_row row_type=&#8221;row&#8221; type=&#8221;full_width&#8221; text_align=&#8221;left&#8221; padding_top=&#8221;0&#8243; background_color=&#8221;#ffffff&#8221; padding_bottom=&#8221;95&#8243; use_row_as_full_screen_section=&#8221;no&#8221; background_image_as_pattern=&#8221;without_pattern&#8221;][vc_column width=&#8221;1\/1&#8243;][vc_single_image image=&#8221;16524&#8243; alignment=&#8221;center&#8221; border_color=&#8221;grey&#8221; img_link_target=&#8221;_self&#8221; img_size=&#8221;full&#8221;][vc_separator type=&#8221;transparent&#8221; position=&#8221;center&#8221; thickness=&#8221;40&#8243;][vc_column_text]Des de la nostra Administraci\u00f3 de Finques, seguim un protocol molt exhaustiu per aconseguir, en un per\u00edode curt de temps, que la seva Comunitat redueixi dr\u00e0sticament el percentatge de morositat fent servir el correu electr\u00f2nic, trucades telef\u00f2niques, missatgeria r\u00e0pida, cartes i burofax.<\/p>\n<p>Intentem sempre mediar per una soluci\u00f3 r\u00e0pida i beneficiosa per tots els implicats.<\/p>\n<p>Entenem que aquest\u00a0 problema pot tenir conseq\u00fc\u00e8ncies negatives per la seva Comunitat, per aix\u00f2 li proporcionem el nostre equip jur\u00eddic que li assessorar\u00e0 en la gesti\u00f3 dels impagats de la seva Comunitat.[\/vc_column_text][\/vc_column][\/vc_row]<\/p>\n","protected":false},"excerpt":{"rendered":"<p>[vc_row row_type=&#8221;row&#8221; type=&#8221;full_width&#8221; text_align=&#8221;left&#8221; padding_top=&#8221;0&#8243; background_color=&#8221;#ffffff&#8221; padding_bottom=&#8221;95&#8243; use_row_as_full_screen_section=&#8221;no&#8221; background_image_as_pattern=&#8221;without_pattern&#8221;][vc_column width=&#8221;1\/1&#8243;][vc_single_image image=&#8221;16524&#8243; alignment=&#8221;center&#8221; border_color=&#8221;grey&#8221; img_link_target=&#8221;_self&#8221; img_size=&#8221;full&#8221;][vc_separator type=&#8221;transparent&#8221; position=&#8221;center&#8221; thickness=&#8221;40&#8243;][vc_column_text]Des de la nostra Administraci\u00f3 de Finques, seguim un protocol molt exhaustiu per aconseguir, en un per\u00edode curt de temps, que la seva Comunitat redueixi dr\u00e0sticament el percentatge&#8230;<\/p>\n","protected":false},"author":1,"featured_media":0,"parent":16189,"menu_order":4,"comment_status":"closed","ping_status":"closed","template":"","meta":{"footnotes":""},"yoast_head":"<!-- This site is optimized with the Yoast SEO plugin v22.6 - https:\/\/yoast.com\/wordpress\/plugins\/seo\/ -->\n<title>Reducci\u00f3 de la morositat - LUCMAR<\/title>\n<meta name=\"robots\" content=\"index, follow, max-snippet:-1, max-image-preview:large, max-video-preview:-1\" \/>\n<link rel=\"canonical\" href=\"https:\/\/www.lucmarfincas.es\/ca\/serveis\/reduccio-de-la-morositat\/\" \/>\n<meta property=\"og:locale\" content=\"ca_ES\" \/>\n<meta property=\"og:type\" content=\"article\" \/>\n<meta property=\"og:title\" content=\"Reducci\u00f3 de la morositat - LUCMAR\" \/>\n<meta property=\"og:description\" content=\"[vc_row row_type=&#8221;row&#8221; type=&#8221;full_width&#8221; text_align=&#8221;left&#8221; padding_top=&#8221;0&#8243; background_color=&#8221;#ffffff&#8221; padding_bottom=&#8221;95&#8243; use_row_as_full_screen_section=&#8221;no&#8221; background_image_as_pattern=&#8221;without_pattern&#8221;][vc_column width=&#8221;1\/1&#8243;][vc_single_image image=&#8221;16524&#8243; alignment=&#8221;center&#8221; border_color=&#8221;grey&#8221; img_link_target=&#8221;_self&#8221; img_size=&#8221;full&#8221;][vc_separator type=&#8221;transparent&#8221; position=&#8221;center&#8221; thickness=&#8221;40&#8243;][vc_column_text]Des de la nostra Administraci\u00f3 de Finques, seguim un protocol molt exhaustiu per aconseguir, en un per\u00edode curt de temps, que la seva Comunitat redueixi dr\u00e0sticament el percentatge...\" \/>\n<meta property=\"og:url\" content=\"https:\/\/www.lucmarfincas.es\/ca\/serveis\/reduccio-de-la-morositat\/\" \/>\n<meta property=\"og:site_name\" content=\"LUCMAR\" \/>\n<meta property=\"article:modified_time\" content=\"2015-04-23T09:42:51+00:00\" \/>\n<meta name=\"twitter:card\" content=\"summary_large_image\" \/>\n<meta name=\"twitter:label1\" content=\"Temps estimat de lectura\" \/>\n\t<meta name=\"twitter:data1\" content=\"1 minut\" \/>\n<script type=\"application\/ld+json\" class=\"yoast-schema-graph\">{\"@context\":\"https:\/\/schema.org\",\"@graph\":[{\"@type\":\"WebPage\",\"@id\":\"https:\/\/www.lucmarfincas.es\/ca\/serveis\/reduccio-de-la-morositat\/\",\"url\":\"https:\/\/www.lucmarfincas.es\/ca\/serveis\/reduccio-de-la-morositat\/\",\"name\":\"Reducci\u00f3 de la morositat - LUCMAR\",\"isPartOf\":{\"@id\":\"https:\/\/www.lucmarfincas.es\/ca\/#website\"},\"datePublished\":\"2015-03-25T16:10:44+00:00\",\"dateModified\":\"2015-04-23T09:42:51+00:00\",\"breadcrumb\":{\"@id\":\"https:\/\/www.lucmarfincas.es\/ca\/serveis\/reduccio-de-la-morositat\/#breadcrumb\"},\"inLanguage\":\"ca\",\"potentialAction\":[{\"@type\":\"ReadAction\",\"target\":[\"https:\/\/www.lucmarfincas.es\/ca\/serveis\/reduccio-de-la-morositat\/\"]}]},{\"@type\":\"BreadcrumbList\",\"@id\":\"https:\/\/www.lucmarfincas.es\/ca\/serveis\/reduccio-de-la-morositat\/#breadcrumb\",\"itemListElement\":[{\"@type\":\"ListItem\",\"position\":1,\"name\":\"Inici\",\"item\":\"https:\/\/www.lucmarfincas.es\/ca\/\"},{\"@type\":\"ListItem\",\"position\":2,\"name\":\"Serveis\",\"item\":\"https:\/\/www.lucmarfincas.es\/ca\/serveis\/\"},{\"@type\":\"ListItem\",\"position\":3,\"name\":\"Reducci\u00f3 de la morositat\"}]},{\"@type\":\"WebSite\",\"@id\":\"https:\/\/www.lucmarfincas.es\/ca\/#website\",\"url\":\"https:\/\/www.lucmarfincas.es\/ca\/\",\"name\":\"LUCMAR\",\"description\":\"LUCMAR respon: 930 237 496 \/ 609 578 903\",\"potentialAction\":[{\"@type\":\"SearchAction\",\"target\":{\"@type\":\"EntryPoint\",\"urlTemplate\":\"https:\/\/www.lucmarfincas.es\/ca\/?s={search_term_string}\"},\"query-input\":\"required name=search_term_string\"}],\"inLanguage\":\"ca\"}]}<\/script>\n<!-- \/ Yoast SEO plugin. -->","yoast_head_json":{"title":"Reducci\u00f3 de la morositat - LUCMAR","robots":{"index":"index","follow":"follow","max-snippet":"max-snippet:-1","max-image-preview":"max-image-preview:large","max-video-preview":"max-video-preview:-1"},"canonical":"https:\/\/www.lucmarfincas.es\/ca\/serveis\/reduccio-de-la-morositat\/","og_locale":"ca_ES","og_type":"article","og_title":"Reducci\u00f3 de la morositat - LUCMAR","og_description":"[vc_row row_type=&#8221;row&#8221; type=&#8221;full_width&#8221; text_align=&#8221;left&#8221; padding_top=&#8221;0&#8243; background_color=&#8221;#ffffff&#8221; padding_bottom=&#8221;95&#8243; use_row_as_full_screen_section=&#8221;no&#8221; background_image_as_pattern=&#8221;without_pattern&#8221;][vc_column width=&#8221;1\/1&#8243;][vc_single_image image=&#8221;16524&#8243; alignment=&#8221;center&#8221; border_color=&#8221;grey&#8221; img_link_target=&#8221;_self&#8221; img_size=&#8221;full&#8221;][vc_separator type=&#8221;transparent&#8221; position=&#8221;center&#8221; thickness=&#8221;40&#8243;][vc_column_text]Des de la nostra Administraci\u00f3 de Finques, seguim un protocol molt exhaustiu per aconseguir, en un per\u00edode curt de temps, que la seva Comunitat redueixi dr\u00e0sticament el percentatge...","og_url":"https:\/\/www.lucmarfincas.es\/ca\/serveis\/reduccio-de-la-morositat\/","og_site_name":"LUCMAR","article_modified_time":"2015-04-23T09:42:51+00:00","twitter_card":"summary_large_image","twitter_misc":{"Temps estimat de lectura":"1 minut"},"schema":{"@context":"https:\/\/schema.org","@graph":[{"@type":"WebPage","@id":"https:\/\/www.lucmarfincas.es\/ca\/serveis\/reduccio-de-la-morositat\/","url":"https:\/\/www.lucmarfincas.es\/ca\/serveis\/reduccio-de-la-morositat\/","name":"Reducci\u00f3 de la morositat - LUCMAR","isPartOf":{"@id":"https:\/\/www.lucmarfincas.es\/ca\/#website"},"datePublished":"2015-03-25T16:10:44+00:00","dateModified":"2015-04-23T09:42:51+00:00","breadcrumb":{"@id":"https:\/\/www.lucmarfincas.es\/ca\/serveis\/reduccio-de-la-morositat\/#breadcrumb"},"inLanguage":"ca","potentialAction":[{"@type":"ReadAction","target":["https:\/\/www.lucmarfincas.es\/ca\/serveis\/reduccio-de-la-morositat\/"]}]},{"@type":"BreadcrumbList","@id":"https:\/\/www.lucmarfincas.es\/ca\/serveis\/reduccio-de-la-morositat\/#breadcrumb","itemListElement":[{"@type":"ListItem","position":1,"name":"Inici","item":"https:\/\/www.lucmarfincas.es\/ca\/"},{"@type":"ListItem","position":2,"name":"Serveis","item":"https:\/\/www.lucmarfincas.es\/ca\/serveis\/"},{"@type":"ListItem","position":3,"name":"Reducci\u00f3 de la morositat"}]},{"@type":"WebSite","@id":"https:\/\/www.lucmarfincas.es\/ca\/#website","url":"https:\/\/www.lucmarfincas.es\/ca\/","name":"LUCMAR","description":"LUCMAR respon: 930 237 496 \/ 609 578 903","potentialAction":[{"@type":"SearchAction","target":{"@type":"EntryPoint","urlTemplate":"https:\/\/www.lucmarfincas.es\/ca\/?s={search_term_string}"},"query-input":"required name=search_term_string"}],"inLanguage":"ca"}]}},"_links":{"self":[{"href":"https:\/\/www.lucmarfincas.es\/ca\/wp-json\/wp\/v2\/pages\/16239"}],"collection":[{"href":"https:\/\/www.lucmarfincas.es\/ca\/wp-json\/wp\/v2\/pages"}],"about":[{"href":"https:\/\/www.lucmarfincas.es\/ca\/wp-json\/wp\/v2\/types\/page"}],"author":[{"embeddable":true,"href":"https:\/\/www.lucmarfincas.es\/ca\/wp-json\/wp\/v2\/users\/1"}],"replies":[{"embeddable":true,"href":"https:\/\/www.lucmarfincas.es\/ca\/wp-json\/wp\/v2\/comments?post=16239"}],"version-history":[{"count":5,"href":"https:\/\/www.lucmarfincas.es\/ca\/wp-json\/wp\/v2\/pages\/16239\/revisions"}],"predecessor-version":[{"id":16570,"href":"https:\/\/www.lucmarfincas.es\/ca\/wp-json\/wp\/v2\/pages\/16239\/revisions\/16570"}],"up":[{"embeddable":true,"href":"https:\/\/www.lucmarfincas.es\/ca\/wp-json\/wp\/v2\/pages\/16189"}],"wp:attachment":[{"href":"https:\/\/www.lucmarfincas.es\/ca\/wp-json\/wp\/v2\/media?parent=16239"}],"curies":[{"name":"wp","href":"https:\/\/api.w.org\/{rel}","templated":true}]}}