{"id":16241,"date":"2015-03-25T16:11:12","date_gmt":"2015-03-25T16:11:12","guid":{"rendered":"http:\/\/www.lucmarfincas.es\/?page_id=16241"},"modified":"2015-04-23T09:43:28","modified_gmt":"2015-04-23T09:43:28","slug":"noves-tecnologies","status":"publish","type":"page","link":"https:\/\/www.lucmarfincas.es\/ca\/serveis\/noves-tecnologies\/","title":{"rendered":"Noves Tecnologies"},"content":{"rendered":"<p>[vc_row row_type=&#8221;row&#8221; type=&#8221;full_width&#8221; text_align=&#8221;left&#8221; padding_top=&#8221;0&#8243; background_color=&#8221;#ffffff&#8221; padding_bottom=&#8221;95&#8243; use_row_as_full_screen_section=&#8221;no&#8221; background_image_as_pattern=&#8221;without_pattern&#8221;][vc_column width=&#8221;1\/1&#8243;][vc_single_image image=&#8221;16445&#8243; alignment=&#8221;center&#8221; border_color=&#8221;grey&#8221; img_link_target=&#8221;_self&#8221; img_size=&#8221;medium&#8221;][vc_separator type=&#8221;transparent&#8221; position=&#8221;center&#8221; thickness=&#8221;40&#8243;][vc_column_text]Des de LUCMAR\u00a0 creiem que \u00e9s imprescindible l\u2019agilitzaci\u00f3 dels tr\u00e0mits de la Comunitat per aix\u00f2 li oferim el nostre DESPATX 24 H. Aprofitem les noves plataformes tecnol\u00f2giques perqu\u00e8 vost\u00e8 pugui estar informat en tot moment d\u2019all\u00f2 que est\u00e0 passant al seu edifici.<\/p>\n<p>Accedint al portal WEB de la Comunitat podr\u00e0:<\/p>\n<ul>\n<li>Modificar el seu n\u00famero de compte bancari<\/li>\n<li>Informar d\u2019una avaria o sinistre<\/li>\n<li>Veure les actes de la Comunitat<\/li>\n<li>Accedir a tots els arxius digitalitzats (escriptures, planells, normativa de r\u00e8gim intern)<\/li>\n<li>Taulell d\u2019anuncis<\/li>\n<li>Suport comptable<\/li>\n<\/ul>\n<p>Igualment apostem per la utilitzaci\u00f3 de nous recursos com el correu electr\u00f2nic, SMS i missatgeria r\u00e0pida per informar-li d\u2019all\u00f2 m\u00e9s important que passa a la seva propietat.<\/p>\n<p>Tot aix\u00f2 complint i seguint els protocols marcats per la LOPD (llei org\u00e0nica de protecci\u00f3 de dades), garantitzant la seva seguretat al disposar de claus personalitzades per a cada propietari.[\/vc_column_text][\/vc_column][\/vc_row]<\/p>\n","protected":false},"excerpt":{"rendered":"<p>[vc_row row_type=&#8221;row&#8221; type=&#8221;full_width&#8221; text_align=&#8221;left&#8221; padding_top=&#8221;0&#8243; background_color=&#8221;#ffffff&#8221; padding_bottom=&#8221;95&#8243; use_row_as_full_screen_section=&#8221;no&#8221; background_image_as_pattern=&#8221;without_pattern&#8221;][vc_column width=&#8221;1\/1&#8243;][vc_single_image image=&#8221;16445&#8243; alignment=&#8221;center&#8221; border_color=&#8221;grey&#8221; img_link_target=&#8221;_self&#8221; img_size=&#8221;medium&#8221;][vc_separator type=&#8221;transparent&#8221; position=&#8221;center&#8221; thickness=&#8221;40&#8243;][vc_column_text]Des de LUCMAR\u00a0 creiem que \u00e9s imprescindible l\u2019agilitzaci\u00f3 dels tr\u00e0mits de la Comunitat per aix\u00f2 li oferim el nostre DESPATX 24 H. Aprofitem les noves plataformes tecnol\u00f2giques perqu\u00e8&#8230;<\/p>\n","protected":false},"author":1,"featured_media":0,"parent":16189,"menu_order":5,"comment_status":"closed","ping_status":"closed","template":"","meta":{"footnotes":""},"yoast_head":"<!-- This site is optimized with the Yoast SEO plugin v22.6 - https:\/\/yoast.com\/wordpress\/plugins\/seo\/ -->\n<title>Noves Tecnologies - LUCMAR<\/title>\n<meta name=\"robots\" content=\"index, follow, max-snippet:-1, max-image-preview:large, max-video-preview:-1\" \/>\n<link rel=\"canonical\" href=\"https:\/\/www.lucmarfincas.es\/ca\/serveis\/noves-tecnologies\/\" \/>\n<meta property=\"og:locale\" content=\"ca_ES\" \/>\n<meta property=\"og:type\" content=\"article\" \/>\n<meta property=\"og:title\" content=\"Noves Tecnologies - LUCMAR\" \/>\n<meta property=\"og:description\" content=\"[vc_row row_type=&#8221;row&#8221; type=&#8221;full_width&#8221; text_align=&#8221;left&#8221; padding_top=&#8221;0&#8243; background_color=&#8221;#ffffff&#8221; padding_bottom=&#8221;95&#8243; use_row_as_full_screen_section=&#8221;no&#8221; background_image_as_pattern=&#8221;without_pattern&#8221;][vc_column width=&#8221;1\/1&#8243;][vc_single_image image=&#8221;16445&#8243; alignment=&#8221;center&#8221; border_color=&#8221;grey&#8221; img_link_target=&#8221;_self&#8221; img_size=&#8221;medium&#8221;][vc_separator type=&#8221;transparent&#8221; position=&#8221;center&#8221; thickness=&#8221;40&#8243;][vc_column_text]Des de LUCMAR\u00a0 creiem que \u00e9s imprescindible l\u2019agilitzaci\u00f3 dels tr\u00e0mits de la Comunitat per aix\u00f2 li oferim el nostre DESPATX 24 H. Aprofitem les noves plataformes tecnol\u00f2giques perqu\u00e8...\" \/>\n<meta property=\"og:url\" content=\"https:\/\/www.lucmarfincas.es\/ca\/serveis\/noves-tecnologies\/\" \/>\n<meta property=\"og:site_name\" content=\"LUCMAR\" \/>\n<meta property=\"article:modified_time\" content=\"2015-04-23T09:43:28+00:00\" \/>\n<meta name=\"twitter:card\" content=\"summary_large_image\" \/>\n<meta name=\"twitter:label1\" content=\"Temps estimat de lectura\" \/>\n\t<meta name=\"twitter:data1\" content=\"1 minut\" \/>\n<script type=\"application\/ld+json\" class=\"yoast-schema-graph\">{\"@context\":\"https:\/\/schema.org\",\"@graph\":[{\"@type\":\"WebPage\",\"@id\":\"https:\/\/www.lucmarfincas.es\/ca\/serveis\/noves-tecnologies\/\",\"url\":\"https:\/\/www.lucmarfincas.es\/ca\/serveis\/noves-tecnologies\/\",\"name\":\"Noves Tecnologies - LUCMAR\",\"isPartOf\":{\"@id\":\"https:\/\/www.lucmarfincas.es\/ca\/#website\"},\"datePublished\":\"2015-03-25T16:11:12+00:00\",\"dateModified\":\"2015-04-23T09:43:28+00:00\",\"breadcrumb\":{\"@id\":\"https:\/\/www.lucmarfincas.es\/ca\/serveis\/noves-tecnologies\/#breadcrumb\"},\"inLanguage\":\"ca\",\"potentialAction\":[{\"@type\":\"ReadAction\",\"target\":[\"https:\/\/www.lucmarfincas.es\/ca\/serveis\/noves-tecnologies\/\"]}]},{\"@type\":\"BreadcrumbList\",\"@id\":\"https:\/\/www.lucmarfincas.es\/ca\/serveis\/noves-tecnologies\/#breadcrumb\",\"itemListElement\":[{\"@type\":\"ListItem\",\"position\":1,\"name\":\"Inici\",\"item\":\"https:\/\/www.lucmarfincas.es\/ca\/\"},{\"@type\":\"ListItem\",\"position\":2,\"name\":\"Serveis\",\"item\":\"https:\/\/www.lucmarfincas.es\/ca\/serveis\/\"},{\"@type\":\"ListItem\",\"position\":3,\"name\":\"Noves Tecnologies\"}]},{\"@type\":\"WebSite\",\"@id\":\"https:\/\/www.lucmarfincas.es\/ca\/#website\",\"url\":\"https:\/\/www.lucmarfincas.es\/ca\/\",\"name\":\"LUCMAR\",\"description\":\"LUCMAR respon: 930 237 496 \/ 609 578 903\",\"potentialAction\":[{\"@type\":\"SearchAction\",\"target\":{\"@type\":\"EntryPoint\",\"urlTemplate\":\"https:\/\/www.lucmarfincas.es\/ca\/?s={search_term_string}\"},\"query-input\":\"required name=search_term_string\"}],\"inLanguage\":\"ca\"}]}<\/script>\n<!-- \/ Yoast SEO plugin. -->","yoast_head_json":{"title":"Noves Tecnologies - LUCMAR","robots":{"index":"index","follow":"follow","max-snippet":"max-snippet:-1","max-image-preview":"max-image-preview:large","max-video-preview":"max-video-preview:-1"},"canonical":"https:\/\/www.lucmarfincas.es\/ca\/serveis\/noves-tecnologies\/","og_locale":"ca_ES","og_type":"article","og_title":"Noves Tecnologies - LUCMAR","og_description":"[vc_row row_type=&#8221;row&#8221; type=&#8221;full_width&#8221; text_align=&#8221;left&#8221; padding_top=&#8221;0&#8243; background_color=&#8221;#ffffff&#8221; padding_bottom=&#8221;95&#8243; use_row_as_full_screen_section=&#8221;no&#8221; background_image_as_pattern=&#8221;without_pattern&#8221;][vc_column width=&#8221;1\/1&#8243;][vc_single_image image=&#8221;16445&#8243; alignment=&#8221;center&#8221; border_color=&#8221;grey&#8221; img_link_target=&#8221;_self&#8221; img_size=&#8221;medium&#8221;][vc_separator type=&#8221;transparent&#8221; position=&#8221;center&#8221; thickness=&#8221;40&#8243;][vc_column_text]Des de LUCMAR\u00a0 creiem que \u00e9s imprescindible l\u2019agilitzaci\u00f3 dels tr\u00e0mits de la Comunitat per aix\u00f2 li oferim el nostre DESPATX 24 H. Aprofitem les noves plataformes tecnol\u00f2giques perqu\u00e8...","og_url":"https:\/\/www.lucmarfincas.es\/ca\/serveis\/noves-tecnologies\/","og_site_name":"LUCMAR","article_modified_time":"2015-04-23T09:43:28+00:00","twitter_card":"summary_large_image","twitter_misc":{"Temps estimat de lectura":"1 minut"},"schema":{"@context":"https:\/\/schema.org","@graph":[{"@type":"WebPage","@id":"https:\/\/www.lucmarfincas.es\/ca\/serveis\/noves-tecnologies\/","url":"https:\/\/www.lucmarfincas.es\/ca\/serveis\/noves-tecnologies\/","name":"Noves Tecnologies - LUCMAR","isPartOf":{"@id":"https:\/\/www.lucmarfincas.es\/ca\/#website"},"datePublished":"2015-03-25T16:11:12+00:00","dateModified":"2015-04-23T09:43:28+00:00","breadcrumb":{"@id":"https:\/\/www.lucmarfincas.es\/ca\/serveis\/noves-tecnologies\/#breadcrumb"},"inLanguage":"ca","potentialAction":[{"@type":"ReadAction","target":["https:\/\/www.lucmarfincas.es\/ca\/serveis\/noves-tecnologies\/"]}]},{"@type":"BreadcrumbList","@id":"https:\/\/www.lucmarfincas.es\/ca\/serveis\/noves-tecnologies\/#breadcrumb","itemListElement":[{"@type":"ListItem","position":1,"name":"Inici","item":"https:\/\/www.lucmarfincas.es\/ca\/"},{"@type":"ListItem","position":2,"name":"Serveis","item":"https:\/\/www.lucmarfincas.es\/ca\/serveis\/"},{"@type":"ListItem","position":3,"name":"Noves Tecnologies"}]},{"@type":"WebSite","@id":"https:\/\/www.lucmarfincas.es\/ca\/#website","url":"https:\/\/www.lucmarfincas.es\/ca\/","name":"LUCMAR","description":"LUCMAR respon: 930 237 496 \/ 609 578 903","potentialAction":[{"@type":"SearchAction","target":{"@type":"EntryPoint","urlTemplate":"https:\/\/www.lucmarfincas.es\/ca\/?s={search_term_string}"},"query-input":"required name=search_term_string"}],"inLanguage":"ca"}]}},"_links":{"self":[{"href":"https:\/\/www.lucmarfincas.es\/ca\/wp-json\/wp\/v2\/pages\/16241"}],"collection":[{"href":"https:\/\/www.lucmarfincas.es\/ca\/wp-json\/wp\/v2\/pages"}],"about":[{"href":"https:\/\/www.lucmarfincas.es\/ca\/wp-json\/wp\/v2\/types\/page"}],"author":[{"embeddable":true,"href":"https:\/\/www.lucmarfincas.es\/ca\/wp-json\/wp\/v2\/users\/1"}],"replies":[{"embeddable":true,"href":"https:\/\/www.lucmarfincas.es\/ca\/wp-json\/wp\/v2\/comments?post=16241"}],"version-history":[{"count":5,"href":"https:\/\/www.lucmarfincas.es\/ca\/wp-json\/wp\/v2\/pages\/16241\/revisions"}],"predecessor-version":[{"id":16571,"href":"https:\/\/www.lucmarfincas.es\/ca\/wp-json\/wp\/v2\/pages\/16241\/revisions\/16571"}],"up":[{"embeddable":true,"href":"https:\/\/www.lucmarfincas.es\/ca\/wp-json\/wp\/v2\/pages\/16189"}],"wp:attachment":[{"href":"https:\/\/www.lucmarfincas.es\/ca\/wp-json\/wp\/v2\/media?parent=16241"}],"curies":[{"name":"wp","href":"https:\/\/api.w.org\/{rel}","templated":true}]}}