{"id":16243,"date":"2015-03-25T16:11:37","date_gmt":"2015-03-25T16:11:37","guid":{"rendered":"http:\/\/www.lucmarfincas.es\/?page_id=16243"},"modified":"2015-04-23T09:43:57","modified_gmt":"2015-04-23T09:43:57","slug":"administracio","status":"publish","type":"page","link":"https:\/\/www.lucmarfincas.es\/ca\/serveis\/administracio\/","title":{"rendered":"Administraci\u00f3"},"content":{"rendered":"<p>[vc_row row_type=&#8221;row&#8221; type=&#8221;full_width&#8221; text_align=&#8221;left&#8221; padding_top=&#8221;0&#8243; background_color=&#8221;#ffffff&#8221; padding_bottom=&#8221;95&#8243; use_row_as_full_screen_section=&#8221;no&#8221; background_image_as_pattern=&#8221;without_pattern&#8221;][vc_column width=&#8221;1\/1&#8243;][vc_single_image image=&#8221;16525&#8243; alignment=&#8221;center&#8221; border_color=&#8221;grey&#8221; img_link_target=&#8221;_self&#8221; img_size=&#8221;full&#8221;][vc_separator type=&#8221;transparent&#8221; position=&#8221;center&#8221; thickness=&#8221;40&#8243;][vc_column_text]A <b>LUCMAR <\/b>, li oferim un servei integral per la seva Comunitat perqu\u00e8 vost\u00e8 es pugui despreocupar de tasques llargues i complicades. La nostra vocaci\u00f3 de servei li deixar\u00e0 m\u00e9s temps per vost\u00e8.<\/p>\n<p>En la nostra gesti\u00f3 com a <b>Administradors de finques<\/b> ens ocupem de tot all\u00f2 relacionat amb la mateixa. Aix\u00ed vost\u00e8 podr\u00e0 gaudir dels seg\u00fcents serveis:<\/p>\n<ul>\n<li>Cust\u00f2dia de documentaci\u00f3 i llibres de la Comunitat i adaptaci\u00f3 a les noves tecnologies.<\/li>\n<li>Facturaci\u00f3 de quotes\u00a0 i generaci\u00f3 de rebuts.<\/li>\n<li>Comptabilitat di\u00e0ria i revisi\u00f3 banc\u00e0ria setmanal.<\/li>\n<li>Resums trimestrals de l\u2019estat econ\u00f2mic.<\/li>\n<li>Confecci\u00f3 i enviament de les Convocat\u00f2ries\u00a0 per les Juntes de propietaris.<\/li>\n<li>Assist\u00e8ncia a la Junta General (ordin\u00e0ria i\/ o extraordin\u00e0ria).<\/li>\n<li>Redacci\u00f3 de l\u2019Acta de la Junta.<\/li>\n<li>Redacci\u00f3 de certificats d\u2019acords i certificats de deute.<\/li>\n<li>Reclamaci\u00f3 d\u2019impagats i rebuts tornats.<\/li>\n<li>Actualitzaci\u00f3 de la base de dades del nostre despatx 24H.<\/li>\n<li>Seguiment de sinistres amb contacte constant amb les asseguradores.<\/li>\n<li>Compliment de la comunitat amb la Llei de Protecci\u00f3 de Dades.<\/li>\n<li>Contractaci\u00f3 de serveis segons les indicacions acordades<\/li>\n<li>Representaci\u00f3 de la Comunitat davant de l\u2019Administraci\u00f3.<\/li>\n<li>Visites peri\u00f2diques\u00a0 a les finques.<\/li>\n<li>Recolzament tecnol\u00f2gic en les reunions de la Junta.<\/li>\n<\/ul>\n<p>[\/vc_column_text][\/vc_column][\/vc_row]<\/p>\n","protected":false},"excerpt":{"rendered":"<p>[vc_row row_type=&#8221;row&#8221; type=&#8221;full_width&#8221; text_align=&#8221;left&#8221; padding_top=&#8221;0&#8243; background_color=&#8221;#ffffff&#8221; padding_bottom=&#8221;95&#8243; use_row_as_full_screen_section=&#8221;no&#8221; background_image_as_pattern=&#8221;without_pattern&#8221;][vc_column width=&#8221;1\/1&#8243;][vc_single_image image=&#8221;16525&#8243; alignment=&#8221;center&#8221; border_color=&#8221;grey&#8221; img_link_target=&#8221;_self&#8221; img_size=&#8221;full&#8221;][vc_separator type=&#8221;transparent&#8221; position=&#8221;center&#8221; thickness=&#8221;40&#8243;][vc_column_text]A LUCMAR , li oferim un servei integral per la seva Comunitat perqu\u00e8 vost\u00e8 es pugui despreocupar de tasques llargues i complicades. La nostra vocaci\u00f3 de servei li&#8230;<\/p>\n","protected":false},"author":1,"featured_media":0,"parent":16189,"menu_order":6,"comment_status":"closed","ping_status":"closed","template":"","meta":{"footnotes":""},"yoast_head":"<!-- This site is optimized with the Yoast SEO plugin v22.6 - https:\/\/yoast.com\/wordpress\/plugins\/seo\/ -->\n<title>Administraci\u00f3 - LUCMAR<\/title>\n<meta name=\"robots\" content=\"index, follow, max-snippet:-1, max-image-preview:large, max-video-preview:-1\" \/>\n<link rel=\"canonical\" href=\"https:\/\/www.lucmarfincas.es\/ca\/serveis\/administracio\/\" \/>\n<meta property=\"og:locale\" content=\"ca_ES\" \/>\n<meta property=\"og:type\" content=\"article\" \/>\n<meta property=\"og:title\" content=\"Administraci\u00f3 - LUCMAR\" \/>\n<meta property=\"og:description\" content=\"[vc_row row_type=&#8221;row&#8221; type=&#8221;full_width&#8221; text_align=&#8221;left&#8221; padding_top=&#8221;0&#8243; background_color=&#8221;#ffffff&#8221; padding_bottom=&#8221;95&#8243; use_row_as_full_screen_section=&#8221;no&#8221; background_image_as_pattern=&#8221;without_pattern&#8221;][vc_column width=&#8221;1\/1&#8243;][vc_single_image image=&#8221;16525&#8243; alignment=&#8221;center&#8221; border_color=&#8221;grey&#8221; img_link_target=&#8221;_self&#8221; img_size=&#8221;full&#8221;][vc_separator type=&#8221;transparent&#8221; position=&#8221;center&#8221; thickness=&#8221;40&#8243;][vc_column_text]A LUCMAR , li oferim un servei integral per la seva Comunitat perqu\u00e8 vost\u00e8 es pugui despreocupar de tasques llargues i complicades. La nostra vocaci\u00f3 de servei li...\" \/>\n<meta property=\"og:url\" content=\"https:\/\/www.lucmarfincas.es\/ca\/serveis\/administracio\/\" \/>\n<meta property=\"og:site_name\" content=\"LUCMAR\" \/>\n<meta property=\"article:modified_time\" content=\"2015-04-23T09:43:57+00:00\" \/>\n<meta name=\"twitter:card\" content=\"summary_large_image\" \/>\n<meta name=\"twitter:label1\" content=\"Temps estimat de lectura\" \/>\n\t<meta name=\"twitter:data1\" content=\"1 minut\" \/>\n<script type=\"application\/ld+json\" class=\"yoast-schema-graph\">{\"@context\":\"https:\/\/schema.org\",\"@graph\":[{\"@type\":\"WebPage\",\"@id\":\"https:\/\/www.lucmarfincas.es\/ca\/serveis\/administracio\/\",\"url\":\"https:\/\/www.lucmarfincas.es\/ca\/serveis\/administracio\/\",\"name\":\"Administraci\u00f3 - LUCMAR\",\"isPartOf\":{\"@id\":\"https:\/\/www.lucmarfincas.es\/ca\/#website\"},\"datePublished\":\"2015-03-25T16:11:37+00:00\",\"dateModified\":\"2015-04-23T09:43:57+00:00\",\"breadcrumb\":{\"@id\":\"https:\/\/www.lucmarfincas.es\/ca\/serveis\/administracio\/#breadcrumb\"},\"inLanguage\":\"ca\",\"potentialAction\":[{\"@type\":\"ReadAction\",\"target\":[\"https:\/\/www.lucmarfincas.es\/ca\/serveis\/administracio\/\"]}]},{\"@type\":\"BreadcrumbList\",\"@id\":\"https:\/\/www.lucmarfincas.es\/ca\/serveis\/administracio\/#breadcrumb\",\"itemListElement\":[{\"@type\":\"ListItem\",\"position\":1,\"name\":\"Inici\",\"item\":\"https:\/\/www.lucmarfincas.es\/ca\/\"},{\"@type\":\"ListItem\",\"position\":2,\"name\":\"Serveis\",\"item\":\"https:\/\/www.lucmarfincas.es\/ca\/serveis\/\"},{\"@type\":\"ListItem\",\"position\":3,\"name\":\"Administraci\u00f3\"}]},{\"@type\":\"WebSite\",\"@id\":\"https:\/\/www.lucmarfincas.es\/ca\/#website\",\"url\":\"https:\/\/www.lucmarfincas.es\/ca\/\",\"name\":\"LUCMAR\",\"description\":\"LUCMAR respon: 930 237 496 \/ 609 578 903\",\"potentialAction\":[{\"@type\":\"SearchAction\",\"target\":{\"@type\":\"EntryPoint\",\"urlTemplate\":\"https:\/\/www.lucmarfincas.es\/ca\/?s={search_term_string}\"},\"query-input\":\"required name=search_term_string\"}],\"inLanguage\":\"ca\"}]}<\/script>\n<!-- \/ Yoast SEO plugin. -->","yoast_head_json":{"title":"Administraci\u00f3 - LUCMAR","robots":{"index":"index","follow":"follow","max-snippet":"max-snippet:-1","max-image-preview":"max-image-preview:large","max-video-preview":"max-video-preview:-1"},"canonical":"https:\/\/www.lucmarfincas.es\/ca\/serveis\/administracio\/","og_locale":"ca_ES","og_type":"article","og_title":"Administraci\u00f3 - LUCMAR","og_description":"[vc_row row_type=&#8221;row&#8221; type=&#8221;full_width&#8221; text_align=&#8221;left&#8221; padding_top=&#8221;0&#8243; background_color=&#8221;#ffffff&#8221; padding_bottom=&#8221;95&#8243; use_row_as_full_screen_section=&#8221;no&#8221; background_image_as_pattern=&#8221;without_pattern&#8221;][vc_column width=&#8221;1\/1&#8243;][vc_single_image image=&#8221;16525&#8243; alignment=&#8221;center&#8221; border_color=&#8221;grey&#8221; img_link_target=&#8221;_self&#8221; img_size=&#8221;full&#8221;][vc_separator type=&#8221;transparent&#8221; position=&#8221;center&#8221; thickness=&#8221;40&#8243;][vc_column_text]A LUCMAR , li oferim un servei integral per la seva Comunitat perqu\u00e8 vost\u00e8 es pugui despreocupar de tasques llargues i complicades. La nostra vocaci\u00f3 de servei li...","og_url":"https:\/\/www.lucmarfincas.es\/ca\/serveis\/administracio\/","og_site_name":"LUCMAR","article_modified_time":"2015-04-23T09:43:57+00:00","twitter_card":"summary_large_image","twitter_misc":{"Temps estimat de lectura":"1 minut"},"schema":{"@context":"https:\/\/schema.org","@graph":[{"@type":"WebPage","@id":"https:\/\/www.lucmarfincas.es\/ca\/serveis\/administracio\/","url":"https:\/\/www.lucmarfincas.es\/ca\/serveis\/administracio\/","name":"Administraci\u00f3 - LUCMAR","isPartOf":{"@id":"https:\/\/www.lucmarfincas.es\/ca\/#website"},"datePublished":"2015-03-25T16:11:37+00:00","dateModified":"2015-04-23T09:43:57+00:00","breadcrumb":{"@id":"https:\/\/www.lucmarfincas.es\/ca\/serveis\/administracio\/#breadcrumb"},"inLanguage":"ca","potentialAction":[{"@type":"ReadAction","target":["https:\/\/www.lucmarfincas.es\/ca\/serveis\/administracio\/"]}]},{"@type":"BreadcrumbList","@id":"https:\/\/www.lucmarfincas.es\/ca\/serveis\/administracio\/#breadcrumb","itemListElement":[{"@type":"ListItem","position":1,"name":"Inici","item":"https:\/\/www.lucmarfincas.es\/ca\/"},{"@type":"ListItem","position":2,"name":"Serveis","item":"https:\/\/www.lucmarfincas.es\/ca\/serveis\/"},{"@type":"ListItem","position":3,"name":"Administraci\u00f3"}]},{"@type":"WebSite","@id":"https:\/\/www.lucmarfincas.es\/ca\/#website","url":"https:\/\/www.lucmarfincas.es\/ca\/","name":"LUCMAR","description":"LUCMAR respon: 930 237 496 \/ 609 578 903","potentialAction":[{"@type":"SearchAction","target":{"@type":"EntryPoint","urlTemplate":"https:\/\/www.lucmarfincas.es\/ca\/?s={search_term_string}"},"query-input":"required name=search_term_string"}],"inLanguage":"ca"}]}},"_links":{"self":[{"href":"https:\/\/www.lucmarfincas.es\/ca\/wp-json\/wp\/v2\/pages\/16243"}],"collection":[{"href":"https:\/\/www.lucmarfincas.es\/ca\/wp-json\/wp\/v2\/pages"}],"about":[{"href":"https:\/\/www.lucmarfincas.es\/ca\/wp-json\/wp\/v2\/types\/page"}],"author":[{"embeddable":true,"href":"https:\/\/www.lucmarfincas.es\/ca\/wp-json\/wp\/v2\/users\/1"}],"replies":[{"embeddable":true,"href":"https:\/\/www.lucmarfincas.es\/ca\/wp-json\/wp\/v2\/comments?post=16243"}],"version-history":[{"count":5,"href":"https:\/\/www.lucmarfincas.es\/ca\/wp-json\/wp\/v2\/pages\/16243\/revisions"}],"predecessor-version":[{"id":16572,"href":"https:\/\/www.lucmarfincas.es\/ca\/wp-json\/wp\/v2\/pages\/16243\/revisions\/16572"}],"up":[{"embeddable":true,"href":"https:\/\/www.lucmarfincas.es\/ca\/wp-json\/wp\/v2\/pages\/16189"}],"wp:attachment":[{"href":"https:\/\/www.lucmarfincas.es\/ca\/wp-json\/wp\/v2\/media?parent=16243"}],"curies":[{"name":"wp","href":"https:\/\/api.w.org\/{rel}","templated":true}]}}