{"id":16245,"date":"2015-03-25T16:12:04","date_gmt":"2015-03-25T16:12:04","guid":{"rendered":"http:\/\/www.lucmarfincas.es\/?page_id=16245"},"modified":"2015-04-23T09:44:22","modified_gmt":"2015-04-23T09:44:22","slug":"assessorament-juridic","status":"publish","type":"page","link":"https:\/\/www.lucmarfincas.es\/ca\/serveis\/assessorament-juridic\/","title":{"rendered":"Assessorament Jur\u00eddic"},"content":{"rendered":"<p>[vc_row row_type=&#8221;row&#8221; type=&#8221;full_width&#8221; text_align=&#8221;left&#8221; padding_top=&#8221;0&#8243; background_color=&#8221;#ffffff&#8221; padding_bottom=&#8221;95&#8243; use_row_as_full_screen_section=&#8221;no&#8221; background_image_as_pattern=&#8221;without_pattern&#8221;][vc_column width=&#8221;1\/1&#8243;][vc_single_image image=&#8221;16526&#8243; alignment=&#8221;center&#8221; border_color=&#8221;grey&#8221; img_link_target=&#8221;_self&#8221; img_size=&#8221;full&#8221;][vc_separator type=&#8221;transparent&#8221; position=&#8221;center&#8221; thickness=&#8221;40&#8243;][vc_column_text]A LUCMAR tenim un equip d\u2019Advocats i Gestors que li proporcionaran un assessorament jur\u00eddic personalitzat per qualsevol tema relacionat amb la seva Comunitat. Des del nostre despatx, els nostres assessors jur\u00eddics proporcionen serveis en un ampli ventall de sectors:<\/p>\n<p><b>SERVEIS JUR\u00cdDICS A COMUNITATS DE PROPIETARIS<\/b><\/p>\n<ul>\n<li>Assessorament i gesti\u00f3 judicial dels impagats.<\/li>\n<li>Assessorament i gesti\u00f3 dels impostos i fiscalitat relacionada amb la Comunitat.<\/li>\n<li>Assessorament i gesti\u00f3 de la contractaci\u00f3 de personal a la Comunitat.<\/li>\n<li>Assessorament i confecci\u00f3 de normes de r\u00e8gim intern i Estatuts de la Comunitat.<\/li>\n<li>Assessorament, gesti\u00f3 i mediaci\u00f3 en conflictes Comunitaris.<\/li>\n<li>Assessorament i gesti\u00f3 en contractaci\u00f3 d\u2019Assegurances per edificis.<\/li>\n<\/ul>\n<p>&nbsp;<\/p>\n<p><b>ALTRES SERVEIS JURIDICS<\/b><\/p>\n<p>Posem a la seva disposici\u00f3 el nostre equip jur\u00eddic per qualsevol altre assumpte personal o empresarial que necessiti.<\/p>\n<p>Li oferim serveis d\u2019assessorament, de tr\u00e0mits extrajudicials (com contractes, redacci\u00f3 de documents, assist\u00e8ncia per la resoluci\u00f3 extrajudicial de conflictes) i assist\u00e8ncia en processos judicials.<\/p>\n<p>Ens pot consultar en qualsevol de les nostres \u00e0rees d\u2019actuaci\u00f3:<\/p>\n<ul>\n<li><b>DRET CIVIL<\/b>: Separacions i divorcis, her\u00e8ncies, reclamacions de quantitat, impagats, contractes civils, tr\u00e0mits en registres de propietat, etc.<\/li>\n<li><b>DRET PENAL<\/b>: Assist\u00e8ncia jur\u00eddica en qualsevol tema de l\u2019\u00e0mbit penal<\/li>\n<li><b>DRET MERCANTIL<\/b>: Constituci\u00f3 de Societats, Actes de Juntes, redacci\u00f3 i modificaci\u00f3 d\u2019Estatuts Socials, dissoluci\u00f3 i liquidaci\u00f3 de Societats, tr\u00e0mits en registres mercantils.<\/li>\n<li><b>DRET LABORAL<\/b>: Confecci\u00f3 de n\u00f2mines, assegurances socials, contractes laborals, acomiadaments, assist\u00e8ncia a actes de conciliaci\u00f3 i davant la jurisdicci\u00f3 social, gesti\u00f3 d\u2019aut\u00f2noms, actuacions davant la Seguretat Social i la Inspecci\u00f3 de Treball.<\/li>\n<li><b>DRET FISCAL<\/b>: Comptabilitats d\u2019empreses, impostos, comptes anuals, Declaracions de Renda, etc.<\/li>\n<\/ul>\n<p>Igualment el podem ajudar en tr\u00e0mits relacionats amb:<\/p>\n<ul>\n<li><b>VEHICLES<\/b>: matriculacions, transfer\u00e8ncies, baixes, canvis de domicili, duplicats, certificats, assegurances de vehicles, targetes de transport.<\/li>\n<li><b>CERTIFICATS<\/b>: davant el registre civil de naixement, matrimoni i defunci\u00f3, \u00faltimes voluntats, d\u2019assegurances de vida, d\u2019antecedents penals, de denominaci\u00f3 social al registre mercantil, notes i certificats del registre de la propietat.<\/li>\n<li><b>ASSEGURANCES<\/b>: servei de contractaci\u00f3 d\u2019assegurances en qualsevol \u00e0mbit que necessiti (llar, vehicles, vida, salut, etc.)<\/li>\n<\/ul>\n<p>[\/vc_column_text][\/vc_column][\/vc_row]<\/p>\n","protected":false},"excerpt":{"rendered":"<p>[vc_row row_type=&#8221;row&#8221; type=&#8221;full_width&#8221; text_align=&#8221;left&#8221; padding_top=&#8221;0&#8243; background_color=&#8221;#ffffff&#8221; padding_bottom=&#8221;95&#8243; use_row_as_full_screen_section=&#8221;no&#8221; background_image_as_pattern=&#8221;without_pattern&#8221;][vc_column width=&#8221;1\/1&#8243;][vc_single_image image=&#8221;16526&#8243; alignment=&#8221;center&#8221; border_color=&#8221;grey&#8221; img_link_target=&#8221;_self&#8221; img_size=&#8221;full&#8221;][vc_separator type=&#8221;transparent&#8221; position=&#8221;center&#8221; thickness=&#8221;40&#8243;][vc_column_text]A LUCMAR tenim un equip d\u2019Advocats i Gestors que li proporcionaran un assessorament jur\u00eddic personalitzat per qualsevol tema relacionat amb la seva Comunitat. Des del nostre despatx, els&#8230;<\/p>\n","protected":false},"author":1,"featured_media":0,"parent":16189,"menu_order":7,"comment_status":"closed","ping_status":"closed","template":"","meta":{"footnotes":""},"yoast_head":"<!-- This site is optimized with the Yoast SEO plugin v22.6 - https:\/\/yoast.com\/wordpress\/plugins\/seo\/ -->\n<title>Assessorament Jur\u00eddic - LUCMAR<\/title>\n<meta name=\"robots\" content=\"index, follow, max-snippet:-1, max-image-preview:large, max-video-preview:-1\" \/>\n<link rel=\"canonical\" href=\"https:\/\/www.lucmarfincas.es\/ca\/serveis\/assessorament-juridic\/\" \/>\n<meta property=\"og:locale\" content=\"ca_ES\" \/>\n<meta property=\"og:type\" content=\"article\" \/>\n<meta property=\"og:title\" content=\"Assessorament Jur\u00eddic - LUCMAR\" \/>\n<meta property=\"og:description\" content=\"[vc_row row_type=&#8221;row&#8221; type=&#8221;full_width&#8221; text_align=&#8221;left&#8221; padding_top=&#8221;0&#8243; background_color=&#8221;#ffffff&#8221; padding_bottom=&#8221;95&#8243; use_row_as_full_screen_section=&#8221;no&#8221; background_image_as_pattern=&#8221;without_pattern&#8221;][vc_column width=&#8221;1\/1&#8243;][vc_single_image image=&#8221;16526&#8243; alignment=&#8221;center&#8221; border_color=&#8221;grey&#8221; img_link_target=&#8221;_self&#8221; img_size=&#8221;full&#8221;][vc_separator type=&#8221;transparent&#8221; position=&#8221;center&#8221; thickness=&#8221;40&#8243;][vc_column_text]A LUCMAR tenim un equip d\u2019Advocats i Gestors que li proporcionaran un assessorament jur\u00eddic personalitzat per qualsevol tema relacionat amb la seva Comunitat. Des del nostre despatx, els...\" \/>\n<meta property=\"og:url\" content=\"https:\/\/www.lucmarfincas.es\/ca\/serveis\/assessorament-juridic\/\" \/>\n<meta property=\"og:site_name\" content=\"LUCMAR\" \/>\n<meta property=\"article:modified_time\" content=\"2015-04-23T09:44:22+00:00\" \/>\n<meta name=\"twitter:card\" content=\"summary_large_image\" \/>\n<meta name=\"twitter:label1\" content=\"Temps estimat de lectura\" \/>\n\t<meta name=\"twitter:data1\" content=\"2 minuts\" \/>\n<script type=\"application\/ld+json\" class=\"yoast-schema-graph\">{\"@context\":\"https:\/\/schema.org\",\"@graph\":[{\"@type\":\"WebPage\",\"@id\":\"https:\/\/www.lucmarfincas.es\/ca\/serveis\/assessorament-juridic\/\",\"url\":\"https:\/\/www.lucmarfincas.es\/ca\/serveis\/assessorament-juridic\/\",\"name\":\"Assessorament Jur\u00eddic - LUCMAR\",\"isPartOf\":{\"@id\":\"https:\/\/www.lucmarfincas.es\/ca\/#website\"},\"datePublished\":\"2015-03-25T16:12:04+00:00\",\"dateModified\":\"2015-04-23T09:44:22+00:00\",\"breadcrumb\":{\"@id\":\"https:\/\/www.lucmarfincas.es\/ca\/serveis\/assessorament-juridic\/#breadcrumb\"},\"inLanguage\":\"ca\",\"potentialAction\":[{\"@type\":\"ReadAction\",\"target\":[\"https:\/\/www.lucmarfincas.es\/ca\/serveis\/assessorament-juridic\/\"]}]},{\"@type\":\"BreadcrumbList\",\"@id\":\"https:\/\/www.lucmarfincas.es\/ca\/serveis\/assessorament-juridic\/#breadcrumb\",\"itemListElement\":[{\"@type\":\"ListItem\",\"position\":1,\"name\":\"Inici\",\"item\":\"https:\/\/www.lucmarfincas.es\/ca\/\"},{\"@type\":\"ListItem\",\"position\":2,\"name\":\"Serveis\",\"item\":\"https:\/\/www.lucmarfincas.es\/ca\/serveis\/\"},{\"@type\":\"ListItem\",\"position\":3,\"name\":\"Assessorament Jur\u00eddic\"}]},{\"@type\":\"WebSite\",\"@id\":\"https:\/\/www.lucmarfincas.es\/ca\/#website\",\"url\":\"https:\/\/www.lucmarfincas.es\/ca\/\",\"name\":\"LUCMAR\",\"description\":\"LUCMAR respon: 930 237 496 \/ 609 578 903\",\"potentialAction\":[{\"@type\":\"SearchAction\",\"target\":{\"@type\":\"EntryPoint\",\"urlTemplate\":\"https:\/\/www.lucmarfincas.es\/ca\/?s={search_term_string}\"},\"query-input\":\"required name=search_term_string\"}],\"inLanguage\":\"ca\"}]}<\/script>\n<!-- \/ Yoast SEO plugin. -->","yoast_head_json":{"title":"Assessorament Jur\u00eddic - LUCMAR","robots":{"index":"index","follow":"follow","max-snippet":"max-snippet:-1","max-image-preview":"max-image-preview:large","max-video-preview":"max-video-preview:-1"},"canonical":"https:\/\/www.lucmarfincas.es\/ca\/serveis\/assessorament-juridic\/","og_locale":"ca_ES","og_type":"article","og_title":"Assessorament Jur\u00eddic - LUCMAR","og_description":"[vc_row row_type=&#8221;row&#8221; type=&#8221;full_width&#8221; text_align=&#8221;left&#8221; padding_top=&#8221;0&#8243; background_color=&#8221;#ffffff&#8221; padding_bottom=&#8221;95&#8243; use_row_as_full_screen_section=&#8221;no&#8221; background_image_as_pattern=&#8221;without_pattern&#8221;][vc_column width=&#8221;1\/1&#8243;][vc_single_image image=&#8221;16526&#8243; alignment=&#8221;center&#8221; border_color=&#8221;grey&#8221; img_link_target=&#8221;_self&#8221; img_size=&#8221;full&#8221;][vc_separator type=&#8221;transparent&#8221; position=&#8221;center&#8221; thickness=&#8221;40&#8243;][vc_column_text]A LUCMAR tenim un equip d\u2019Advocats i Gestors que li proporcionaran un assessorament jur\u00eddic personalitzat per qualsevol tema relacionat amb la seva Comunitat. Des del nostre despatx, els...","og_url":"https:\/\/www.lucmarfincas.es\/ca\/serveis\/assessorament-juridic\/","og_site_name":"LUCMAR","article_modified_time":"2015-04-23T09:44:22+00:00","twitter_card":"summary_large_image","twitter_misc":{"Temps estimat de lectura":"2 minuts"},"schema":{"@context":"https:\/\/schema.org","@graph":[{"@type":"WebPage","@id":"https:\/\/www.lucmarfincas.es\/ca\/serveis\/assessorament-juridic\/","url":"https:\/\/www.lucmarfincas.es\/ca\/serveis\/assessorament-juridic\/","name":"Assessorament Jur\u00eddic - LUCMAR","isPartOf":{"@id":"https:\/\/www.lucmarfincas.es\/ca\/#website"},"datePublished":"2015-03-25T16:12:04+00:00","dateModified":"2015-04-23T09:44:22+00:00","breadcrumb":{"@id":"https:\/\/www.lucmarfincas.es\/ca\/serveis\/assessorament-juridic\/#breadcrumb"},"inLanguage":"ca","potentialAction":[{"@type":"ReadAction","target":["https:\/\/www.lucmarfincas.es\/ca\/serveis\/assessorament-juridic\/"]}]},{"@type":"BreadcrumbList","@id":"https:\/\/www.lucmarfincas.es\/ca\/serveis\/assessorament-juridic\/#breadcrumb","itemListElement":[{"@type":"ListItem","position":1,"name":"Inici","item":"https:\/\/www.lucmarfincas.es\/ca\/"},{"@type":"ListItem","position":2,"name":"Serveis","item":"https:\/\/www.lucmarfincas.es\/ca\/serveis\/"},{"@type":"ListItem","position":3,"name":"Assessorament Jur\u00eddic"}]},{"@type":"WebSite","@id":"https:\/\/www.lucmarfincas.es\/ca\/#website","url":"https:\/\/www.lucmarfincas.es\/ca\/","name":"LUCMAR","description":"LUCMAR respon: 930 237 496 \/ 609 578 903","potentialAction":[{"@type":"SearchAction","target":{"@type":"EntryPoint","urlTemplate":"https:\/\/www.lucmarfincas.es\/ca\/?s={search_term_string}"},"query-input":"required name=search_term_string"}],"inLanguage":"ca"}]}},"_links":{"self":[{"href":"https:\/\/www.lucmarfincas.es\/ca\/wp-json\/wp\/v2\/pages\/16245"}],"collection":[{"href":"https:\/\/www.lucmarfincas.es\/ca\/wp-json\/wp\/v2\/pages"}],"about":[{"href":"https:\/\/www.lucmarfincas.es\/ca\/wp-json\/wp\/v2\/types\/page"}],"author":[{"embeddable":true,"href":"https:\/\/www.lucmarfincas.es\/ca\/wp-json\/wp\/v2\/users\/1"}],"replies":[{"embeddable":true,"href":"https:\/\/www.lucmarfincas.es\/ca\/wp-json\/wp\/v2\/comments?post=16245"}],"version-history":[{"count":7,"href":"https:\/\/www.lucmarfincas.es\/ca\/wp-json\/wp\/v2\/pages\/16245\/revisions"}],"predecessor-version":[{"id":16573,"href":"https:\/\/www.lucmarfincas.es\/ca\/wp-json\/wp\/v2\/pages\/16245\/revisions\/16573"}],"up":[{"embeddable":true,"href":"https:\/\/www.lucmarfincas.es\/ca\/wp-json\/wp\/v2\/pages\/16189"}],"wp:attachment":[{"href":"https:\/\/www.lucmarfincas.es\/ca\/wp-json\/wp\/v2\/media?parent=16245"}],"curies":[{"name":"wp","href":"https:\/\/api.w.org\/{rel}","templated":true}]}}