{"id":16247,"date":"2015-03-25T16:12:31","date_gmt":"2015-03-25T16:12:31","guid":{"rendered":"http:\/\/www.lucmarfincas.es\/?page_id=16247"},"modified":"2015-04-23T09:44:52","modified_gmt":"2015-04-23T09:44:52","slug":"assessorament-tecnic","status":"publish","type":"page","link":"https:\/\/www.lucmarfincas.es\/ca\/serveis\/assessorament-tecnic\/","title":{"rendered":"Assessorament T\u00e8cnic"},"content":{"rendered":"<p>[vc_row row_type=&#8221;row&#8221; type=&#8221;full_width&#8221; text_align=&#8221;left&#8221; padding_top=&#8221;0&#8243; background_color=&#8221;#ffffff&#8221; padding_bottom=&#8221;95&#8243; use_row_as_full_screen_section=&#8221;no&#8221; background_image_as_pattern=&#8221;without_pattern&#8221;][vc_column width=&#8221;1\/1&#8243;][vc_single_image image=&#8221;16527&#8243; alignment=&#8221;center&#8221; border_color=&#8221;grey&#8221; img_link_target=&#8221;_self&#8221; img_size=&#8221;full&#8221;][vc_separator type=&#8221;transparent&#8221; position=&#8221;center&#8221; thickness=&#8221;40&#8243;][vc_column_text]A LUCMAR disposem d\u2019un equip d\u2019Arquitectes i Enginyers per poder donar cobertura a qualsevol necessitat que el seu edifici pugui tenir. Aix\u00ed li proporcionem els seg\u00fcent serveis:<\/p>\n<ul>\n<li>Projectes de restauraci\u00f3 i reparaci\u00f3 de fa\u00e7anes, cobertes i interiors d\u2019edificis.<\/li>\n<li>Gesti\u00f3 i tramitaci\u00f3 d\u2019ajudes i subvencions per reformes i instal\u00b7lacions en edificis.<\/li>\n<li>Assessorament i resoluci\u00f3 de qualsevol tema relacionat amb les instal\u00b7lacions comunit\u00e0ries de calefacci\u00f3, aigua calent, aire condicionat, reglament i instruccions t\u00e8cniques de canalitzacions d\u2019aigua, electricitat, gas, telefonia, porters, antenes tv, etc.<\/li>\n<li>Assessorament i gesti\u00f3 de la certificaci\u00f3 energ\u00e8tica de l\u2019edifici.<\/li>\n<li>Tramitaci\u00f3 de c\u00e8dules d\u2019habitabilitat.<\/li>\n<li>Tramitaci\u00f3 de llic\u00e8ncies de canvi d\u2019\u00fas.<\/li>\n<\/ul>\n<p>[\/vc_column_text][\/vc_column][\/vc_row]<\/p>\n","protected":false},"excerpt":{"rendered":"<p>[vc_row row_type=&#8221;row&#8221; type=&#8221;full_width&#8221; text_align=&#8221;left&#8221; padding_top=&#8221;0&#8243; background_color=&#8221;#ffffff&#8221; padding_bottom=&#8221;95&#8243; use_row_as_full_screen_section=&#8221;no&#8221; background_image_as_pattern=&#8221;without_pattern&#8221;][vc_column width=&#8221;1\/1&#8243;][vc_single_image image=&#8221;16527&#8243; alignment=&#8221;center&#8221; border_color=&#8221;grey&#8221; img_link_target=&#8221;_self&#8221; img_size=&#8221;full&#8221;][vc_separator type=&#8221;transparent&#8221; position=&#8221;center&#8221; thickness=&#8221;40&#8243;][vc_column_text]A LUCMAR disposem d\u2019un equip d\u2019Arquitectes i Enginyers per poder donar cobertura a qualsevol necessitat que el seu edifici pugui tenir. Aix\u00ed li proporcionem els seg\u00fcent serveis: Projectes&#8230;<\/p>\n","protected":false},"author":1,"featured_media":0,"parent":16189,"menu_order":8,"comment_status":"closed","ping_status":"closed","template":"","meta":{"footnotes":""},"yoast_head":"<!-- This site is optimized with the Yoast SEO plugin v22.6 - https:\/\/yoast.com\/wordpress\/plugins\/seo\/ -->\n<title>Assessorament T\u00e8cnic - LUCMAR<\/title>\n<meta name=\"robots\" content=\"index, follow, max-snippet:-1, max-image-preview:large, max-video-preview:-1\" \/>\n<link rel=\"canonical\" href=\"https:\/\/www.lucmarfincas.es\/ca\/serveis\/assessorament-tecnic\/\" \/>\n<meta property=\"og:locale\" content=\"ca_ES\" \/>\n<meta property=\"og:type\" content=\"article\" \/>\n<meta property=\"og:title\" content=\"Assessorament T\u00e8cnic - LUCMAR\" \/>\n<meta property=\"og:description\" content=\"[vc_row row_type=&#8221;row&#8221; type=&#8221;full_width&#8221; text_align=&#8221;left&#8221; padding_top=&#8221;0&#8243; background_color=&#8221;#ffffff&#8221; padding_bottom=&#8221;95&#8243; use_row_as_full_screen_section=&#8221;no&#8221; background_image_as_pattern=&#8221;without_pattern&#8221;][vc_column width=&#8221;1\/1&#8243;][vc_single_image image=&#8221;16527&#8243; alignment=&#8221;center&#8221; border_color=&#8221;grey&#8221; img_link_target=&#8221;_self&#8221; img_size=&#8221;full&#8221;][vc_separator type=&#8221;transparent&#8221; position=&#8221;center&#8221; thickness=&#8221;40&#8243;][vc_column_text]A LUCMAR disposem d\u2019un equip d\u2019Arquitectes i Enginyers per poder donar cobertura a qualsevol necessitat que el seu edifici pugui tenir. Aix\u00ed li proporcionem els seg\u00fcent serveis: Projectes...\" \/>\n<meta property=\"og:url\" content=\"https:\/\/www.lucmarfincas.es\/ca\/serveis\/assessorament-tecnic\/\" \/>\n<meta property=\"og:site_name\" content=\"LUCMAR\" \/>\n<meta property=\"article:modified_time\" content=\"2015-04-23T09:44:52+00:00\" \/>\n<meta name=\"twitter:card\" content=\"summary_large_image\" \/>\n<meta name=\"twitter:label1\" content=\"Temps estimat de lectura\" \/>\n\t<meta name=\"twitter:data1\" content=\"1 minut\" \/>\n<script type=\"application\/ld+json\" class=\"yoast-schema-graph\">{\"@context\":\"https:\/\/schema.org\",\"@graph\":[{\"@type\":\"WebPage\",\"@id\":\"https:\/\/www.lucmarfincas.es\/ca\/serveis\/assessorament-tecnic\/\",\"url\":\"https:\/\/www.lucmarfincas.es\/ca\/serveis\/assessorament-tecnic\/\",\"name\":\"Assessorament T\u00e8cnic - LUCMAR\",\"isPartOf\":{\"@id\":\"https:\/\/www.lucmarfincas.es\/ca\/#website\"},\"datePublished\":\"2015-03-25T16:12:31+00:00\",\"dateModified\":\"2015-04-23T09:44:52+00:00\",\"breadcrumb\":{\"@id\":\"https:\/\/www.lucmarfincas.es\/ca\/serveis\/assessorament-tecnic\/#breadcrumb\"},\"inLanguage\":\"ca\",\"potentialAction\":[{\"@type\":\"ReadAction\",\"target\":[\"https:\/\/www.lucmarfincas.es\/ca\/serveis\/assessorament-tecnic\/\"]}]},{\"@type\":\"BreadcrumbList\",\"@id\":\"https:\/\/www.lucmarfincas.es\/ca\/serveis\/assessorament-tecnic\/#breadcrumb\",\"itemListElement\":[{\"@type\":\"ListItem\",\"position\":1,\"name\":\"Inici\",\"item\":\"https:\/\/www.lucmarfincas.es\/ca\/\"},{\"@type\":\"ListItem\",\"position\":2,\"name\":\"Serveis\",\"item\":\"https:\/\/www.lucmarfincas.es\/ca\/serveis\/\"},{\"@type\":\"ListItem\",\"position\":3,\"name\":\"Assessorament T\u00e8cnic\"}]},{\"@type\":\"WebSite\",\"@id\":\"https:\/\/www.lucmarfincas.es\/ca\/#website\",\"url\":\"https:\/\/www.lucmarfincas.es\/ca\/\",\"name\":\"LUCMAR\",\"description\":\"LUCMAR respon: 930 237 496 \/ 609 578 903\",\"potentialAction\":[{\"@type\":\"SearchAction\",\"target\":{\"@type\":\"EntryPoint\",\"urlTemplate\":\"https:\/\/www.lucmarfincas.es\/ca\/?s={search_term_string}\"},\"query-input\":\"required name=search_term_string\"}],\"inLanguage\":\"ca\"}]}<\/script>\n<!-- \/ Yoast SEO plugin. -->","yoast_head_json":{"title":"Assessorament T\u00e8cnic - LUCMAR","robots":{"index":"index","follow":"follow","max-snippet":"max-snippet:-1","max-image-preview":"max-image-preview:large","max-video-preview":"max-video-preview:-1"},"canonical":"https:\/\/www.lucmarfincas.es\/ca\/serveis\/assessorament-tecnic\/","og_locale":"ca_ES","og_type":"article","og_title":"Assessorament T\u00e8cnic - LUCMAR","og_description":"[vc_row row_type=&#8221;row&#8221; type=&#8221;full_width&#8221; text_align=&#8221;left&#8221; padding_top=&#8221;0&#8243; background_color=&#8221;#ffffff&#8221; padding_bottom=&#8221;95&#8243; use_row_as_full_screen_section=&#8221;no&#8221; background_image_as_pattern=&#8221;without_pattern&#8221;][vc_column width=&#8221;1\/1&#8243;][vc_single_image image=&#8221;16527&#8243; alignment=&#8221;center&#8221; border_color=&#8221;grey&#8221; img_link_target=&#8221;_self&#8221; img_size=&#8221;full&#8221;][vc_separator type=&#8221;transparent&#8221; position=&#8221;center&#8221; thickness=&#8221;40&#8243;][vc_column_text]A LUCMAR disposem d\u2019un equip d\u2019Arquitectes i Enginyers per poder donar cobertura a qualsevol necessitat que el seu edifici pugui tenir. Aix\u00ed li proporcionem els seg\u00fcent serveis: Projectes...","og_url":"https:\/\/www.lucmarfincas.es\/ca\/serveis\/assessorament-tecnic\/","og_site_name":"LUCMAR","article_modified_time":"2015-04-23T09:44:52+00:00","twitter_card":"summary_large_image","twitter_misc":{"Temps estimat de lectura":"1 minut"},"schema":{"@context":"https:\/\/schema.org","@graph":[{"@type":"WebPage","@id":"https:\/\/www.lucmarfincas.es\/ca\/serveis\/assessorament-tecnic\/","url":"https:\/\/www.lucmarfincas.es\/ca\/serveis\/assessorament-tecnic\/","name":"Assessorament T\u00e8cnic - LUCMAR","isPartOf":{"@id":"https:\/\/www.lucmarfincas.es\/ca\/#website"},"datePublished":"2015-03-25T16:12:31+00:00","dateModified":"2015-04-23T09:44:52+00:00","breadcrumb":{"@id":"https:\/\/www.lucmarfincas.es\/ca\/serveis\/assessorament-tecnic\/#breadcrumb"},"inLanguage":"ca","potentialAction":[{"@type":"ReadAction","target":["https:\/\/www.lucmarfincas.es\/ca\/serveis\/assessorament-tecnic\/"]}]},{"@type":"BreadcrumbList","@id":"https:\/\/www.lucmarfincas.es\/ca\/serveis\/assessorament-tecnic\/#breadcrumb","itemListElement":[{"@type":"ListItem","position":1,"name":"Inici","item":"https:\/\/www.lucmarfincas.es\/ca\/"},{"@type":"ListItem","position":2,"name":"Serveis","item":"https:\/\/www.lucmarfincas.es\/ca\/serveis\/"},{"@type":"ListItem","position":3,"name":"Assessorament T\u00e8cnic"}]},{"@type":"WebSite","@id":"https:\/\/www.lucmarfincas.es\/ca\/#website","url":"https:\/\/www.lucmarfincas.es\/ca\/","name":"LUCMAR","description":"LUCMAR respon: 930 237 496 \/ 609 578 903","potentialAction":[{"@type":"SearchAction","target":{"@type":"EntryPoint","urlTemplate":"https:\/\/www.lucmarfincas.es\/ca\/?s={search_term_string}"},"query-input":"required name=search_term_string"}],"inLanguage":"ca"}]}},"_links":{"self":[{"href":"https:\/\/www.lucmarfincas.es\/ca\/wp-json\/wp\/v2\/pages\/16247"}],"collection":[{"href":"https:\/\/www.lucmarfincas.es\/ca\/wp-json\/wp\/v2\/pages"}],"about":[{"href":"https:\/\/www.lucmarfincas.es\/ca\/wp-json\/wp\/v2\/types\/page"}],"author":[{"embeddable":true,"href":"https:\/\/www.lucmarfincas.es\/ca\/wp-json\/wp\/v2\/users\/1"}],"replies":[{"embeddable":true,"href":"https:\/\/www.lucmarfincas.es\/ca\/wp-json\/wp\/v2\/comments?post=16247"}],"version-history":[{"count":6,"href":"https:\/\/www.lucmarfincas.es\/ca\/wp-json\/wp\/v2\/pages\/16247\/revisions"}],"predecessor-version":[{"id":16575,"href":"https:\/\/www.lucmarfincas.es\/ca\/wp-json\/wp\/v2\/pages\/16247\/revisions\/16575"}],"up":[{"embeddable":true,"href":"https:\/\/www.lucmarfincas.es\/ca\/wp-json\/wp\/v2\/pages\/16189"}],"wp:attachment":[{"href":"https:\/\/www.lucmarfincas.es\/ca\/wp-json\/wp\/v2\/media?parent=16247"}],"curies":[{"name":"wp","href":"https:\/\/api.w.org\/{rel}","templated":true}]}}