{"id":16597,"date":"2021-02-09T06:07:32","date_gmt":"2021-02-09T05:07:32","guid":{"rendered":"http:\/\/www.lucmarfincas.es\/?page_id=16597"},"modified":"2021-02-09T06:07:32","modified_gmt":"2021-02-09T05:07:32","slug":"politica-de-cookies","status":"publish","type":"page","link":"https:\/\/www.lucmarfincas.es\/ca\/politica-de-cookies\/","title":{"rendered":"Pol\u00edtica de cookies"},"content":{"rendered":"<ol>\n<li><b>QU\u00c8 S\u00d3N LES COOKIES ?<\/b><\/li>\n<\/ol>\n<p>Les cookies s\u00f3n petits arxius de dades que es reben en el terminal des del lloc web visitat i s&#8217;usen per registrar certes interaccions de la navegaci\u00f3 en un lloc web emmagatzemant dades que podran ser actualitzats i recuperats. Aquests arxius s&#8217;emmagatzemen a l&#8217;ordinador de l&#8217;usuari i cont\u00e9 dades an\u00f2nims que no s\u00f3n perjudicials per al seu equip. S&#8217;utilitzen per recordar les prefer\u00e8ncies de l&#8217;usuari, com l&#8217;idioma seleccionat, dades d&#8217;acc\u00e9s o personalitzaci\u00f3 de la p\u00e0gina.<\/p>\n<p>Les cookies tamb\u00e9 poden ser utilitzades per registrar informaci\u00f3 an\u00f2nima sobre com un visitant utilitza un lloc web. Per exemple, des de quina p\u00e0gina ha accedit, o si ha utilitzat un &#8220;banner&#8221; publicitari per arribar-hi.<\/p>\n<ol start=\"2\">\n<li><b>PER QU\u00c8 UTILITZEM COOKIES ?<\/b><\/li>\n<\/ol>\n<p><b>SILVIA FERNANDEZ RAMOS <\/b>utilitza cookies estrictament necess\u00e0ries i essencials perqu\u00e8 utilitzin els nostres llocs web i els hi permetin moure\u2019s lliurement, utilitzar \u00e0rees segures, opcions personalitzades, etc. A m\u00e9s, <b>SILVIA FERNANDEZ RAMOS <\/b>utilitza cookies que recullen dades relatives a l&#8217;an\u00e0lisi d&#8217;\u00fas del web. Aquestes s&#8217;utilitzen per ajudar a millorar el servei al client, mesurant l&#8217;\u00fas i el rendiment de la p\u00e0gina, per optimitzar-la i personalitzar-la.<\/p>\n<p>Els nostres llocs web tamb\u00e9 poden tenir enlla\u00e7os de xarxes socials (com Facebook o Twitter). <b>SILVIA FERNANDEZ RAMOS <\/b>no controla les cookies utilitzades per aquests webs externs. Per a m\u00e9s informaci\u00f3 sobre les cookies de les xarxes socials o altres Webs alienes, aconsellem revisar les seves pr\u00f2pies pol\u00edtiques de cookies.<\/p>\n<p>Aquest lloc web utilitza &#8220;cookies&#8221; de la seg\u00fcent manera:<\/p>\n<ul>\n<li>Cookie de Google ANALYTICS: Google ANALYTICS \u00e9s un servei gratu\u00eft que ofereix Google Inc. i que recull informaci\u00f3 sobre les p\u00e0gines de la web consultada, a quina hora, quin navegador Web, etc. Posteriorment, aquesta informaci\u00f3 s&#8217;envia als servidors de Google Inc. als Estats Units.<span class=\"Apple-converted-space\">\u00a0<\/span><\/li>\n<li>Cookies d\u2019aplicaci\u00f3 \u201cAdd-this\u201d:<span class=\"Apple-converted-space\">\u00a0 <\/span>Add-this \u00e9s un servei gratu\u00eft que li permet compartir p\u00e0gines d&#8217;aquest lloc web per diferents mitjans (correu electr\u00f2nic, xarxes socials, etc.). Add-this compila informaci\u00f3 estad\u00edstica de la vostra navegaci\u00f3 per proporcionar publicitat adaptada als seus h\u00e0bits de navegaci\u00f3 en aquest lloc web o en qualsevol altre lloc.<span class=\"Apple-converted-space\">\u00a0<\/span><\/li>\n<\/ul>\n<ol start=\"3\">\n<li><b>QUIN \u00daS LI DONEM ALS DIFERENTS TIPUS DE COOKIES ?<\/b><\/li>\n<\/ol>\n<p><b>Segons la seva finalitat:<\/b><\/p>\n<p>\u2022 <b>Cookies t\u00e8cniques:<\/b> Les cookies t\u00e8cniques s\u00f3n aquelles imprescindibles i estrictament necess\u00e0ries per al correcte funcionament d&#8217;un portal web i la utilitzaci\u00f3 de les diferents opcions i serveis que ofereix. Por exemple, les que serveixen per al manteniment de la sessi\u00f3, la gesti\u00f3 del temps de resposta, rendiment o validaci\u00f3 d&#8217;opcions, utilitzar elements de seguretat, compartir contingut amb xarxes socials, etc.<\/p>\n<p>\u2022 <b>Cookies de personalitzaci\u00f3:<\/b> Aquestes cookies permeten a l&#8217;usuari especificar o personalitzar algunes caracter\u00edstiques de les opcions generals de la p\u00e0gina web, per exemple, definir l&#8217;idioma, configuraci\u00f3 regional o tipus de navegador.<\/p>\n<p>\u2022 <b>Cookies anal\u00edtiques:<\/b> Les cookies anal\u00edtiques s\u00f3n les utilitzades pel nostre portal web, per elaborar perfils de navegaci\u00f3 i poder con\u00e8ixer les prefer\u00e8ncies dels usuaris del mateix per tal de millorar l&#8217;oferta de productes i serveis. Per exemple, mitjan\u00e7ant una galeta anal\u00edtica es controlarien les \u00e0rees geogr\u00e0fiques de major inter\u00e8s d&#8217;un usuari, quin \u00e9s el producte de m\u00e9s acceptaci\u00f3, etc.<\/p>\n<p>\u2022 <b>Cookies publicit\u00e0ries \/ de publicitat:<\/b> Les cookies publicit\u00e0ries permeten la gesti\u00f3 dels espais publicitaris en base a criteris concrets. Per exemple la freq\u00fc\u00e8ncia d&#8217;acc\u00e9s, el contingut editat, etc. Les cookies de publicitat permeten a trav\u00e9s de la gesti\u00f3 de la publicitat emmagatzemar informaci\u00f3 del comportament a trav\u00e9s de l&#8217;observaci\u00f3 d&#8217;h\u00e0bits, estudiant els accessos i formant un perfil de prefer\u00e8ncies de l&#8217;usuari, per oferir publicitat relacionada amb els interessos del seu perfil.<\/p>\n<p><b>Segons termini:<\/b><\/p>\n<p>\u2022 <b>Cookies de sessi\u00f3:<\/b> Les cookies de sessi\u00f3 s\u00f3n aquelles que duren el temps que l&#8217;usuari est\u00e0 navegant per la p\u00e0gina web i s&#8217;esborren al terme.<\/p>\n<p>\u2022 <b>Cookies persistents:<\/b> Aquestes cookies queden emmagatzemades en el terminal de l&#8217;usuari, per un temps m\u00e9s llarg, facilitant aix\u00ed el control de les prefer\u00e8ncies triades sense haver de repetir certs par\u00e0metres cada vegada que es visiti el lloc web.<\/p>\n<p><b>COOKIES PR\u00d2PIES EN \u00daS:<\/b><\/p>\n<p><b>S\u2019han perm\u00e8s les seg\u00fcents cookies en visitar aquesta p\u00e0gina, entre d\u2019altres<\/b>:<\/p>\n<table cellspacing=\"0\" cellpadding=\"0\">\n<tbody>\n<tr>\n<td valign=\"top\"><b>DOMINI<\/b><\/td>\n<td valign=\"top\"><b>COOKIE<\/b><\/td>\n<td valign=\"top\"><b>EMPRESA<\/b><\/td>\n<td valign=\"top\"><b>FUNCI\u00d3<\/b><\/td>\n<td valign=\"top\"><b>CADUCITAT<\/b><\/td>\n<\/tr>\n<tr>\n<td rowspan=\"4\" valign=\"top\"><b>www.lucmarfincas.es<\/b><\/td>\n<td valign=\"top\">_icl_current_language<\/td>\n<td valign=\"top\">pr\u00f2pia<\/td>\n<td valign=\"top\">t\u00e8cnica i estrictament necess\u00e0ria que cont\u00e9 l&#8217;idioma de la sessi\u00f3.<\/td>\n<td valign=\"top\">24 hores<\/td>\n<\/tr>\n<tr>\n<td valign=\"top\">Icl_visitor_lang_js<\/td>\n<td valign=\"top\">pr\u00f2pia<\/td>\n<td valign=\"top\">necess\u00e0ries per a identificar l&#8217;idioma de l&#8217;usuari<\/td>\n<td valign=\"top\">24 hores<\/td>\n<\/tr>\n<tr>\n<td valign=\"top\">Cookieconsent_status<\/td>\n<td valign=\"top\">pr\u00f2pia<\/td>\n<td valign=\"top\">emmagatzemar el seu consentiment sobre la pol\u00edtica de cookies<\/td>\n<td valign=\"top\">sessi\u00f3<\/td>\n<\/tr>\n<tr>\n<td valign=\"top\">Wpml_browser_redirect_test<\/td>\n<td valign=\"top\">pr\u00f2pia<\/td>\n<td valign=\"top\">Permet con\u00e8ixer l&#8217;idioma de la persona usu\u00e0ria<\/td>\n<td valign=\"top\">persistent<\/td>\n<\/tr>\n<\/tbody>\n<\/table>\n<ol start=\"4\">\n<li><b><\/b><b>PER QU\u00c9 NECESSITEM EL SEU CONSENTIMENT EXPL\u00cdCIT PER A UTILIZAR-LES?<\/b><\/li>\n<\/ol>\n<ul>\n<li><b>Sent\u00e8ncia de la Gran Sala del Tribunal de Just\u00edcia de la Uni\u00f3 Europea, d\u20191 d\u2019octubre de 2019 i Guia sobre l\u2019\u00fas de les cookies de l\u2019AEPD, juliol de 2020.<\/b><\/li>\n<\/ul>\n<p>La sent\u00e8ncia de la Gran Sala del Tribunal de Just\u00edcia de la Uni\u00f3 Europea, del dia 1 d\u2019octubre de 2019, s\u2019ha d\u2019interpretar en el sentit de qu\u00e8 el consentiment no es presta de manera v\u00e0lida quan l\u2019emmagatzematge d\u2019informaci\u00f3 a trav\u00e9s de cookies, o l\u2019acc\u00e9s a la informaci\u00f3 ja emmagatzemada a l\u2019equip de l\u2019usuari d\u2019un lloc web d\u2019internet, s\u2019autoritza mitjan\u00e7ant una casella marcada per defecte, que l\u2019usuari ha de desmarcar en cas que vulgui rebutjar-ne l\u2019\u00fas. Aix\u00ed, l\u2019autoritzaci\u00f3 s\u2019ha de fonamentar en un consentiment expl\u00edcit mitjan\u00e7ant un Checkbox d\u2019<b>acceptaci\u00f3<\/b> expl\u00edcita, un check de <b>rebuig<\/b> per part de l\u2019usuari i un altre de <b>m\u00e9s informaci\u00f3<\/b> de les cookies exposades.<\/p>\n<p>Aquesta interpretaci\u00f3, a m\u00e9s, no pot variar en funci\u00f3 de si la informaci\u00f3 emmagatzemada o consultada al terminal de l\u2019usuari d\u2019un lloc web consta o no de dades de car\u00e0cter personal.<span class=\"Apple-converted-space\">\u00a0<\/span><\/p>\n<p>La Gran Sala del Tribunal de Just\u00edcia de la Uni\u00f3 Europea tamb\u00e9 disposa en aquesta sent\u00e8ncia que la informaci\u00f3 que el prove\u00efdor de serveis ha de facilitar a l\u2019usuari d\u2019un lloc web d\u2019internet ha d\u2019incloure el temps en qu\u00e8 les cookies romandran actives i la possibilitat de qu\u00e8 tercers puguin accedir a la informaci\u00f3 que aquestes emmagatzemen. Aquest requisit l\u2019estableix la versi\u00f3 modificada per la Directiva 2009\/136, que modifica l\u2019article 5, apartat 3, de la Directiva 2002\/58\/UE, i per la Guia de l\u2019AEPD, de juliol de 2020. <span class=\"Apple-converted-space\">\u00a0 \u00a0<\/span><\/p>\n<p>En relaci\u00f3 a la possibilitat de qu\u00e8 l\u2019usuari pugui rebutjar l\u2019\u00fas de les cookies, cal tenir en compte<span class=\"Apple-converted-space\">\u00a0 <\/span>que si les rebutja o b\u00e9 esborra les cookies de navegaci\u00f3 per la Web, no podrem mantenir les seves prefer\u00e8ncies, algunes caracter\u00edstiques de les p\u00e0gines no estaran operatives, no podrem oferir-li serveis personalitzats i cada vegada que navegui pel nostre web li haurem de sol\u00b7licitar de nou la seva autoritzaci\u00f3 per a l\u2019\u00fas de les cookies.<\/p>\n<p>Si tot i aix\u00ed, decideix modificar la configuraci\u00f3 del seu acc\u00e9s a la p\u00e0gina web, ha de saber que \u00e9s possible eliminar les cookies o impedir que es registri aquesta informaci\u00f3 en el seu equip en qualsevol moment mitjan\u00e7ant la modificaci\u00f3 dels par\u00e0metres de configuraci\u00f3 del seu navegador:<\/p>\n<ul>\n<li><a href=\"https:\/\/support.microsoft.com\/es-es\/help\/17442\/windows-internet-explorer-delete-manage-cookies\">Configuraci\u00f3 de cookies de Internet Explorer.<\/a><\/li>\n<li><a href=\"https:\/\/support.mozilla.org\/es\/kb\/habilitar-y-deshabilitar-cookies-sitios-web-rastrear-preferencias\">Configuraci\u00f3 de cookies de Firefox.<\/a><\/li>\n<li><a href=\"https:\/\/support.google.com\/chrome\/answer\/95647?co=GENIE.Platform%253DDesktop&amp;hl=es-419\">Configuraci\u00f3 de cookies de Google Chrome.<\/a><\/li>\n<li><a href=\"https:\/\/support.apple.com\/es-es\/guide\/safari\/sfri11471\/mac\">Configuraci\u00f3 de cookies de Safari.<\/a><\/li>\n<\/ul>\n<p>Aquests navegadors estan sotmesos a actualitzacions o modificacions, pel que no podem garantir que s&#8217;ajustin completament a la versi\u00f3 del seu navegador. Tamb\u00e9 pot ser que utilitzi un altre navegador no contemplat en aquests enlla\u00e7os com ara Konqueror, Arora, Flock, etc. Per evitar aquests desajustos, pot accedir directament des de les opcions del seu navegador que es troba generalment al men\u00fa d&#8217;Opcions, a la secci\u00f3 de &#8220;Privacitat&#8221;. (Si us plau, consulteu l&#8217;ajuda del seu navegador per a m\u00e9s informaci\u00f3.)<\/p>\n<ol start=\"5\">\n<li><b>ON PUC OBTENIR M\u00c9S INFORMACI\u00d3 ?<\/b><\/li>\n<\/ol>\n<p>Pots trobar m\u00e9s informaci\u00f3 sobre cookies a:<\/p>\n<p><span class=\"Apple-converted-space\">\u00a0<\/span><a href=\"http:\/\/www.allaboutcookies.org\/\">www.allaboutcookies.org<\/a> o <a href=\"http:\/\/www.youronlinecho\">www.youronlinechoices.eu.<\/a><\/p>\n","protected":false},"excerpt":{"rendered":"<p>QU\u00c8 S\u00d3N LES COOKIES ? Les cookies s\u00f3n petits arxius de dades que es reben en el terminal des del lloc web visitat i s&#8217;usen per registrar certes interaccions de la navegaci\u00f3 en un lloc web emmagatzemant dades que podran ser actualitzats i recuperats. Aquests&#8230;<\/p>\n","protected":false},"author":1,"featured_media":0,"parent":0,"menu_order":0,"comment_status":"open","ping_status":"open","template":"","meta":{"footnotes":""},"yoast_head":"<!-- This site is optimized with the Yoast SEO plugin v22.6 - https:\/\/yoast.com\/wordpress\/plugins\/seo\/ -->\n<title>Pol\u00edtica de cookies - LUCMAR<\/title>\n<meta name=\"robots\" content=\"index, follow, max-snippet:-1, max-image-preview:large, max-video-preview:-1\" \/>\n<link rel=\"canonical\" href=\"https:\/\/www.lucmarfincas.es\/ca\/politica-de-cookies\/\" \/>\n<meta property=\"og:locale\" content=\"ca_ES\" \/>\n<meta property=\"og:type\" content=\"article\" \/>\n<meta property=\"og:title\" content=\"Pol\u00edtica de cookies - LUCMAR\" \/>\n<meta property=\"og:description\" content=\"QU\u00c8 S\u00d3N LES COOKIES ? Les cookies s\u00f3n petits arxius de dades que es reben en el terminal des del lloc web visitat i s&#8217;usen per registrar certes interaccions de la navegaci\u00f3 en un lloc web emmagatzemant dades que podran ser actualitzats i recuperats. Aquests...\" \/>\n<meta property=\"og:url\" content=\"https:\/\/www.lucmarfincas.es\/ca\/politica-de-cookies\/\" \/>\n<meta property=\"og:site_name\" content=\"LUCMAR\" \/>\n<meta name=\"twitter:card\" content=\"summary_large_image\" \/>\n<meta name=\"twitter:label1\" content=\"Temps estimat de lectura\" \/>\n\t<meta name=\"twitter:data1\" content=\"7 minuts\" \/>\n<script type=\"application\/ld+json\" class=\"yoast-schema-graph\">{\"@context\":\"https:\/\/schema.org\",\"@graph\":[{\"@type\":\"WebPage\",\"@id\":\"https:\/\/www.lucmarfincas.es\/ca\/politica-de-cookies\/\",\"url\":\"https:\/\/www.lucmarfincas.es\/ca\/politica-de-cookies\/\",\"name\":\"Pol\u00edtica de cookies - LUCMAR\",\"isPartOf\":{\"@id\":\"https:\/\/www.lucmarfincas.es\/ca\/#website\"},\"datePublished\":\"2021-02-09T05:07:32+00:00\",\"dateModified\":\"2021-02-09T05:07:32+00:00\",\"breadcrumb\":{\"@id\":\"https:\/\/www.lucmarfincas.es\/ca\/politica-de-cookies\/#breadcrumb\"},\"inLanguage\":\"ca\",\"potentialAction\":[{\"@type\":\"ReadAction\",\"target\":[\"https:\/\/www.lucmarfincas.es\/ca\/politica-de-cookies\/\"]}]},{\"@type\":\"BreadcrumbList\",\"@id\":\"https:\/\/www.lucmarfincas.es\/ca\/politica-de-cookies\/#breadcrumb\",\"itemListElement\":[{\"@type\":\"ListItem\",\"position\":1,\"name\":\"Inici\",\"item\":\"https:\/\/www.lucmarfincas.es\/ca\/\"},{\"@type\":\"ListItem\",\"position\":2,\"name\":\"Pol\u00edtica de cookies\"}]},{\"@type\":\"WebSite\",\"@id\":\"https:\/\/www.lucmarfincas.es\/ca\/#website\",\"url\":\"https:\/\/www.lucmarfincas.es\/ca\/\",\"name\":\"LUCMAR\",\"description\":\"LUCMAR respon: 930 237 496 \/ 609 578 903\",\"potentialAction\":[{\"@type\":\"SearchAction\",\"target\":{\"@type\":\"EntryPoint\",\"urlTemplate\":\"https:\/\/www.lucmarfincas.es\/ca\/?s={search_term_string}\"},\"query-input\":\"required name=search_term_string\"}],\"inLanguage\":\"ca\"}]}<\/script>\n<!-- \/ Yoast SEO plugin. -->","yoast_head_json":{"title":"Pol\u00edtica de cookies - LUCMAR","robots":{"index":"index","follow":"follow","max-snippet":"max-snippet:-1","max-image-preview":"max-image-preview:large","max-video-preview":"max-video-preview:-1"},"canonical":"https:\/\/www.lucmarfincas.es\/ca\/politica-de-cookies\/","og_locale":"ca_ES","og_type":"article","og_title":"Pol\u00edtica de cookies - LUCMAR","og_description":"QU\u00c8 S\u00d3N LES COOKIES ? Les cookies s\u00f3n petits arxius de dades que es reben en el terminal des del lloc web visitat i s&#8217;usen per registrar certes interaccions de la navegaci\u00f3 en un lloc web emmagatzemant dades que podran ser actualitzats i recuperats. Aquests...","og_url":"https:\/\/www.lucmarfincas.es\/ca\/politica-de-cookies\/","og_site_name":"LUCMAR","twitter_card":"summary_large_image","twitter_misc":{"Temps estimat de lectura":"7 minuts"},"schema":{"@context":"https:\/\/schema.org","@graph":[{"@type":"WebPage","@id":"https:\/\/www.lucmarfincas.es\/ca\/politica-de-cookies\/","url":"https:\/\/www.lucmarfincas.es\/ca\/politica-de-cookies\/","name":"Pol\u00edtica de cookies - LUCMAR","isPartOf":{"@id":"https:\/\/www.lucmarfincas.es\/ca\/#website"},"datePublished":"2021-02-09T05:07:32+00:00","dateModified":"2021-02-09T05:07:32+00:00","breadcrumb":{"@id":"https:\/\/www.lucmarfincas.es\/ca\/politica-de-cookies\/#breadcrumb"},"inLanguage":"ca","potentialAction":[{"@type":"ReadAction","target":["https:\/\/www.lucmarfincas.es\/ca\/politica-de-cookies\/"]}]},{"@type":"BreadcrumbList","@id":"https:\/\/www.lucmarfincas.es\/ca\/politica-de-cookies\/#breadcrumb","itemListElement":[{"@type":"ListItem","position":1,"name":"Inici","item":"https:\/\/www.lucmarfincas.es\/ca\/"},{"@type":"ListItem","position":2,"name":"Pol\u00edtica de cookies"}]},{"@type":"WebSite","@id":"https:\/\/www.lucmarfincas.es\/ca\/#website","url":"https:\/\/www.lucmarfincas.es\/ca\/","name":"LUCMAR","description":"LUCMAR respon: 930 237 496 \/ 609 578 903","potentialAction":[{"@type":"SearchAction","target":{"@type":"EntryPoint","urlTemplate":"https:\/\/www.lucmarfincas.es\/ca\/?s={search_term_string}"},"query-input":"required name=search_term_string"}],"inLanguage":"ca"}]}},"_links":{"self":[{"href":"https:\/\/www.lucmarfincas.es\/ca\/wp-json\/wp\/v2\/pages\/16597"}],"collection":[{"href":"https:\/\/www.lucmarfincas.es\/ca\/wp-json\/wp\/v2\/pages"}],"about":[{"href":"https:\/\/www.lucmarfincas.es\/ca\/wp-json\/wp\/v2\/types\/page"}],"author":[{"embeddable":true,"href":"https:\/\/www.lucmarfincas.es\/ca\/wp-json\/wp\/v2\/users\/1"}],"replies":[{"embeddable":true,"href":"https:\/\/www.lucmarfincas.es\/ca\/wp-json\/wp\/v2\/comments?post=16597"}],"version-history":[{"count":1,"href":"https:\/\/www.lucmarfincas.es\/ca\/wp-json\/wp\/v2\/pages\/16597\/revisions"}],"predecessor-version":[{"id":16598,"href":"https:\/\/www.lucmarfincas.es\/ca\/wp-json\/wp\/v2\/pages\/16597\/revisions\/16598"}],"wp:attachment":[{"href":"https:\/\/www.lucmarfincas.es\/ca\/wp-json\/wp\/v2\/media?parent=16597"}],"curies":[{"name":"wp","href":"https:\/\/api.w.org\/{rel}","templated":true}]}}