{"id":16202,"date":"2015-02-04T11:18:28","date_gmt":"2015-02-04T11:18:28","guid":{"rendered":"http:\/\/www.lucmarfincas.es\/serveis-2\/"},"modified":"2015-04-03T07:19:16","modified_gmt":"2015-04-03T07:19:16","slug":"servicios","status":"publish","type":"page","link":"https:\/\/www.lucmarfincas.es\/es\/servicios\/","title":{"rendered":"Servicios"},"content":{"rendered":"<p>[vc_row row_type=\u00bbrow\u00bb type=\u00bbgrid\u00bb text_align=\u00bbleft\u00bb padding_top=\u00bb73&#8243; background_color=\u00bb#ffffff\u00bb padding_bottom=\u00bb80&#8243; border_color=\u00bb#ffffff\u00bb use_row_as_full_screen_section=\u00bbno\u00bb background_image_as_pattern=\u00bbwithout_pattern\u00bb][vc_column width=\u00bb1\/1&#8243;][vc_column_text]<\/p>\n<h3 style=\"text-align: center;\">Todos los servicios para su Comunidad de Vecinos<\/h3>\n<p>[\/vc_column_text][\/vc_column][\/vc_row][vc_row row_type=\u00bbrow\u00bb use_row_as_full_screen_section=\u00bbno\u00bb type=\u00bbgrid\u00bb text_align=\u00bbleft\u00bb background_image_as_pattern=\u00bbwithout_pattern\u00bb][vc_column width=\u00bb1\/3&#8243;][vc_single_image image=\u00bb16479&#8243; alignment=\u00bbcenter\u00bb border_color=\u00bbgrey\u00bb img_link_target=\u00bb_self\u00bb img_size=\u00bblarge\u00bb link=\u00bbmantenimiento-de-la-comunidad\u00bb][vc_separator type=\u00bbtransparent\u00bb position=\u00bbcenter\u00bb up=\u00bb25&#8243; down=\u00bb0&#8243;][vc_column_text]<\/p>\n<h5><a title=\"Mantenimiento de la comunidad\" href=\"http:\/\/www.lucmarfincas.es\/es\/servicios\/mantenimiento-de-la-comunidad\/\">MANTENIMIENTO DE LA COMUNIDAD<\/a><\/h5>\n<p>[\/vc_column_text][vc_separator type=\u00bbtransparent\u00bb position=\u00bbcenter\u00bb up=\u00bb6&#8243; down=\u00bb0&#8243;][vc_column_text]Visitas peri\u00f3dicas a las Comunidades<b> <\/b>para supervisar su estado y sus necesidades.[\/vc_column_text][vc_separator type=\u00bbtransparent\u00bb position=\u00bbcenter\u00bb up=\u00bb76&#8243; down=\u00bb0&#8243;][\/vc_column][vc_column width=\u00bb1\/3&#8243;][vc_single_image image=\u00bb16524&#8243; alignment=\u00bbcenter\u00bb border_color=\u00bbgrey\u00bb img_link_target=\u00bb_self\u00bb img_size=\u00bblarge\u00bb link=\u00bbreduccion-de-la-morosidad\u00bb][vc_separator type=\u00bbtransparent\u00bb position=\u00bbcenter\u00bb up=\u00bb25&#8243; down=\u00bb0&#8243;][vc_column_text]<\/p>\n<h5><a title=\"Reducci\u00f3n de la morosidad\" href=\"http:\/\/www.lucmarfincas.es\/es\/servicios\/reduccion-de-la-morosidad\/\">REDUCCI\u00d3N DE LA MOROSIDAD <\/a><\/h5>\n<p>[\/vc_column_text][vc_separator type=\u00bbtransparent\u00bb position=\u00bbcenter\u00bb up=\u00bb6&#8243; down=\u00bb0&#8243;][vc_column_text]Nuestro objetivo es reducir de forma \u00e1gil y r\u00e1pida el n\u00famero de morosos de su Comunidad.[\/vc_column_text][vc_separator type=\u00bbtransparent\u00bb position=\u00bbcenter\u00bb up=\u00bb76&#8243; down=\u00bb0&#8243;][\/vc_column][vc_column width=\u00bb1\/3&#8243;][vc_single_image image=\u00bb16445&#8243; alignment=\u00bbcenter\u00bb border_color=\u00bbgrey\u00bb img_link_target=\u00bb_self\u00bb img_size=\u00bblarge\u00bb link=\u00bbnuevas-tecnologias\u00bb][vc_separator type=\u00bbtransparent\u00bb position=\u00bbcenter\u00bb up=\u00bb25&#8243; down=\u00bb0&#8243;][vc_column_text]<\/p>\n<h5><a title=\"Nuevas Tecnolog\u00edas\" href=\"http:\/\/www.lucmarfincas.es\/es\/servicios\/nuevas-tecnologias\/\">NUEVAS TECNOLOG\u00cdAS<\/a><\/h5>\n<p>[\/vc_column_text][vc_separator type=\u00bbtransparent\u00bb position=\u00bbcenter\u00bb up=\u00bb6&#8243; down=\u00bb0&#8243;][vc_column_text]Ponemos a su disposici\u00f3n las nuevas tecnolog\u00edas para tener un contacto directo y transparente.[\/vc_column_text][vc_separator type=\u00bbtransparent\u00bb position=\u00bbcenter\u00bb up=\u00bb76&#8243; down=\u00bb0&#8243;][\/vc_column][\/vc_row][vc_row row_type=\u00bbrow\u00bb use_row_as_full_screen_section=\u00bbno\u00bb type=\u00bbgrid\u00bb text_align=\u00bbleft\u00bb background_image_as_pattern=\u00bbwithout_pattern\u00bb][vc_column width=\u00bb1\/3&#8243;][vc_single_image image=\u00bb16525&#8243; alignment=\u00bbcenter\u00bb border_color=\u00bbgrey\u00bb img_link_target=\u00bb_self\u00bb img_size=\u00bblarge\u00bb link=\u00bbadministracion\u00bb][vc_separator type=\u00bbtransparent\u00bb position=\u00bbcenter\u00bb up=\u00bb25&#8243; down=\u00bb0&#8243;][vc_column_text]<\/p>\n<h5><a title=\"Administraci\u00f3n\" href=\"http:\/\/www.lucmarfincas.es\/es\/servicios\/administracion\/\">ADMINISTRACI\u00d3N<\/a><\/h5>\n<p>[\/vc_column_text][vc_separator type=\u00bbtransparent\u00bb position=\u00bbcenter\u00bb up=\u00bb6&#8243; down=\u00bb0&#8243;][vc_column_text]Gestionamos la contabilidad de la Comunidad de forma clara y transparente. Custodiamos todos sus documentos de forma ordenada y accesible. Usted podr\u00e1 consultar en cualquier momento toda la documentaci\u00f3n relativa a la Comunidad mediante nuestro <b>despacho virtual 24 HORAS.<\/b>[\/vc_column_text][vc_separator type=\u00bbtransparent\u00bb position=\u00bbcenter\u00bb up=\u00bb76&#8243; down=\u00bb0&#8243;][\/vc_column][vc_column width=\u00bb1\/3&#8243;][vc_single_image image=\u00bb16526&#8243; alignment=\u00bbcenter\u00bb border_color=\u00bbgrey\u00bb img_link_target=\u00bb_self\u00bb img_size=\u00bblarge\u00bb link=\u00bbasesoramiento-juridico\u00bb][vc_separator type=\u00bbtransparent\u00bb position=\u00bbcenter\u00bb up=\u00bb25&#8243; down=\u00bb0&#8243;][vc_column_text]<\/p>\n<h5><a title=\"Asesoramiento Jur\u00eddico\" href=\"http:\/\/www.lucmarfincas.es\/es\/servicios\/asesoramiento-juridico\/\">ASESORAMIENTO JUR\u00cdDICO <\/a><\/h5>\n<p>[\/vc_column_text][vc_separator type=\u00bbtransparent\u00bb position=\u00bbcenter\u00bb up=\u00bb6&#8243; down=\u00bb0&#8243;][vc_column_text]Nuestro equipo jur\u00eddico formado por Abogados y Gestores le asesoraran sobre cualquier cuesti\u00f3n jur\u00eddica que afecte a su Comunidad. Al mismo tiempo podr\u00e1 disponer de nuestros expertos para un asesoramiento jur\u00eddico personalizado para resolver cualquier cuesti\u00f3n legal que necesite tanto a nivel particular como empresarial.[\/vc_column_text][vc_separator type=\u00bbtransparent\u00bb position=\u00bbcenter\u00bb up=\u00bb76&#8243; down=\u00bb0&#8243;][\/vc_column][vc_column width=\u00bb1\/3&#8243;][vc_single_image image=\u00bb16527&#8243; alignment=\u00bbcenter\u00bb border_color=\u00bbgrey\u00bb img_link_target=\u00bb_self\u00bb img_size=\u00bblarge\u00bb link=\u00bbasesoramiento-tecnico\u00bb][vc_separator type=\u00bbtransparent\u00bb position=\u00bbcenter\u00bb up=\u00bb25&#8243; down=\u00bb0&#8243;][vc_column_text]<\/p>\n<h5><a title=\"Asesoramiento T\u00e9cnico\" href=\"http:\/\/www.lucmarfincas.es\/es\/servicios\/asesoramiento-tecnico\/\">ASESSORAMIENTO T\u00c9CNICO<\/a><\/h5>\n<p>[\/vc_column_text][vc_separator type=\u00bbtransparent\u00bb position=\u00bbcenter\u00bb up=\u00bb6&#8243; down=\u00bb0&#8243;][vc_column_text]Disponemos de un equipo de Ingenieros y Arquitectos para poder dar cobertura a cualquier necesidad ya sea en edificios o en viviendas particulares. Nuestros profesionales le orientaran en todo aquello que necesite para hacer realidad su proyecto de reforma o rehabilitaci\u00f3n.[\/vc_column_text][vc_separator type=\u00bbtransparent\u00bb position=\u00bbcenter\u00bb up=\u00bb76&#8243; down=\u00bb0&#8243;][\/vc_column][\/vc_row]<\/p>\n","protected":false},"excerpt":{"rendered":"<p>[vc_row row_type=\u00bbrow\u00bb type=\u00bbgrid\u00bb text_align=\u00bbleft\u00bb padding_top=\u00bb73&#8243; background_color=\u00bb#ffffff\u00bb padding_bottom=\u00bb80&#8243; border_color=\u00bb#ffffff\u00bb use_row_as_full_screen_section=\u00bbno\u00bb background_image_as_pattern=\u00bbwithout_pattern\u00bb][vc_column width=\u00bb1\/1&#8243;][vc_column_text] Todos los servicios para su Comunidad de Vecinos [\/vc_column_text][\/vc_column][\/vc_row][vc_row row_type=\u00bbrow\u00bb use_row_as_full_screen_section=\u00bbno\u00bb type=\u00bbgrid\u00bb text_align=\u00bbleft\u00bb background_image_as_pattern=\u00bbwithout_pattern\u00bb][vc_column width=\u00bb1\/3&#8243;][vc_single_image image=\u00bb16479&#8243; alignment=\u00bbcenter\u00bb border_color=\u00bbgrey\u00bb img_link_target=\u00bb_self\u00bb img_size=\u00bblarge\u00bb link=\u00bbmantenimiento-de-la-comunidad\u00bb][vc_separator type=\u00bbtransparent\u00bb position=\u00bbcenter\u00bb up=\u00bb25&#8243; down=\u00bb0&#8243;][vc_column_text] MANTENIMIENTO DE LA COMUNIDAD [\/vc_column_text][vc_separator type=\u00bbtransparent\u00bb position=\u00bbcenter\u00bb up=\u00bb6&#8243; down=\u00bb0&#8243;][vc_column_text]Visitas&#8230;<\/p>\n","protected":false},"author":1,"featured_media":0,"parent":0,"menu_order":0,"comment_status":"open","ping_status":"closed","template":"full_width.php","meta":{"footnotes":""},"yoast_head":"<!-- This site is optimized with the Yoast SEO plugin v22.6 - https:\/\/yoast.com\/wordpress\/plugins\/seo\/ -->\n<title>Servicios - LUCMAR<\/title>\n<meta name=\"robots\" content=\"index, follow, max-snippet:-1, max-image-preview:large, max-video-preview:-1\" \/>\n<link rel=\"canonical\" href=\"https:\/\/www.lucmarfincas.es\/es\/servicios\/\" \/>\n<meta property=\"og:locale\" content=\"es_ES\" \/>\n<meta property=\"og:type\" content=\"article\" \/>\n<meta property=\"og:title\" content=\"Servicios - LUCMAR\" \/>\n<meta property=\"og:description\" content=\"[vc_row row_type=\u00bbrow\u00bb type=\u00bbgrid\u00bb text_align=\u00bbleft\u00bb padding_top=\u00bb73&#8243; background_color=\u00bb#ffffff\u00bb padding_bottom=\u00bb80&#8243; border_color=\u00bb#ffffff\u00bb use_row_as_full_screen_section=\u00bbno\u00bb background_image_as_pattern=\u00bbwithout_pattern\u00bb][vc_column width=\u00bb1\/1&#8243;][vc_column_text] Todos los servicios para su Comunidad de Vecinos [\/vc_column_text][\/vc_column][\/vc_row][vc_row row_type=\u00bbrow\u00bb use_row_as_full_screen_section=\u00bbno\u00bb type=\u00bbgrid\u00bb text_align=\u00bbleft\u00bb background_image_as_pattern=\u00bbwithout_pattern\u00bb][vc_column width=\u00bb1\/3&#8243;][vc_single_image image=\u00bb16479&#8243; alignment=\u00bbcenter\u00bb border_color=\u00bbgrey\u00bb img_link_target=\u00bb_self\u00bb img_size=\u00bblarge\u00bb link=\u00bbmantenimiento-de-la-comunidad\u00bb][vc_separator type=\u00bbtransparent\u00bb position=\u00bbcenter\u00bb up=\u00bb25&#8243; down=\u00bb0&#8243;][vc_column_text] MANTENIMIENTO DE LA COMUNIDAD [\/vc_column_text][vc_separator type=\u00bbtransparent\u00bb position=\u00bbcenter\u00bb up=\u00bb6&#8243; down=\u00bb0&#8243;][vc_column_text]Visitas...\" \/>\n<meta property=\"og:url\" content=\"https:\/\/www.lucmarfincas.es\/es\/servicios\/\" \/>\n<meta property=\"og:site_name\" content=\"LUCMAR\" \/>\n<meta property=\"article:modified_time\" content=\"2015-04-03T07:19:16+00:00\" \/>\n<meta name=\"twitter:card\" content=\"summary_large_image\" \/>\n<meta name=\"twitter:label1\" content=\"Tiempo de lectura\" \/>\n\t<meta name=\"twitter:data1\" content=\"3 minutos\" \/>\n<script type=\"application\/ld+json\" class=\"yoast-schema-graph\">{\"@context\":\"https:\/\/schema.org\",\"@graph\":[{\"@type\":\"WebPage\",\"@id\":\"https:\/\/www.lucmarfincas.es\/es\/servicios\/\",\"url\":\"https:\/\/www.lucmarfincas.es\/es\/servicios\/\",\"name\":\"Servicios - LUCMAR\",\"isPartOf\":{\"@id\":\"https:\/\/www.lucmarfincas.es\/es\/#website\"},\"datePublished\":\"2015-02-04T11:18:28+00:00\",\"dateModified\":\"2015-04-03T07:19:16+00:00\",\"breadcrumb\":{\"@id\":\"https:\/\/www.lucmarfincas.es\/es\/servicios\/#breadcrumb\"},\"inLanguage\":\"es\",\"potentialAction\":[{\"@type\":\"ReadAction\",\"target\":[\"https:\/\/www.lucmarfincas.es\/es\/servicios\/\"]}]},{\"@type\":\"BreadcrumbList\",\"@id\":\"https:\/\/www.lucmarfincas.es\/es\/servicios\/#breadcrumb\",\"itemListElement\":[{\"@type\":\"ListItem\",\"position\":1,\"name\":\"Inici\",\"item\":\"https:\/\/www.lucmarfincas.es\/es\/\"},{\"@type\":\"ListItem\",\"position\":2,\"name\":\"Servicios\"}]},{\"@type\":\"WebSite\",\"@id\":\"https:\/\/www.lucmarfincas.es\/es\/#website\",\"url\":\"https:\/\/www.lucmarfincas.es\/es\/\",\"name\":\"LUCMAR\",\"description\":\"LUCMAR responde: 930 237 496 \/ 609 578 903\",\"potentialAction\":[{\"@type\":\"SearchAction\",\"target\":{\"@type\":\"EntryPoint\",\"urlTemplate\":\"https:\/\/www.lucmarfincas.es\/es\/?s={search_term_string}\"},\"query-input\":\"required name=search_term_string\"}],\"inLanguage\":\"es\"}]}<\/script>\n<!-- \/ Yoast SEO plugin. -->","yoast_head_json":{"title":"Servicios - LUCMAR","robots":{"index":"index","follow":"follow","max-snippet":"max-snippet:-1","max-image-preview":"max-image-preview:large","max-video-preview":"max-video-preview:-1"},"canonical":"https:\/\/www.lucmarfincas.es\/es\/servicios\/","og_locale":"es_ES","og_type":"article","og_title":"Servicios - LUCMAR","og_description":"[vc_row row_type=\u00bbrow\u00bb type=\u00bbgrid\u00bb text_align=\u00bbleft\u00bb padding_top=\u00bb73&#8243; background_color=\u00bb#ffffff\u00bb padding_bottom=\u00bb80&#8243; border_color=\u00bb#ffffff\u00bb use_row_as_full_screen_section=\u00bbno\u00bb background_image_as_pattern=\u00bbwithout_pattern\u00bb][vc_column width=\u00bb1\/1&#8243;][vc_column_text] Todos los servicios para su Comunidad de Vecinos [\/vc_column_text][\/vc_column][\/vc_row][vc_row row_type=\u00bbrow\u00bb use_row_as_full_screen_section=\u00bbno\u00bb type=\u00bbgrid\u00bb text_align=\u00bbleft\u00bb background_image_as_pattern=\u00bbwithout_pattern\u00bb][vc_column width=\u00bb1\/3&#8243;][vc_single_image image=\u00bb16479&#8243; alignment=\u00bbcenter\u00bb border_color=\u00bbgrey\u00bb img_link_target=\u00bb_self\u00bb img_size=\u00bblarge\u00bb link=\u00bbmantenimiento-de-la-comunidad\u00bb][vc_separator type=\u00bbtransparent\u00bb position=\u00bbcenter\u00bb up=\u00bb25&#8243; down=\u00bb0&#8243;][vc_column_text] MANTENIMIENTO DE LA COMUNIDAD [\/vc_column_text][vc_separator type=\u00bbtransparent\u00bb position=\u00bbcenter\u00bb up=\u00bb6&#8243; down=\u00bb0&#8243;][vc_column_text]Visitas...","og_url":"https:\/\/www.lucmarfincas.es\/es\/servicios\/","og_site_name":"LUCMAR","article_modified_time":"2015-04-03T07:19:16+00:00","twitter_card":"summary_large_image","twitter_misc":{"Tiempo de lectura":"3 minutos"},"schema":{"@context":"https:\/\/schema.org","@graph":[{"@type":"WebPage","@id":"https:\/\/www.lucmarfincas.es\/es\/servicios\/","url":"https:\/\/www.lucmarfincas.es\/es\/servicios\/","name":"Servicios - LUCMAR","isPartOf":{"@id":"https:\/\/www.lucmarfincas.es\/es\/#website"},"datePublished":"2015-02-04T11:18:28+00:00","dateModified":"2015-04-03T07:19:16+00:00","breadcrumb":{"@id":"https:\/\/www.lucmarfincas.es\/es\/servicios\/#breadcrumb"},"inLanguage":"es","potentialAction":[{"@type":"ReadAction","target":["https:\/\/www.lucmarfincas.es\/es\/servicios\/"]}]},{"@type":"BreadcrumbList","@id":"https:\/\/www.lucmarfincas.es\/es\/servicios\/#breadcrumb","itemListElement":[{"@type":"ListItem","position":1,"name":"Inici","item":"https:\/\/www.lucmarfincas.es\/es\/"},{"@type":"ListItem","position":2,"name":"Servicios"}]},{"@type":"WebSite","@id":"https:\/\/www.lucmarfincas.es\/es\/#website","url":"https:\/\/www.lucmarfincas.es\/es\/","name":"LUCMAR","description":"LUCMAR responde: 930 237 496 \/ 609 578 903","potentialAction":[{"@type":"SearchAction","target":{"@type":"EntryPoint","urlTemplate":"https:\/\/www.lucmarfincas.es\/es\/?s={search_term_string}"},"query-input":"required name=search_term_string"}],"inLanguage":"es"}]}},"_links":{"self":[{"href":"https:\/\/www.lucmarfincas.es\/es\/wp-json\/wp\/v2\/pages\/16202"}],"collection":[{"href":"https:\/\/www.lucmarfincas.es\/es\/wp-json\/wp\/v2\/pages"}],"about":[{"href":"https:\/\/www.lucmarfincas.es\/es\/wp-json\/wp\/v2\/types\/page"}],"author":[{"embeddable":true,"href":"https:\/\/www.lucmarfincas.es\/es\/wp-json\/wp\/v2\/users\/1"}],"replies":[{"embeddable":true,"href":"https:\/\/www.lucmarfincas.es\/es\/wp-json\/wp\/v2\/comments?post=16202"}],"version-history":[{"count":35,"href":"https:\/\/www.lucmarfincas.es\/es\/wp-json\/wp\/v2\/pages\/16202\/revisions"}],"predecessor-version":[{"id":16529,"href":"https:\/\/www.lucmarfincas.es\/es\/wp-json\/wp\/v2\/pages\/16202\/revisions\/16529"}],"wp:attachment":[{"href":"https:\/\/www.lucmarfincas.es\/es\/wp-json\/wp\/v2\/media?parent=16202"}],"curies":[{"name":"wp","href":"https:\/\/api.w.org\/{rel}","templated":true}]}}