{"id":16204,"date":"2015-02-04T11:16:19","date_gmt":"2015-02-04T11:16:19","guid":{"rendered":"http:\/\/www.lucmarfincas.es\/inici-2\/"},"modified":"2021-05-06T04:34:20","modified_gmt":"2021-05-06T03:34:20","slug":"inici","status":"publish","type":"page","link":"https:\/\/www.lucmarfincas.es\/es\/","title":{"rendered":"Inicio"},"content":{"rendered":"<p>[vc_row css_animation=\u00bb\u00bb row_type=\u00bbrow\u00bb use_row_as_full_screen_section=\u00bbno\u00bb type=\u00bbfull_width\u00bb angled_section=\u00bbno\u00bb text_align=\u00bbleft\u00bb background_image_as_pattern=\u00bbwithout_pattern\u00bb background_color=\u00bb#ffffff\u00bb border_color=\u00bb#eeeeee\u00bb][vc_column]<div class=\"call_to_action normal\" style=\"background-color: rgba(0,158,227,0.7);\"><div class=\"container_inner\"><div class=\"two_columns_75_25 clearfix\"><div class=\"text_wrapper column1\"><div class=\"call_to_action_text  font_size_inherit\" style=\"font-size:16px;\">Solicite presupuesto sin compromiso<\/div><\/div><div class=\"button_wrapper column2\"><a itemprop=\"url\" href=\"presupuesto\" class=\"qbutton white medium\" target=\"\" style=\"color: #ffffff;border-color: #009ee3;background-color: #009ee3;\" data-hover-background-color=#ffffff data-hover-border-color=#ffffff data-hover-color=#009ee3>Presupuesto<\/a><\/div><\/div><\/div><\/div>[\/vc_column][\/vc_row][vc_row css_animation=\u00bb\u00bb row_type=\u00bbrow\u00bb use_row_as_full_screen_section=\u00bbno\u00bb type=\u00bbgrid\u00bb angled_section=\u00bbno\u00bb text_align=\u00bbleft\u00bb background_image_as_pattern=\u00bbwithout_pattern\u00bb padding_top=\u00bb73&#8243; padding_bottom=\u00bb0&#8243; anchor=\u00bbportfolio\u00bb background_color=\u00bb#ffffff\u00bb border_color=\u00bb#eeeeee\u00bb][vc_column][vc_column_text]<\/p>\n<h2 style=\"text-align: center;\">Al servicio de las Comunidades de vecinos.<\/h2>\n<p>[\/vc_column_text][vc_separator type=\u00bbsmall\u00bb position=\u00bbcenter\u00bb down=\u00bb20&#8243; up=\u00bb20&#8243; color=\u00bb#818181&#8243;][vc_column_text]<\/p>\n<h3 style=\"text-align: center;\">En LUCMAR nos mueve la vocaci\u00f3n de servicio<\/h3>\n<p>[\/vc_column_text][vc_separator type=\u00bbtransparent\u00bb up=\u00bb45&#8243; down=\u00bb18&#8243;][vc_row_inner row_type=\u00bbrow\u00bb type=\u00bbfull_width\u00bb text_align=\u00bbleft\u00bb css_animation=\u00bb\u00bb][vc_column_inner width=\u00bb1\/3&#8243;][vc_single_image image=\u00bb16389&#8243; img_size=\u00bbfull\u00bb qode_css_animation=\u00bb\u00bb][vc_separator type=\u00bbtransparent\u00bb up=\u00bb25&#8243; down=\u00bb0&#8243;][vc_column_text]<\/p>\n<h5>PLATAFORMA VIRTUAL \u2013DESPACHO 24 H<\/h5>\n<p>[\/vc_column_text][vc_separator type=\u00bbtransparent\u00bb up=\u00bb6&#8243; down=\u00bb0&#8243;][vc_column_text]Podr\u00e1 acceder a toda la documentaci\u00f3n de su Comunidad de forma on-line. Con la m\u00e1xima transparencia.[\/vc_column_text][vc_separator type=\u00bbtransparent\u00bb up=\u00bb76&#8243; down=\u00bb0&#8243;][\/vc_column_inner][vc_column_inner width=\u00bb1\/3&#8243;][vc_single_image image=\u00bb16390&#8243; img_size=\u00bbfull\u00bb qode_css_animation=\u00bb\u00bb][vc_separator type=\u00bbtransparent\u00bb up=\u00bb25&#8243; down=\u00bb0&#8243;][vc_column_text]<\/p>\n<h5>TRATO PERSONAL Y ACCESIBLE<\/h5>\n<p>[\/vc_column_text][vc_separator type=\u00bbtransparent\u00bb up=\u00bb6&#8243; down=\u00bb0&#8243;][vc_column_text]Nuestro compromiso con nuestros clientes es constante y se fundamenta en la accesibilidad, la proximidad y la implicaci\u00f3n.[\/vc_column_text][vc_separator type=\u00bbtransparent\u00bb up=\u00bb76&#8243; down=\u00bb0&#8243;][\/vc_column_inner][vc_column_inner width=\u00bb1\/3&#8243;][vc_single_image image=\u00bb16421&#8243; img_size=\u00bblarge\u00bb qode_css_animation=\u00bb\u00bb][vc_separator type=\u00bbtransparent\u00bb up=\u00bb25&#8243; down=\u00bb0&#8243;][vc_column_text]<\/p>\n<h5>ADMINISTRACI\u00d3N \u201cLOW COST\u201d TODO INCLUIDO<\/h5>\n<p>[\/vc_column_text][vc_separator type=\u00bbtransparent\u00bb up=\u00bb6&#8243; down=\u00bb0&#8243;][vc_column_text]Ofrecemos servicios de administraci\u00f3n de fincas con el precio m\u00e1s reducido del mercado. Sin sorpresas, todo incluido.[\/vc_column_text][vc_separator type=\u00bbtransparent\u00bb up=\u00bb76&#8243; down=\u00bb0&#8243;][\/vc_column_inner][\/vc_row_inner][\/vc_column][\/vc_row][vc_row css_animation=\u00bb\u00bb row_type=\u00bbrow\u00bb use_row_as_full_screen_section=\u00bbno\u00bb type=\u00bbgrid\u00bb angled_section=\u00bbno\u00bb text_align=\u00bbleft\u00bb background_image_as_pattern=\u00bbwithout_pattern\u00bb padding_top=\u00bb97&#8243; padding_bottom=\u00bb34&#8243; background_color=\u00bb#f8f8f8&#8243; border_color=\u00bb#eeeeee\u00bb el_class=\u00bbhome-services\u00bb][vc_column][vc_row_inner row_type=\u00bbrow\u00bb type=\u00bbfull_width\u00bb text_align=\u00bbleft\u00bb css_animation=\u00bb\u00bb][vc_column_inner width=\u00bb1\/2&#8243;]<div class='q_icon_with_title medium circle '><div class=\"icon_holder q_icon_animation\" style=\" transition-delay: 100ms; -webkit-transition-delay: 100ms; -moz-transition-delay: 100ms; -o-transition-delay: 100ms;\"><span data-icon-type=\"circle\"   class=\"qode_iwt_icon_holder fa-stack fa-3x  \" style=\"border-color: #009ee3;background-color: #009ee3;\"><i class=\"qode_icon_font_awesome fa fa-laptop qode_iwt_icon_element\" style=\"color: #ffffff;\" ><\/i><\/span><\/div><div class=\"icon_text_holder\" style=\"\"><div class=\"icon_text_inner\" style=\"\"><h5 class=\"icon_title\" style=\"\">GESTI\u00d3N ADMINISTRATIVA Y ECON\u00d3MICA<\/h5><p style=''>Gestionamos la contabilidad y los documentos de su Comunidad de forma clara y transparente, siempre al d\u00eda y a su disposici\u00f3n.<\/p><a itemprop='url' class='icon_with_title_link' href='administracion' target='_self' style=''>Saber m\u00e1s<\/a><\/div><\/div><\/div>[vc_separator type=\u00bbtransparent\u00bb up=\u00bb26&#8243; down=\u00bb24&#8243;][\/vc_column_inner][vc_column_inner width=\u00bb1\/2&#8243;]<div class='q_icon_with_title medium circle '><div class=\"icon_holder q_icon_animation\" style=\" transition-delay: 100ms; -webkit-transition-delay: 100ms; -moz-transition-delay: 100ms; -o-transition-delay: 100ms;\"><span data-icon-type=\"circle\"   class=\"qode_iwt_icon_holder fa-stack fa-3x  \" style=\"border-color: #009ee3;background-color: #009ee3;\"><i class=\"qode_icon_font_awesome fa fa-money qode_iwt_icon_element\" style=\"color: #ffffff;\" ><\/i><\/span><\/div><div class=\"icon_text_holder\" style=\"\"><div class=\"icon_text_inner\" style=\"\"><h5 class=\"icon_title\" style=\"\">REDUCCI\u00d3N DE LA MOROSIDAD<\/h5><p style=''>Desde LUCMAR contamos con un sistema propio de gesti\u00f3n de cobro de morosos ofreciendo una amplia protecci\u00f3n jur\u00eddica a su Comunidad.<\/p><a itemprop='url' class='icon_with_title_link' href='reduccion-de-la-morosidad' target='_self' style=''>Saber m\u00e1s<\/a><\/div><\/div><\/div>[vc_separator type=\u00bbtransparent\u00bb up=\u00bb26&#8243; down=\u00bb26&#8243;][\/vc_column_inner][\/vc_row_inner][vc_row_inner row_type=\u00bbrow\u00bb type=\u00bbfull_width\u00bb text_align=\u00bbleft\u00bb css_animation=\u00bb\u00bb][vc_column_inner width=\u00bb1\/2&#8243;]<div class='q_icon_with_title medium circle '><div class=\"icon_holder q_icon_animation\" style=\" transition-delay: 100ms; -webkit-transition-delay: 100ms; -moz-transition-delay: 100ms; -o-transition-delay: 100ms;\"><span data-icon-type=\"circle\"   class=\"qode_iwt_icon_holder fa-stack fa-3x  \" style=\"border-color: #009ee3;background-color: #009ee3;\"><i class=\"qode_icon_font_awesome fa fa-globe qode_iwt_icon_element\" style=\"color: #ffffff;\" ><\/i><\/span><\/div><div class=\"icon_text_holder\" style=\"\"><div class=\"icon_text_inner\" style=\"\"><h5 class=\"icon_title\" style=\"\">LUCMAR 24 HORAS<\/h5><p style=''>Toda la contabilidad y documentaci\u00f3n de su Comunidad disponible las 24 horas. Acceda a las ventajas on-line.<\/p><a itemprop='url' class='icon_with_title_link' href='nuevas-tecnologias' target='_self' style=''>Saber m\u00e1s<\/a><\/div><\/div><\/div>[vc_separator type=\u00bbtransparent\u00bb up=\u00bb26&#8243; down=\u00bb24&#8243;][\/vc_column_inner][vc_column_inner width=\u00bb1\/2&#8243;]<div class='q_icon_with_title medium circle '><div class=\"icon_holder q_icon_animation\" style=\" transition-delay: 100ms; -webkit-transition-delay: 100ms; -moz-transition-delay: 100ms; -o-transition-delay: 100ms;\"><span data-icon-type=\"circle\"   class=\"qode_iwt_icon_holder fa-stack fa-3x  \" style=\"border-color: #009ee3;background-color: #009ee3;\"><i class=\"qode_icon_font_awesome fa fa-cubes qode_iwt_icon_element\" style=\"color: #ffffff;\" ><\/i><\/span><\/div><div class=\"icon_text_holder\" style=\"\"><div class=\"icon_text_inner\" style=\"\"><h5 class=\"icon_title\" style=\"\">TODOS LOS SERVICIOS<\/h5><p style=''>Acceda al cat\u00e1logo completo de nuestros servicios y contacte con nosotros para aclarar sus dudas.<\/p><a itemprop='url' class='icon_with_title_link' href='servicios' target='_self' style=''>Saber m\u00e1s<\/a><\/div><\/div><\/div>[vc_separator type=\u00bbtransparent\u00bb up=\u00bb26&#8243; down=\u00bb26&#8243;][\/vc_column_inner][\/vc_row_inner][\/vc_column][\/vc_row]<\/p>\n","protected":false},"excerpt":{"rendered":"<p>[vc_row css_animation=\u00bb\u00bb row_type=\u00bbrow\u00bb use_row_as_full_screen_section=\u00bbno\u00bb type=\u00bbfull_width\u00bb angled_section=\u00bbno\u00bb text_align=\u00bbleft\u00bb background_image_as_pattern=\u00bbwithout_pattern\u00bb background_color=\u00bb#ffffff\u00bb border_color=\u00bb#eeeeee\u00bb][vc_column][\/vc_column][\/vc_row][vc_row css_animation=\u00bb\u00bb row_type=\u00bbrow\u00bb use_row_as_full_screen_section=\u00bbno\u00bb type=\u00bbgrid\u00bb angled_section=\u00bbno\u00bb text_align=\u00bbleft\u00bb background_image_as_pattern=\u00bbwithout_pattern\u00bb padding_top=\u00bb73&#8243; padding_bottom=\u00bb0&#8243; anchor=\u00bbportfolio\u00bb background_color=\u00bb#ffffff\u00bb border_color=\u00bb#eeeeee\u00bb][vc_column][vc_column_text] Al servicio de las Comunidades de vecinos. [\/vc_column_text][vc_separator type=\u00bbsmall\u00bb position=\u00bbcenter\u00bb down=\u00bb20&#8243; up=\u00bb20&#8243; color=\u00bb#818181&#8243;][vc_column_text] En LUCMAR nos mueve la vocaci\u00f3n de servicio [\/vc_column_text][vc_separator type=\u00bbtransparent\u00bb&#8230;<\/p>\n","protected":false},"author":1,"featured_media":0,"parent":0,"menu_order":0,"comment_status":"open","ping_status":"closed","template":"full_width.php","meta":{"footnotes":""},"yoast_head":"<!-- This site is optimized with the Yoast SEO plugin v22.6 - https:\/\/yoast.com\/wordpress\/plugins\/seo\/ -->\n<title>LUCMAR | Al servicio de las comunidades de vecinos | 930 237 496<\/title>\n<meta name=\"description\" content=\"Gestionamos la contabilidad y los documentos de su Comunidad de forma clara y transparente, siempre al d\u00eda y a su disposici\u00f3n.\" \/>\n<meta name=\"robots\" content=\"index, follow, max-snippet:-1, max-image-preview:large, max-video-preview:-1\" \/>\n<link rel=\"canonical\" href=\"https:\/\/www.lucmarfincas.es\/es\/\" \/>\n<meta property=\"og:locale\" content=\"es_ES\" \/>\n<meta property=\"og:type\" content=\"article\" \/>\n<meta property=\"og:title\" content=\"LUCMAR | Al servicio de las comunidades de vecinos | 930 237 496\" \/>\n<meta property=\"og:description\" content=\"Gestionamos la contabilidad y los documentos de su Comunidad de forma clara y transparente, siempre al d\u00eda y a su disposici\u00f3n.\" \/>\n<meta property=\"og:url\" content=\"https:\/\/www.lucmarfincas.es\/es\/\" \/>\n<meta property=\"og:site_name\" content=\"LUCMAR\" \/>\n<meta property=\"article:modified_time\" content=\"2021-05-06T03:34:20+00:00\" \/>\n<meta name=\"twitter:card\" content=\"summary_large_image\" \/>\n<meta name=\"twitter:label1\" content=\"Tiempo de lectura\" \/>\n\t<meta name=\"twitter:data1\" content=\"2 minutos\" \/>\n<script type=\"application\/ld+json\" class=\"yoast-schema-graph\">{\"@context\":\"https:\/\/schema.org\",\"@graph\":[{\"@type\":\"WebPage\",\"@id\":\"https:\/\/www.lucmarfincas.es\/es\/\",\"url\":\"https:\/\/www.lucmarfincas.es\/es\/\",\"name\":\"LUCMAR | Al servicio de las comunidades de vecinos | 930 237 496\",\"isPartOf\":{\"@id\":\"https:\/\/www.lucmarfincas.es\/es\/#website\"},\"datePublished\":\"2015-02-04T11:16:19+00:00\",\"dateModified\":\"2021-05-06T03:34:20+00:00\",\"description\":\"Gestionamos la contabilidad y los documentos de su Comunidad de forma clara y transparente, siempre al d\u00eda y a su disposici\u00f3n.\",\"breadcrumb\":{\"@id\":\"https:\/\/www.lucmarfincas.es\/es\/#breadcrumb\"},\"inLanguage\":\"es\",\"potentialAction\":[{\"@type\":\"ReadAction\",\"target\":[\"https:\/\/www.lucmarfincas.es\/es\/\"]}]},{\"@type\":\"BreadcrumbList\",\"@id\":\"https:\/\/www.lucmarfincas.es\/es\/#breadcrumb\",\"itemListElement\":[{\"@type\":\"ListItem\",\"position\":1,\"name\":\"Inici\",\"item\":\"https:\/\/www.lucmarfincas.es\/es\/\"},{\"@type\":\"ListItem\",\"position\":2,\"name\":\"Inicio\"}]},{\"@type\":\"WebSite\",\"@id\":\"https:\/\/www.lucmarfincas.es\/es\/#website\",\"url\":\"https:\/\/www.lucmarfincas.es\/es\/\",\"name\":\"LUCMAR\",\"description\":\"LUCMAR responde: 930 237 496 \/ 609 578 903\",\"potentialAction\":[{\"@type\":\"SearchAction\",\"target\":{\"@type\":\"EntryPoint\",\"urlTemplate\":\"https:\/\/www.lucmarfincas.es\/es\/?s={search_term_string}\"},\"query-input\":\"required name=search_term_string\"}],\"inLanguage\":\"es\"}]}<\/script>\n<!-- \/ Yoast SEO plugin. -->","yoast_head_json":{"title":"LUCMAR | Al servicio de las comunidades de vecinos | 930 237 496","description":"Gestionamos la contabilidad y los documentos de su Comunidad de forma clara y transparente, siempre al d\u00eda y a su disposici\u00f3n.","robots":{"index":"index","follow":"follow","max-snippet":"max-snippet:-1","max-image-preview":"max-image-preview:large","max-video-preview":"max-video-preview:-1"},"canonical":"https:\/\/www.lucmarfincas.es\/es\/","og_locale":"es_ES","og_type":"article","og_title":"LUCMAR | Al servicio de las comunidades de vecinos | 930 237 496","og_description":"Gestionamos la contabilidad y los documentos de su Comunidad de forma clara y transparente, siempre al d\u00eda y a su disposici\u00f3n.","og_url":"https:\/\/www.lucmarfincas.es\/es\/","og_site_name":"LUCMAR","article_modified_time":"2021-05-06T03:34:20+00:00","twitter_card":"summary_large_image","twitter_misc":{"Tiempo de lectura":"2 minutos"},"schema":{"@context":"https:\/\/schema.org","@graph":[{"@type":"WebPage","@id":"https:\/\/www.lucmarfincas.es\/es\/","url":"https:\/\/www.lucmarfincas.es\/es\/","name":"LUCMAR | Al servicio de las comunidades de vecinos | 930 237 496","isPartOf":{"@id":"https:\/\/www.lucmarfincas.es\/es\/#website"},"datePublished":"2015-02-04T11:16:19+00:00","dateModified":"2021-05-06T03:34:20+00:00","description":"Gestionamos la contabilidad y los documentos de su Comunidad de forma clara y transparente, siempre al d\u00eda y a su disposici\u00f3n.","breadcrumb":{"@id":"https:\/\/www.lucmarfincas.es\/es\/#breadcrumb"},"inLanguage":"es","potentialAction":[{"@type":"ReadAction","target":["https:\/\/www.lucmarfincas.es\/es\/"]}]},{"@type":"BreadcrumbList","@id":"https:\/\/www.lucmarfincas.es\/es\/#breadcrumb","itemListElement":[{"@type":"ListItem","position":1,"name":"Inici","item":"https:\/\/www.lucmarfincas.es\/es\/"},{"@type":"ListItem","position":2,"name":"Inicio"}]},{"@type":"WebSite","@id":"https:\/\/www.lucmarfincas.es\/es\/#website","url":"https:\/\/www.lucmarfincas.es\/es\/","name":"LUCMAR","description":"LUCMAR responde: 930 237 496 \/ 609 578 903","potentialAction":[{"@type":"SearchAction","target":{"@type":"EntryPoint","urlTemplate":"https:\/\/www.lucmarfincas.es\/es\/?s={search_term_string}"},"query-input":"required name=search_term_string"}],"inLanguage":"es"}]}},"_links":{"self":[{"href":"https:\/\/www.lucmarfincas.es\/es\/wp-json\/wp\/v2\/pages\/16204"}],"collection":[{"href":"https:\/\/www.lucmarfincas.es\/es\/wp-json\/wp\/v2\/pages"}],"about":[{"href":"https:\/\/www.lucmarfincas.es\/es\/wp-json\/wp\/v2\/types\/page"}],"author":[{"embeddable":true,"href":"https:\/\/www.lucmarfincas.es\/es\/wp-json\/wp\/v2\/users\/1"}],"replies":[{"embeddable":true,"href":"https:\/\/www.lucmarfincas.es\/es\/wp-json\/wp\/v2\/comments?post=16204"}],"version-history":[{"count":35,"href":"https:\/\/www.lucmarfincas.es\/es\/wp-json\/wp\/v2\/pages\/16204\/revisions"}],"predecessor-version":[{"id":16865,"href":"https:\/\/www.lucmarfincas.es\/es\/wp-json\/wp\/v2\/pages\/16204\/revisions\/16865"}],"wp:attachment":[{"href":"https:\/\/www.lucmarfincas.es\/es\/wp-json\/wp\/v2\/media?parent=16204"}],"curies":[{"name":"wp","href":"https:\/\/api.w.org\/{rel}","templated":true}]}}