{"id":16293,"date":"2015-03-25T16:12:31","date_gmt":"2015-03-25T16:12:31","guid":{"rendered":"http:\/\/www.lucmarfincas.es\/serveis\/assessorament-tecnic\/"},"modified":"2015-04-23T09:37:53","modified_gmt":"2015-04-23T09:37:53","slug":"asesoramiento-tecnico","status":"publish","type":"page","link":"https:\/\/www.lucmarfincas.es\/es\/servicios\/asesoramiento-tecnico\/","title":{"rendered":"Asesoramiento T\u00e9cnico"},"content":{"rendered":"<p>[vc_row row_type=\u00bbrow\u00bb type=\u00bbfull_width\u00bb text_align=\u00bbleft\u00bb padding_top=\u00bb0&#8243; background_color=\u00bb#ffffff\u00bb padding_bottom=\u00bb95&#8243; use_row_as_full_screen_section=\u00bbno\u00bb background_image_as_pattern=\u00bbwithout_pattern\u00bb][vc_column width=\u00bb1\/1&#8243;][vc_single_image image=\u00bb16527&#8243; alignment=\u00bbcenter\u00bb border_color=\u00bbgrey\u00bb img_link_target=\u00bb_self\u00bb img_size=\u00bbfull\u00bb][vc_separator type=\u00bbtransparent\u00bb position=\u00bbcenter\u00bb thickness=\u00bb40&#8243;][vc_column_text]A LUCMAR disponemos de un equipo de Arquitectos e Ingenieros para poder dar cobertura a cualquier necesidad que su edificio pueda tener. As\u00ed le proporcionamos los siguientes servicios:<\/p>\n<ul>\n<li>Proyectos de restauraci\u00f3n y reparaci\u00f3n de fachadas, cubiertas e interiores de edificios.<\/li>\n<li>Gesti\u00f3n y tramitaci\u00f3n de ayudas y subvenciones para reformas e\u00a0 instalaciones\u00a0 en edificios.<\/li>\n<li>Asesoramiento y resoluci\u00f3n de cualquier tema relacionado con las instalaciones comunitarias de calefacci\u00f3n, agua caliente, aire acondicionado, reglamento e instrucciones t\u00e9cnicas de canalizaciones de agua, electricidad, gas, telefon\u00eda, porteros, antenas tv, etc.<\/li>\n<li>Asesoramiento y gesti\u00f3n de la certificaci\u00f3n energ\u00e9tica del edificio.<\/li>\n<li>Tramitaci\u00f3n de c\u00e9dulas de habitabilidad.<\/li>\n<li>Tramitaci\u00f3n de licencias de cambio de uso.<\/li>\n<\/ul>\n<p>[\/vc_column_text][\/vc_column][\/vc_row]<\/p>\n","protected":false},"excerpt":{"rendered":"<p>[vc_row row_type=\u00bbrow\u00bb type=\u00bbfull_width\u00bb text_align=\u00bbleft\u00bb padding_top=\u00bb0&#8243; background_color=\u00bb#ffffff\u00bb padding_bottom=\u00bb95&#8243; use_row_as_full_screen_section=\u00bbno\u00bb background_image_as_pattern=\u00bbwithout_pattern\u00bb][vc_column width=\u00bb1\/1&#8243;][vc_single_image image=\u00bb16527&#8243; alignment=\u00bbcenter\u00bb border_color=\u00bbgrey\u00bb img_link_target=\u00bb_self\u00bb img_size=\u00bbfull\u00bb][vc_separator type=\u00bbtransparent\u00bb position=\u00bbcenter\u00bb thickness=\u00bb40&#8243;][vc_column_text]A LUCMAR disponemos de un equipo de Arquitectos e Ingenieros para poder dar cobertura a cualquier necesidad que su edificio pueda tener. As\u00ed le proporcionamos los siguientes servicios:&#8230;<\/p>\n","protected":false},"author":1,"featured_media":0,"parent":16202,"menu_order":8,"comment_status":"closed","ping_status":"closed","template":"","meta":{"footnotes":""},"yoast_head":"<!-- This site is optimized with the Yoast SEO plugin v22.6 - https:\/\/yoast.com\/wordpress\/plugins\/seo\/ -->\n<title>Asesoramiento T\u00e9cnico - LUCMAR<\/title>\n<meta name=\"robots\" content=\"index, follow, max-snippet:-1, max-image-preview:large, max-video-preview:-1\" \/>\n<link rel=\"canonical\" href=\"https:\/\/www.lucmarfincas.es\/es\/servicios\/asesoramiento-tecnico\/\" \/>\n<meta property=\"og:locale\" content=\"es_ES\" \/>\n<meta property=\"og:type\" content=\"article\" \/>\n<meta property=\"og:title\" content=\"Asesoramiento T\u00e9cnico - LUCMAR\" \/>\n<meta property=\"og:description\" content=\"[vc_row row_type=\u00bbrow\u00bb type=\u00bbfull_width\u00bb text_align=\u00bbleft\u00bb padding_top=\u00bb0&#8243; background_color=\u00bb#ffffff\u00bb padding_bottom=\u00bb95&#8243; use_row_as_full_screen_section=\u00bbno\u00bb background_image_as_pattern=\u00bbwithout_pattern\u00bb][vc_column width=\u00bb1\/1&#8243;][vc_single_image image=\u00bb16527&#8243; alignment=\u00bbcenter\u00bb border_color=\u00bbgrey\u00bb img_link_target=\u00bb_self\u00bb img_size=\u00bbfull\u00bb][vc_separator type=\u00bbtransparent\u00bb position=\u00bbcenter\u00bb thickness=\u00bb40&#8243;][vc_column_text]A LUCMAR disponemos de un equipo de Arquitectos e Ingenieros para poder dar cobertura a cualquier necesidad que su edificio pueda tener. As\u00ed le proporcionamos los siguientes servicios:...\" \/>\n<meta property=\"og:url\" content=\"https:\/\/www.lucmarfincas.es\/es\/servicios\/asesoramiento-tecnico\/\" \/>\n<meta property=\"og:site_name\" content=\"LUCMAR\" \/>\n<meta property=\"article:modified_time\" content=\"2015-04-23T09:37:53+00:00\" \/>\n<meta name=\"twitter:card\" content=\"summary_large_image\" \/>\n<meta name=\"twitter:label1\" content=\"Tiempo de lectura\" \/>\n\t<meta name=\"twitter:data1\" content=\"1 minuto\" \/>\n<script type=\"application\/ld+json\" class=\"yoast-schema-graph\">{\"@context\":\"https:\/\/schema.org\",\"@graph\":[{\"@type\":\"WebPage\",\"@id\":\"https:\/\/www.lucmarfincas.es\/es\/servicios\/asesoramiento-tecnico\/\",\"url\":\"https:\/\/www.lucmarfincas.es\/es\/servicios\/asesoramiento-tecnico\/\",\"name\":\"Asesoramiento T\u00e9cnico - LUCMAR\",\"isPartOf\":{\"@id\":\"https:\/\/www.lucmarfincas.es\/es\/#website\"},\"datePublished\":\"2015-03-25T16:12:31+00:00\",\"dateModified\":\"2015-04-23T09:37:53+00:00\",\"breadcrumb\":{\"@id\":\"https:\/\/www.lucmarfincas.es\/es\/servicios\/asesoramiento-tecnico\/#breadcrumb\"},\"inLanguage\":\"es\",\"potentialAction\":[{\"@type\":\"ReadAction\",\"target\":[\"https:\/\/www.lucmarfincas.es\/es\/servicios\/asesoramiento-tecnico\/\"]}]},{\"@type\":\"BreadcrumbList\",\"@id\":\"https:\/\/www.lucmarfincas.es\/es\/servicios\/asesoramiento-tecnico\/#breadcrumb\",\"itemListElement\":[{\"@type\":\"ListItem\",\"position\":1,\"name\":\"Inici\",\"item\":\"https:\/\/www.lucmarfincas.es\/es\/\"},{\"@type\":\"ListItem\",\"position\":2,\"name\":\"Servicios\",\"item\":\"https:\/\/www.lucmarfincas.es\/es\/servicios\/\"},{\"@type\":\"ListItem\",\"position\":3,\"name\":\"Asesoramiento T\u00e9cnico\"}]},{\"@type\":\"WebSite\",\"@id\":\"https:\/\/www.lucmarfincas.es\/es\/#website\",\"url\":\"https:\/\/www.lucmarfincas.es\/es\/\",\"name\":\"LUCMAR\",\"description\":\"LUCMAR responde: 930 237 496 \/ 609 578 903\",\"potentialAction\":[{\"@type\":\"SearchAction\",\"target\":{\"@type\":\"EntryPoint\",\"urlTemplate\":\"https:\/\/www.lucmarfincas.es\/es\/?s={search_term_string}\"},\"query-input\":\"required name=search_term_string\"}],\"inLanguage\":\"es\"}]}<\/script>\n<!-- \/ Yoast SEO plugin. -->","yoast_head_json":{"title":"Asesoramiento T\u00e9cnico - LUCMAR","robots":{"index":"index","follow":"follow","max-snippet":"max-snippet:-1","max-image-preview":"max-image-preview:large","max-video-preview":"max-video-preview:-1"},"canonical":"https:\/\/www.lucmarfincas.es\/es\/servicios\/asesoramiento-tecnico\/","og_locale":"es_ES","og_type":"article","og_title":"Asesoramiento T\u00e9cnico - LUCMAR","og_description":"[vc_row row_type=\u00bbrow\u00bb type=\u00bbfull_width\u00bb text_align=\u00bbleft\u00bb padding_top=\u00bb0&#8243; background_color=\u00bb#ffffff\u00bb padding_bottom=\u00bb95&#8243; use_row_as_full_screen_section=\u00bbno\u00bb background_image_as_pattern=\u00bbwithout_pattern\u00bb][vc_column width=\u00bb1\/1&#8243;][vc_single_image image=\u00bb16527&#8243; alignment=\u00bbcenter\u00bb border_color=\u00bbgrey\u00bb img_link_target=\u00bb_self\u00bb img_size=\u00bbfull\u00bb][vc_separator type=\u00bbtransparent\u00bb position=\u00bbcenter\u00bb thickness=\u00bb40&#8243;][vc_column_text]A LUCMAR disponemos de un equipo de Arquitectos e Ingenieros para poder dar cobertura a cualquier necesidad que su edificio pueda tener. As\u00ed le proporcionamos los siguientes servicios:...","og_url":"https:\/\/www.lucmarfincas.es\/es\/servicios\/asesoramiento-tecnico\/","og_site_name":"LUCMAR","article_modified_time":"2015-04-23T09:37:53+00:00","twitter_card":"summary_large_image","twitter_misc":{"Tiempo de lectura":"1 minuto"},"schema":{"@context":"https:\/\/schema.org","@graph":[{"@type":"WebPage","@id":"https:\/\/www.lucmarfincas.es\/es\/servicios\/asesoramiento-tecnico\/","url":"https:\/\/www.lucmarfincas.es\/es\/servicios\/asesoramiento-tecnico\/","name":"Asesoramiento T\u00e9cnico - LUCMAR","isPartOf":{"@id":"https:\/\/www.lucmarfincas.es\/es\/#website"},"datePublished":"2015-03-25T16:12:31+00:00","dateModified":"2015-04-23T09:37:53+00:00","breadcrumb":{"@id":"https:\/\/www.lucmarfincas.es\/es\/servicios\/asesoramiento-tecnico\/#breadcrumb"},"inLanguage":"es","potentialAction":[{"@type":"ReadAction","target":["https:\/\/www.lucmarfincas.es\/es\/servicios\/asesoramiento-tecnico\/"]}]},{"@type":"BreadcrumbList","@id":"https:\/\/www.lucmarfincas.es\/es\/servicios\/asesoramiento-tecnico\/#breadcrumb","itemListElement":[{"@type":"ListItem","position":1,"name":"Inici","item":"https:\/\/www.lucmarfincas.es\/es\/"},{"@type":"ListItem","position":2,"name":"Servicios","item":"https:\/\/www.lucmarfincas.es\/es\/servicios\/"},{"@type":"ListItem","position":3,"name":"Asesoramiento T\u00e9cnico"}]},{"@type":"WebSite","@id":"https:\/\/www.lucmarfincas.es\/es\/#website","url":"https:\/\/www.lucmarfincas.es\/es\/","name":"LUCMAR","description":"LUCMAR responde: 930 237 496 \/ 609 578 903","potentialAction":[{"@type":"SearchAction","target":{"@type":"EntryPoint","urlTemplate":"https:\/\/www.lucmarfincas.es\/es\/?s={search_term_string}"},"query-input":"required name=search_term_string"}],"inLanguage":"es"}]}},"_links":{"self":[{"href":"https:\/\/www.lucmarfincas.es\/es\/wp-json\/wp\/v2\/pages\/16293"}],"collection":[{"href":"https:\/\/www.lucmarfincas.es\/es\/wp-json\/wp\/v2\/pages"}],"about":[{"href":"https:\/\/www.lucmarfincas.es\/es\/wp-json\/wp\/v2\/types\/page"}],"author":[{"embeddable":true,"href":"https:\/\/www.lucmarfincas.es\/es\/wp-json\/wp\/v2\/users\/1"}],"replies":[{"embeddable":true,"href":"https:\/\/www.lucmarfincas.es\/es\/wp-json\/wp\/v2\/comments?post=16293"}],"version-history":[{"count":5,"href":"https:\/\/www.lucmarfincas.es\/es\/wp-json\/wp\/v2\/pages\/16293\/revisions"}],"predecessor-version":[{"id":16567,"href":"https:\/\/www.lucmarfincas.es\/es\/wp-json\/wp\/v2\/pages\/16293\/revisions\/16567"}],"up":[{"embeddable":true,"href":"https:\/\/www.lucmarfincas.es\/es\/wp-json\/wp\/v2\/pages\/16202"}],"wp:attachment":[{"href":"https:\/\/www.lucmarfincas.es\/es\/wp-json\/wp\/v2\/media?parent=16293"}],"curies":[{"name":"wp","href":"https:\/\/api.w.org\/{rel}","templated":true}]}}