{"id":16295,"date":"2015-03-25T16:11:37","date_gmt":"2015-03-25T16:11:37","guid":{"rendered":"http:\/\/www.lucmarfincas.es\/serveis\/gestio-economica-i-administrativa\/"},"modified":"2021-05-03T15:52:01","modified_gmt":"2021-05-03T14:52:01","slug":"administracion","status":"publish","type":"page","link":"https:\/\/www.lucmarfincas.es\/es\/servicios\/administracion\/","title":{"rendered":"Administraci\u00f3n"},"content":{"rendered":"<p>[vc_row css_animation=\u00bb\u00bb row_type=\u00bbrow\u00bb use_row_as_full_screen_section=\u00bbno\u00bb type=\u00bbfull_width\u00bb angled_section=\u00bbno\u00bb text_align=\u00bbleft\u00bb background_image_as_pattern=\u00bbwithout_pattern\u00bb padding_top=\u00bb0&#8243; background_color=\u00bb#ffffff\u00bb padding_bottom=\u00bb95&#8243;][vc_column][vc_single_image image=\u00bb16525&#8243; img_size=\u00bbfull\u00bb alignment=\u00bbcenter\u00bb qode_css_animation=\u00bb\u00bb][vc_separator type=\u00bbtransparent\u00bb thickness=\u00bb40&#8243;][vc_column_text]En\u00a0<b>LUCMAR<\/b>, le ofrecemos un servicio integral para su Comunidad para que Usted pueda despreocuparse de tareas largas y complicadas. Nuestra vocaci\u00f3n de servicio le dejar\u00e1 m\u00e1s tiempo para Usted.<\/p>\n<p>En nuestra gesti\u00f3n como Administradores de Fincas nos ocupamos de todo aquello relacionado con las mismas. As\u00ed usted podr\u00e1 disfrutar de los siguientes servicios:<\/p>\n<ul>\n<li>Custodia de documentaci\u00f3n y libros de la Comunidad y adaptaci\u00f3n a las nuevas tecnolog\u00edas.<\/li>\n<li>Facturaci\u00f3n de cuotas\u00a0 y generaci\u00f3n de recibos.<\/li>\n<li>Contabilidad diaria y revisi\u00f3n bancaria semanal.<\/li>\n<li>Res\u00famenes trimestrales del estado econ\u00f3mico.<\/li>\n<li>Confecci\u00f3n y env\u00edo\u00a0 de las Convocatorias\u00a0 para las Juntas de propietarios.<\/li>\n<li>Asistencia a la Junta General (ordinaria y\/ o extraordinaria).<\/li>\n<li>Redacci\u00f3n del Acta de la Junta.<\/li>\n<li>Redacci\u00f3n de certificados de acuerdos y certificados de deuda.<\/li>\n<li>Reclamaci\u00f3n de impagados y recibos devueltos.<\/li>\n<li>Actualizaci\u00f3n de la base de datos del nuestro despacho 24H.<\/li>\n<li>Seguimiento de siniestros con\u00a0 contacto constante con\u00a0 las compa\u00f1\u00edas de seguros.<\/li>\n<li>Cumplimiento de la Comunidad con la Ley de Protecci\u00f3n de Datos.<\/li>\n<li>Contrataci\u00f3n de servicios seg\u00fan las indicaciones acordadas.<\/li>\n<li>Representaci\u00f3n de la Comunidad ante la Administraci\u00f3n.<\/li>\n<li>Visitas peri\u00f3dicas a las fincas.<\/li>\n<li>Apoyo tecnol\u00f3gico en las reuniones de la Junta.<\/li>\n<\/ul>\n<p>[\/vc_column_text][\/vc_column][\/vc_row]<\/p>\n","protected":false},"excerpt":{"rendered":"<p>[vc_row css_animation=\u00bb\u00bb row_type=\u00bbrow\u00bb use_row_as_full_screen_section=\u00bbno\u00bb type=\u00bbfull_width\u00bb angled_section=\u00bbno\u00bb text_align=\u00bbleft\u00bb background_image_as_pattern=\u00bbwithout_pattern\u00bb padding_top=\u00bb0&#8243; background_color=\u00bb#ffffff\u00bb padding_bottom=\u00bb95&#8243;][vc_column][vc_single_image image=\u00bb16525&#8243; img_size=\u00bbfull\u00bb alignment=\u00bbcenter\u00bb qode_css_animation=\u00bb\u00bb][vc_separator type=\u00bbtransparent\u00bb thickness=\u00bb40&#8243;][vc_column_text]En\u00a0LUCMAR, le ofrecemos un servicio integral para su Comunidad para que Usted pueda despreocuparse de tareas largas y complicadas. Nuestra vocaci\u00f3n de servicio le dejar\u00e1 m\u00e1s tiempo para Usted&#8230;.<\/p>\n","protected":false},"author":1,"featured_media":0,"parent":16202,"menu_order":6,"comment_status":"closed","ping_status":"closed","template":"","meta":{"footnotes":""},"yoast_head":"<!-- This site is optimized with the Yoast SEO plugin v22.6 - https:\/\/yoast.com\/wordpress\/plugins\/seo\/ -->\n<title>Administraci\u00f3n - LUCMAR<\/title>\n<meta name=\"robots\" content=\"index, follow, max-snippet:-1, max-image-preview:large, max-video-preview:-1\" \/>\n<link rel=\"canonical\" href=\"https:\/\/www.lucmarfincas.es\/es\/servicios\/administracion\/\" \/>\n<meta property=\"og:locale\" content=\"es_ES\" \/>\n<meta property=\"og:type\" content=\"article\" \/>\n<meta property=\"og:title\" content=\"Administraci\u00f3n - LUCMAR\" \/>\n<meta property=\"og:description\" content=\"[vc_row css_animation=\u00bb\u00bb row_type=\u00bbrow\u00bb use_row_as_full_screen_section=\u00bbno\u00bb type=\u00bbfull_width\u00bb angled_section=\u00bbno\u00bb text_align=\u00bbleft\u00bb background_image_as_pattern=\u00bbwithout_pattern\u00bb padding_top=\u00bb0&#8243; background_color=\u00bb#ffffff\u00bb padding_bottom=\u00bb95&#8243;][vc_column][vc_single_image image=\u00bb16525&#8243; img_size=\u00bbfull\u00bb alignment=\u00bbcenter\u00bb qode_css_animation=\u00bb\u00bb][vc_separator type=\u00bbtransparent\u00bb thickness=\u00bb40&#8243;][vc_column_text]En\u00a0LUCMAR, le ofrecemos un servicio integral para su Comunidad para que Usted pueda despreocuparse de tareas largas y complicadas. Nuestra vocaci\u00f3n de servicio le dejar\u00e1 m\u00e1s tiempo para Usted....\" \/>\n<meta property=\"og:url\" content=\"https:\/\/www.lucmarfincas.es\/es\/servicios\/administracion\/\" \/>\n<meta property=\"og:site_name\" content=\"LUCMAR\" \/>\n<meta property=\"article:modified_time\" content=\"2021-05-03T14:52:01+00:00\" \/>\n<meta name=\"twitter:card\" content=\"summary_large_image\" \/>\n<meta name=\"twitter:label1\" content=\"Tiempo de lectura\" \/>\n\t<meta name=\"twitter:data1\" content=\"1 minuto\" \/>\n<script type=\"application\/ld+json\" class=\"yoast-schema-graph\">{\"@context\":\"https:\/\/schema.org\",\"@graph\":[{\"@type\":\"WebPage\",\"@id\":\"https:\/\/www.lucmarfincas.es\/es\/servicios\/administracion\/\",\"url\":\"https:\/\/www.lucmarfincas.es\/es\/servicios\/administracion\/\",\"name\":\"Administraci\u00f3n - LUCMAR\",\"isPartOf\":{\"@id\":\"https:\/\/www.lucmarfincas.es\/es\/#website\"},\"datePublished\":\"2015-03-25T16:11:37+00:00\",\"dateModified\":\"2021-05-03T14:52:01+00:00\",\"breadcrumb\":{\"@id\":\"https:\/\/www.lucmarfincas.es\/es\/servicios\/administracion\/#breadcrumb\"},\"inLanguage\":\"es\",\"potentialAction\":[{\"@type\":\"ReadAction\",\"target\":[\"https:\/\/www.lucmarfincas.es\/es\/servicios\/administracion\/\"]}]},{\"@type\":\"BreadcrumbList\",\"@id\":\"https:\/\/www.lucmarfincas.es\/es\/servicios\/administracion\/#breadcrumb\",\"itemListElement\":[{\"@type\":\"ListItem\",\"position\":1,\"name\":\"Inici\",\"item\":\"https:\/\/www.lucmarfincas.es\/es\/\"},{\"@type\":\"ListItem\",\"position\":2,\"name\":\"Servicios\",\"item\":\"https:\/\/www.lucmarfincas.es\/es\/servicios\/\"},{\"@type\":\"ListItem\",\"position\":3,\"name\":\"Administraci\u00f3n\"}]},{\"@type\":\"WebSite\",\"@id\":\"https:\/\/www.lucmarfincas.es\/es\/#website\",\"url\":\"https:\/\/www.lucmarfincas.es\/es\/\",\"name\":\"LUCMAR\",\"description\":\"LUCMAR responde: 930 237 496 \/ 609 578 903\",\"potentialAction\":[{\"@type\":\"SearchAction\",\"target\":{\"@type\":\"EntryPoint\",\"urlTemplate\":\"https:\/\/www.lucmarfincas.es\/es\/?s={search_term_string}\"},\"query-input\":\"required name=search_term_string\"}],\"inLanguage\":\"es\"}]}<\/script>\n<!-- \/ Yoast SEO plugin. -->","yoast_head_json":{"title":"Administraci\u00f3n - LUCMAR","robots":{"index":"index","follow":"follow","max-snippet":"max-snippet:-1","max-image-preview":"max-image-preview:large","max-video-preview":"max-video-preview:-1"},"canonical":"https:\/\/www.lucmarfincas.es\/es\/servicios\/administracion\/","og_locale":"es_ES","og_type":"article","og_title":"Administraci\u00f3n - LUCMAR","og_description":"[vc_row css_animation=\u00bb\u00bb row_type=\u00bbrow\u00bb use_row_as_full_screen_section=\u00bbno\u00bb type=\u00bbfull_width\u00bb angled_section=\u00bbno\u00bb text_align=\u00bbleft\u00bb background_image_as_pattern=\u00bbwithout_pattern\u00bb padding_top=\u00bb0&#8243; background_color=\u00bb#ffffff\u00bb padding_bottom=\u00bb95&#8243;][vc_column][vc_single_image image=\u00bb16525&#8243; img_size=\u00bbfull\u00bb alignment=\u00bbcenter\u00bb qode_css_animation=\u00bb\u00bb][vc_separator type=\u00bbtransparent\u00bb thickness=\u00bb40&#8243;][vc_column_text]En\u00a0LUCMAR, le ofrecemos un servicio integral para su Comunidad para que Usted pueda despreocuparse de tareas largas y complicadas. Nuestra vocaci\u00f3n de servicio le dejar\u00e1 m\u00e1s tiempo para Usted....","og_url":"https:\/\/www.lucmarfincas.es\/es\/servicios\/administracion\/","og_site_name":"LUCMAR","article_modified_time":"2021-05-03T14:52:01+00:00","twitter_card":"summary_large_image","twitter_misc":{"Tiempo de lectura":"1 minuto"},"schema":{"@context":"https:\/\/schema.org","@graph":[{"@type":"WebPage","@id":"https:\/\/www.lucmarfincas.es\/es\/servicios\/administracion\/","url":"https:\/\/www.lucmarfincas.es\/es\/servicios\/administracion\/","name":"Administraci\u00f3n - LUCMAR","isPartOf":{"@id":"https:\/\/www.lucmarfincas.es\/es\/#website"},"datePublished":"2015-03-25T16:11:37+00:00","dateModified":"2021-05-03T14:52:01+00:00","breadcrumb":{"@id":"https:\/\/www.lucmarfincas.es\/es\/servicios\/administracion\/#breadcrumb"},"inLanguage":"es","potentialAction":[{"@type":"ReadAction","target":["https:\/\/www.lucmarfincas.es\/es\/servicios\/administracion\/"]}]},{"@type":"BreadcrumbList","@id":"https:\/\/www.lucmarfincas.es\/es\/servicios\/administracion\/#breadcrumb","itemListElement":[{"@type":"ListItem","position":1,"name":"Inici","item":"https:\/\/www.lucmarfincas.es\/es\/"},{"@type":"ListItem","position":2,"name":"Servicios","item":"https:\/\/www.lucmarfincas.es\/es\/servicios\/"},{"@type":"ListItem","position":3,"name":"Administraci\u00f3n"}]},{"@type":"WebSite","@id":"https:\/\/www.lucmarfincas.es\/es\/#website","url":"https:\/\/www.lucmarfincas.es\/es\/","name":"LUCMAR","description":"LUCMAR responde: 930 237 496 \/ 609 578 903","potentialAction":[{"@type":"SearchAction","target":{"@type":"EntryPoint","urlTemplate":"https:\/\/www.lucmarfincas.es\/es\/?s={search_term_string}"},"query-input":"required name=search_term_string"}],"inLanguage":"es"}]}},"_links":{"self":[{"href":"https:\/\/www.lucmarfincas.es\/es\/wp-json\/wp\/v2\/pages\/16295"}],"collection":[{"href":"https:\/\/www.lucmarfincas.es\/es\/wp-json\/wp\/v2\/pages"}],"about":[{"href":"https:\/\/www.lucmarfincas.es\/es\/wp-json\/wp\/v2\/types\/page"}],"author":[{"embeddable":true,"href":"https:\/\/www.lucmarfincas.es\/es\/wp-json\/wp\/v2\/users\/1"}],"replies":[{"embeddable":true,"href":"https:\/\/www.lucmarfincas.es\/es\/wp-json\/wp\/v2\/comments?post=16295"}],"version-history":[{"count":6,"href":"https:\/\/www.lucmarfincas.es\/es\/wp-json\/wp\/v2\/pages\/16295\/revisions"}],"predecessor-version":[{"id":16863,"href":"https:\/\/www.lucmarfincas.es\/es\/wp-json\/wp\/v2\/pages\/16295\/revisions\/16863"}],"up":[{"embeddable":true,"href":"https:\/\/www.lucmarfincas.es\/es\/wp-json\/wp\/v2\/pages\/16202"}],"wp:attachment":[{"href":"https:\/\/www.lucmarfincas.es\/es\/wp-json\/wp\/v2\/media?parent=16295"}],"curies":[{"name":"wp","href":"https:\/\/api.w.org\/{rel}","templated":true}]}}