{"id":16296,"date":"2015-03-25T16:11:12","date_gmt":"2015-03-25T16:11:12","guid":{"rendered":"http:\/\/www.lucmarfincas.es\/serveis\/noves-tecnologies\/"},"modified":"2015-04-23T09:39:05","modified_gmt":"2015-04-23T09:39:05","slug":"nuevas-tecnologias","status":"publish","type":"page","link":"https:\/\/www.lucmarfincas.es\/es\/servicios\/nuevas-tecnologias\/","title":{"rendered":"Nuevas Tecnolog\u00edas"},"content":{"rendered":"<p>[vc_row row_type=\u00bbrow\u00bb type=\u00bbfull_width\u00bb text_align=\u00bbleft\u00bb padding_top=\u00bb0&#8243; background_color=\u00bb#ffffff\u00bb padding_bottom=\u00bb95&#8243; use_row_as_full_screen_section=\u00bbno\u00bb background_image_as_pattern=\u00bbwithout_pattern\u00bb][vc_column width=\u00bb1\/1&#8243;][vc_single_image image=\u00bb16445&#8243; alignment=\u00bbcenter\u00bb border_color=\u00bbgrey\u00bb img_link_target=\u00bb_self\u00bb img_size=\u00bbmedium\u00bb][vc_separator type=\u00bbtransparent\u00bb position=\u00bbcenter\u00bb thickness=\u00bb40&#8243;][vc_column_text]Desde LUCMAR creemos que es imprescindible la agilizaci\u00f3n de los tr\u00e1mites de la Comunidad por eso le ofrecemos nuestro DESPACHO 24 H. Aprovechamos las nuevas plataformas tecnol\u00f3gicas para que usted pueda estar informado en todo momento de aquello que est\u00e1 pasando en su edificio.<\/p>\n<p>Accediendo al portal WEB de la Comunidad podr\u00e1:<\/p>\n<ul>\n<li>Modificar su n\u00famero de cuenta bancaria<\/li>\n<li>Informar de una aver\u00eda o siniestro<\/li>\n<li>Ver las Actas de la Comunidad<\/li>\n<li>Acceder a todos los archivos digitalizados (escrituras, planos, normativa de r\u00e9gimen interno)<\/li>\n<li>Tabl\u00f3n de Anuncios<\/li>\n<li>Soporte contable<\/li>\n<\/ul>\n<p>Igualmente apostamos por la utilizaci\u00f3n de nuevos recursos como el correo electr\u00f3nico, SMS i mensajer\u00eda r\u00e1pida para informarle de todo aquello m\u00e1s importante que ocurre en su propiedad.<\/p>\n<p>Todo ello cumpliendo y siguiendo los protocolos marcados por la LOPD (ley org\u00e1nica de protecci\u00f3n de datos), garantizando su seguridad al disponer de claves personalizadas para cada propietario.[\/vc_column_text][\/vc_column][\/vc_row]<\/p>\n","protected":false},"excerpt":{"rendered":"<p>[vc_row row_type=\u00bbrow\u00bb type=\u00bbfull_width\u00bb text_align=\u00bbleft\u00bb padding_top=\u00bb0&#8243; background_color=\u00bb#ffffff\u00bb padding_bottom=\u00bb95&#8243; use_row_as_full_screen_section=\u00bbno\u00bb background_image_as_pattern=\u00bbwithout_pattern\u00bb][vc_column width=\u00bb1\/1&#8243;][vc_single_image image=\u00bb16445&#8243; alignment=\u00bbcenter\u00bb border_color=\u00bbgrey\u00bb img_link_target=\u00bb_self\u00bb img_size=\u00bbmedium\u00bb][vc_separator type=\u00bbtransparent\u00bb position=\u00bbcenter\u00bb thickness=\u00bb40&#8243;][vc_column_text]Desde LUCMAR creemos que es imprescindible la agilizaci\u00f3n de los tr\u00e1mites de la Comunidad por eso le ofrecemos nuestro DESPACHO 24 H. Aprovechamos las nuevas plataformas tecnol\u00f3gicas para&#8230;<\/p>\n","protected":false},"author":1,"featured_media":0,"parent":16202,"menu_order":5,"comment_status":"closed","ping_status":"closed","template":"","meta":{"footnotes":""},"yoast_head":"<!-- This site is optimized with the Yoast SEO plugin v22.6 - https:\/\/yoast.com\/wordpress\/plugins\/seo\/ -->\n<title>Nuevas Tecnolog\u00edas - LUCMAR<\/title>\n<meta name=\"robots\" content=\"index, follow, max-snippet:-1, max-image-preview:large, max-video-preview:-1\" \/>\n<link rel=\"canonical\" href=\"https:\/\/www.lucmarfincas.es\/es\/servicios\/nuevas-tecnologias\/\" \/>\n<meta property=\"og:locale\" content=\"es_ES\" \/>\n<meta property=\"og:type\" content=\"article\" \/>\n<meta property=\"og:title\" content=\"Nuevas Tecnolog\u00edas - LUCMAR\" \/>\n<meta property=\"og:description\" content=\"[vc_row row_type=\u00bbrow\u00bb type=\u00bbfull_width\u00bb text_align=\u00bbleft\u00bb padding_top=\u00bb0&#8243; background_color=\u00bb#ffffff\u00bb padding_bottom=\u00bb95&#8243; use_row_as_full_screen_section=\u00bbno\u00bb background_image_as_pattern=\u00bbwithout_pattern\u00bb][vc_column width=\u00bb1\/1&#8243;][vc_single_image image=\u00bb16445&#8243; alignment=\u00bbcenter\u00bb border_color=\u00bbgrey\u00bb img_link_target=\u00bb_self\u00bb img_size=\u00bbmedium\u00bb][vc_separator type=\u00bbtransparent\u00bb position=\u00bbcenter\u00bb thickness=\u00bb40&#8243;][vc_column_text]Desde LUCMAR creemos que es imprescindible la agilizaci\u00f3n de los tr\u00e1mites de la Comunidad por eso le ofrecemos nuestro DESPACHO 24 H. Aprovechamos las nuevas plataformas tecnol\u00f3gicas para...\" \/>\n<meta property=\"og:url\" content=\"https:\/\/www.lucmarfincas.es\/es\/servicios\/nuevas-tecnologias\/\" \/>\n<meta property=\"og:site_name\" content=\"LUCMAR\" \/>\n<meta property=\"article:modified_time\" content=\"2015-04-23T09:39:05+00:00\" \/>\n<meta name=\"twitter:card\" content=\"summary_large_image\" \/>\n<meta name=\"twitter:label1\" content=\"Tiempo de lectura\" \/>\n\t<meta name=\"twitter:data1\" content=\"1 minuto\" \/>\n<script type=\"application\/ld+json\" class=\"yoast-schema-graph\">{\"@context\":\"https:\/\/schema.org\",\"@graph\":[{\"@type\":\"WebPage\",\"@id\":\"https:\/\/www.lucmarfincas.es\/es\/servicios\/nuevas-tecnologias\/\",\"url\":\"https:\/\/www.lucmarfincas.es\/es\/servicios\/nuevas-tecnologias\/\",\"name\":\"Nuevas Tecnolog\u00edas - LUCMAR\",\"isPartOf\":{\"@id\":\"https:\/\/www.lucmarfincas.es\/es\/#website\"},\"datePublished\":\"2015-03-25T16:11:12+00:00\",\"dateModified\":\"2015-04-23T09:39:05+00:00\",\"breadcrumb\":{\"@id\":\"https:\/\/www.lucmarfincas.es\/es\/servicios\/nuevas-tecnologias\/#breadcrumb\"},\"inLanguage\":\"es\",\"potentialAction\":[{\"@type\":\"ReadAction\",\"target\":[\"https:\/\/www.lucmarfincas.es\/es\/servicios\/nuevas-tecnologias\/\"]}]},{\"@type\":\"BreadcrumbList\",\"@id\":\"https:\/\/www.lucmarfincas.es\/es\/servicios\/nuevas-tecnologias\/#breadcrumb\",\"itemListElement\":[{\"@type\":\"ListItem\",\"position\":1,\"name\":\"Inici\",\"item\":\"https:\/\/www.lucmarfincas.es\/es\/\"},{\"@type\":\"ListItem\",\"position\":2,\"name\":\"Servicios\",\"item\":\"https:\/\/www.lucmarfincas.es\/es\/servicios\/\"},{\"@type\":\"ListItem\",\"position\":3,\"name\":\"Nuevas Tecnolog\u00edas\"}]},{\"@type\":\"WebSite\",\"@id\":\"https:\/\/www.lucmarfincas.es\/es\/#website\",\"url\":\"https:\/\/www.lucmarfincas.es\/es\/\",\"name\":\"LUCMAR\",\"description\":\"LUCMAR responde: 930 237 496 \/ 609 578 903\",\"potentialAction\":[{\"@type\":\"SearchAction\",\"target\":{\"@type\":\"EntryPoint\",\"urlTemplate\":\"https:\/\/www.lucmarfincas.es\/es\/?s={search_term_string}\"},\"query-input\":\"required name=search_term_string\"}],\"inLanguage\":\"es\"}]}<\/script>\n<!-- \/ Yoast SEO plugin. -->","yoast_head_json":{"title":"Nuevas Tecnolog\u00edas - LUCMAR","robots":{"index":"index","follow":"follow","max-snippet":"max-snippet:-1","max-image-preview":"max-image-preview:large","max-video-preview":"max-video-preview:-1"},"canonical":"https:\/\/www.lucmarfincas.es\/es\/servicios\/nuevas-tecnologias\/","og_locale":"es_ES","og_type":"article","og_title":"Nuevas Tecnolog\u00edas - LUCMAR","og_description":"[vc_row row_type=\u00bbrow\u00bb type=\u00bbfull_width\u00bb text_align=\u00bbleft\u00bb padding_top=\u00bb0&#8243; background_color=\u00bb#ffffff\u00bb padding_bottom=\u00bb95&#8243; use_row_as_full_screen_section=\u00bbno\u00bb background_image_as_pattern=\u00bbwithout_pattern\u00bb][vc_column width=\u00bb1\/1&#8243;][vc_single_image image=\u00bb16445&#8243; alignment=\u00bbcenter\u00bb border_color=\u00bbgrey\u00bb img_link_target=\u00bb_self\u00bb img_size=\u00bbmedium\u00bb][vc_separator type=\u00bbtransparent\u00bb position=\u00bbcenter\u00bb thickness=\u00bb40&#8243;][vc_column_text]Desde LUCMAR creemos que es imprescindible la agilizaci\u00f3n de los tr\u00e1mites de la Comunidad por eso le ofrecemos nuestro DESPACHO 24 H. Aprovechamos las nuevas plataformas tecnol\u00f3gicas para...","og_url":"https:\/\/www.lucmarfincas.es\/es\/servicios\/nuevas-tecnologias\/","og_site_name":"LUCMAR","article_modified_time":"2015-04-23T09:39:05+00:00","twitter_card":"summary_large_image","twitter_misc":{"Tiempo de lectura":"1 minuto"},"schema":{"@context":"https:\/\/schema.org","@graph":[{"@type":"WebPage","@id":"https:\/\/www.lucmarfincas.es\/es\/servicios\/nuevas-tecnologias\/","url":"https:\/\/www.lucmarfincas.es\/es\/servicios\/nuevas-tecnologias\/","name":"Nuevas Tecnolog\u00edas - LUCMAR","isPartOf":{"@id":"https:\/\/www.lucmarfincas.es\/es\/#website"},"datePublished":"2015-03-25T16:11:12+00:00","dateModified":"2015-04-23T09:39:05+00:00","breadcrumb":{"@id":"https:\/\/www.lucmarfincas.es\/es\/servicios\/nuevas-tecnologias\/#breadcrumb"},"inLanguage":"es","potentialAction":[{"@type":"ReadAction","target":["https:\/\/www.lucmarfincas.es\/es\/servicios\/nuevas-tecnologias\/"]}]},{"@type":"BreadcrumbList","@id":"https:\/\/www.lucmarfincas.es\/es\/servicios\/nuevas-tecnologias\/#breadcrumb","itemListElement":[{"@type":"ListItem","position":1,"name":"Inici","item":"https:\/\/www.lucmarfincas.es\/es\/"},{"@type":"ListItem","position":2,"name":"Servicios","item":"https:\/\/www.lucmarfincas.es\/es\/servicios\/"},{"@type":"ListItem","position":3,"name":"Nuevas Tecnolog\u00edas"}]},{"@type":"WebSite","@id":"https:\/\/www.lucmarfincas.es\/es\/#website","url":"https:\/\/www.lucmarfincas.es\/es\/","name":"LUCMAR","description":"LUCMAR responde: 930 237 496 \/ 609 578 903","potentialAction":[{"@type":"SearchAction","target":{"@type":"EntryPoint","urlTemplate":"https:\/\/www.lucmarfincas.es\/es\/?s={search_term_string}"},"query-input":"required name=search_term_string"}],"inLanguage":"es"}]}},"_links":{"self":[{"href":"https:\/\/www.lucmarfincas.es\/es\/wp-json\/wp\/v2\/pages\/16296"}],"collection":[{"href":"https:\/\/www.lucmarfincas.es\/es\/wp-json\/wp\/v2\/pages"}],"about":[{"href":"https:\/\/www.lucmarfincas.es\/es\/wp-json\/wp\/v2\/types\/page"}],"author":[{"embeddable":true,"href":"https:\/\/www.lucmarfincas.es\/es\/wp-json\/wp\/v2\/users\/1"}],"replies":[{"embeddable":true,"href":"https:\/\/www.lucmarfincas.es\/es\/wp-json\/wp\/v2\/comments?post=16296"}],"version-history":[{"count":6,"href":"https:\/\/www.lucmarfincas.es\/es\/wp-json\/wp\/v2\/pages\/16296\/revisions"}],"predecessor-version":[{"id":16568,"href":"https:\/\/www.lucmarfincas.es\/es\/wp-json\/wp\/v2\/pages\/16296\/revisions\/16568"}],"up":[{"embeddable":true,"href":"https:\/\/www.lucmarfincas.es\/es\/wp-json\/wp\/v2\/pages\/16202"}],"wp:attachment":[{"href":"https:\/\/www.lucmarfincas.es\/es\/wp-json\/wp\/v2\/media?parent=16296"}],"curies":[{"name":"wp","href":"https:\/\/api.w.org\/{rel}","templated":true}]}}