{"id":16297,"date":"2015-03-25T16:10:44","date_gmt":"2015-03-25T16:10:44","guid":{"rendered":"http:\/\/www.lucmarfincas.es\/serveis\/reduccio-de-la-morositat\/"},"modified":"2015-04-23T09:35:17","modified_gmt":"2015-04-23T09:35:17","slug":"reduccion-de-la-morosidad","status":"publish","type":"page","link":"https:\/\/www.lucmarfincas.es\/es\/servicios\/reduccion-de-la-morosidad\/","title":{"rendered":"Reducci\u00f3n de la morosidad"},"content":{"rendered":"<p>[vc_row row_type=\u00bbrow\u00bb type=\u00bbfull_width\u00bb text_align=\u00bbleft\u00bb padding_top=\u00bb0&#8243; background_color=\u00bb#ffffff\u00bb padding_bottom=\u00bb95&#8243; use_row_as_full_screen_section=\u00bbno\u00bb background_image_as_pattern=\u00bbwithout_pattern\u00bb][vc_column width=\u00bb1\/1&#8243;][vc_single_image image=\u00bb16524&#8243; alignment=\u00bbcenter\u00bb border_color=\u00bbgrey\u00bb img_link_target=\u00bb_self\u00bb img_size=\u00bbfull\u00bb][vc_separator type=\u00bbtransparent\u00bb position=\u00bbcenter\u00bb thickness=\u00bb40&#8243;][vc_column_text]Desde nuestra Administraci\u00f3n de Fincas seguimos un protocolo muy exhaustivo para conseguir, en un per\u00edodo corto de tiempo, que su Comunidad reduzca dr\u00e1sticamente el porcentaje de morosidad utilizando el correo electr\u00f3nico, llamadas telef\u00f3nicas, mensajer\u00eda r\u00e1pida, cartas y burofax.<\/p>\n<p>Intentamos siempre mediar por una soluci\u00f3n r\u00e1pida y beneficiosa para todos los implicados.<\/p>\n<p>Entendemos que este problema puede tener consecuencias negativas para su Comunidad por eso le proporcionamos nuestro equipo jur\u00eddico que le asesorar\u00e1 en la gesti\u00f3n de los morosos de su Comunidad.[\/vc_column_text][\/vc_column][\/vc_row]<\/p>\n","protected":false},"excerpt":{"rendered":"<p>[vc_row row_type=\u00bbrow\u00bb type=\u00bbfull_width\u00bb text_align=\u00bbleft\u00bb padding_top=\u00bb0&#8243; background_color=\u00bb#ffffff\u00bb padding_bottom=\u00bb95&#8243; use_row_as_full_screen_section=\u00bbno\u00bb background_image_as_pattern=\u00bbwithout_pattern\u00bb][vc_column width=\u00bb1\/1&#8243;][vc_single_image image=\u00bb16524&#8243; alignment=\u00bbcenter\u00bb border_color=\u00bbgrey\u00bb img_link_target=\u00bb_self\u00bb img_size=\u00bbfull\u00bb][vc_separator type=\u00bbtransparent\u00bb position=\u00bbcenter\u00bb thickness=\u00bb40&#8243;][vc_column_text]Desde nuestra Administraci\u00f3n de Fincas seguimos un protocolo muy exhaustivo para conseguir, en un per\u00edodo corto de tiempo, que su Comunidad reduzca dr\u00e1sticamente el porcentaje de morosidad utilizando&#8230;<\/p>\n","protected":false},"author":1,"featured_media":0,"parent":16202,"menu_order":4,"comment_status":"closed","ping_status":"closed","template":"","meta":{"footnotes":""},"yoast_head":"<!-- This site is optimized with the Yoast SEO plugin v22.6 - https:\/\/yoast.com\/wordpress\/plugins\/seo\/ -->\n<title>Reducci\u00f3n de la morosidad - LUCMAR<\/title>\n<meta name=\"robots\" content=\"index, follow, max-snippet:-1, max-image-preview:large, max-video-preview:-1\" \/>\n<link rel=\"canonical\" href=\"https:\/\/www.lucmarfincas.es\/es\/servicios\/reduccion-de-la-morosidad\/\" \/>\n<meta property=\"og:locale\" content=\"es_ES\" \/>\n<meta property=\"og:type\" content=\"article\" \/>\n<meta property=\"og:title\" content=\"Reducci\u00f3n de la morosidad - LUCMAR\" \/>\n<meta property=\"og:description\" content=\"[vc_row row_type=\u00bbrow\u00bb type=\u00bbfull_width\u00bb text_align=\u00bbleft\u00bb padding_top=\u00bb0&#8243; background_color=\u00bb#ffffff\u00bb padding_bottom=\u00bb95&#8243; use_row_as_full_screen_section=\u00bbno\u00bb background_image_as_pattern=\u00bbwithout_pattern\u00bb][vc_column width=\u00bb1\/1&#8243;][vc_single_image image=\u00bb16524&#8243; alignment=\u00bbcenter\u00bb border_color=\u00bbgrey\u00bb img_link_target=\u00bb_self\u00bb img_size=\u00bbfull\u00bb][vc_separator type=\u00bbtransparent\u00bb position=\u00bbcenter\u00bb thickness=\u00bb40&#8243;][vc_column_text]Desde nuestra Administraci\u00f3n de Fincas seguimos un protocolo muy exhaustivo para conseguir, en un per\u00edodo corto de tiempo, que su Comunidad reduzca dr\u00e1sticamente el porcentaje de morosidad utilizando...\" \/>\n<meta property=\"og:url\" content=\"https:\/\/www.lucmarfincas.es\/es\/servicios\/reduccion-de-la-morosidad\/\" \/>\n<meta property=\"og:site_name\" content=\"LUCMAR\" \/>\n<meta property=\"article:modified_time\" content=\"2015-04-23T09:35:17+00:00\" \/>\n<meta name=\"twitter:card\" content=\"summary_large_image\" \/>\n<meta name=\"twitter:label1\" content=\"Tiempo de lectura\" \/>\n\t<meta name=\"twitter:data1\" content=\"1 minuto\" \/>\n<script type=\"application\/ld+json\" class=\"yoast-schema-graph\">{\"@context\":\"https:\/\/schema.org\",\"@graph\":[{\"@type\":\"WebPage\",\"@id\":\"https:\/\/www.lucmarfincas.es\/es\/servicios\/reduccion-de-la-morosidad\/\",\"url\":\"https:\/\/www.lucmarfincas.es\/es\/servicios\/reduccion-de-la-morosidad\/\",\"name\":\"Reducci\u00f3n de la morosidad - LUCMAR\",\"isPartOf\":{\"@id\":\"https:\/\/www.lucmarfincas.es\/es\/#website\"},\"datePublished\":\"2015-03-25T16:10:44+00:00\",\"dateModified\":\"2015-04-23T09:35:17+00:00\",\"breadcrumb\":{\"@id\":\"https:\/\/www.lucmarfincas.es\/es\/servicios\/reduccion-de-la-morosidad\/#breadcrumb\"},\"inLanguage\":\"es\",\"potentialAction\":[{\"@type\":\"ReadAction\",\"target\":[\"https:\/\/www.lucmarfincas.es\/es\/servicios\/reduccion-de-la-morosidad\/\"]}]},{\"@type\":\"BreadcrumbList\",\"@id\":\"https:\/\/www.lucmarfincas.es\/es\/servicios\/reduccion-de-la-morosidad\/#breadcrumb\",\"itemListElement\":[{\"@type\":\"ListItem\",\"position\":1,\"name\":\"Inici\",\"item\":\"https:\/\/www.lucmarfincas.es\/es\/\"},{\"@type\":\"ListItem\",\"position\":2,\"name\":\"Servicios\",\"item\":\"https:\/\/www.lucmarfincas.es\/es\/servicios\/\"},{\"@type\":\"ListItem\",\"position\":3,\"name\":\"Reducci\u00f3n de la morosidad\"}]},{\"@type\":\"WebSite\",\"@id\":\"https:\/\/www.lucmarfincas.es\/es\/#website\",\"url\":\"https:\/\/www.lucmarfincas.es\/es\/\",\"name\":\"LUCMAR\",\"description\":\"LUCMAR responde: 930 237 496 \/ 609 578 903\",\"potentialAction\":[{\"@type\":\"SearchAction\",\"target\":{\"@type\":\"EntryPoint\",\"urlTemplate\":\"https:\/\/www.lucmarfincas.es\/es\/?s={search_term_string}\"},\"query-input\":\"required name=search_term_string\"}],\"inLanguage\":\"es\"}]}<\/script>\n<!-- \/ Yoast SEO plugin. -->","yoast_head_json":{"title":"Reducci\u00f3n de la morosidad - LUCMAR","robots":{"index":"index","follow":"follow","max-snippet":"max-snippet:-1","max-image-preview":"max-image-preview:large","max-video-preview":"max-video-preview:-1"},"canonical":"https:\/\/www.lucmarfincas.es\/es\/servicios\/reduccion-de-la-morosidad\/","og_locale":"es_ES","og_type":"article","og_title":"Reducci\u00f3n de la morosidad - LUCMAR","og_description":"[vc_row row_type=\u00bbrow\u00bb type=\u00bbfull_width\u00bb text_align=\u00bbleft\u00bb padding_top=\u00bb0&#8243; background_color=\u00bb#ffffff\u00bb padding_bottom=\u00bb95&#8243; use_row_as_full_screen_section=\u00bbno\u00bb background_image_as_pattern=\u00bbwithout_pattern\u00bb][vc_column width=\u00bb1\/1&#8243;][vc_single_image image=\u00bb16524&#8243; alignment=\u00bbcenter\u00bb border_color=\u00bbgrey\u00bb img_link_target=\u00bb_self\u00bb img_size=\u00bbfull\u00bb][vc_separator type=\u00bbtransparent\u00bb position=\u00bbcenter\u00bb thickness=\u00bb40&#8243;][vc_column_text]Desde nuestra Administraci\u00f3n de Fincas seguimos un protocolo muy exhaustivo para conseguir, en un per\u00edodo corto de tiempo, que su Comunidad reduzca dr\u00e1sticamente el porcentaje de morosidad utilizando...","og_url":"https:\/\/www.lucmarfincas.es\/es\/servicios\/reduccion-de-la-morosidad\/","og_site_name":"LUCMAR","article_modified_time":"2015-04-23T09:35:17+00:00","twitter_card":"summary_large_image","twitter_misc":{"Tiempo de lectura":"1 minuto"},"schema":{"@context":"https:\/\/schema.org","@graph":[{"@type":"WebPage","@id":"https:\/\/www.lucmarfincas.es\/es\/servicios\/reduccion-de-la-morosidad\/","url":"https:\/\/www.lucmarfincas.es\/es\/servicios\/reduccion-de-la-morosidad\/","name":"Reducci\u00f3n de la morosidad - LUCMAR","isPartOf":{"@id":"https:\/\/www.lucmarfincas.es\/es\/#website"},"datePublished":"2015-03-25T16:10:44+00:00","dateModified":"2015-04-23T09:35:17+00:00","breadcrumb":{"@id":"https:\/\/www.lucmarfincas.es\/es\/servicios\/reduccion-de-la-morosidad\/#breadcrumb"},"inLanguage":"es","potentialAction":[{"@type":"ReadAction","target":["https:\/\/www.lucmarfincas.es\/es\/servicios\/reduccion-de-la-morosidad\/"]}]},{"@type":"BreadcrumbList","@id":"https:\/\/www.lucmarfincas.es\/es\/servicios\/reduccion-de-la-morosidad\/#breadcrumb","itemListElement":[{"@type":"ListItem","position":1,"name":"Inici","item":"https:\/\/www.lucmarfincas.es\/es\/"},{"@type":"ListItem","position":2,"name":"Servicios","item":"https:\/\/www.lucmarfincas.es\/es\/servicios\/"},{"@type":"ListItem","position":3,"name":"Reducci\u00f3n de la morosidad"}]},{"@type":"WebSite","@id":"https:\/\/www.lucmarfincas.es\/es\/#website","url":"https:\/\/www.lucmarfincas.es\/es\/","name":"LUCMAR","description":"LUCMAR responde: 930 237 496 \/ 609 578 903","potentialAction":[{"@type":"SearchAction","target":{"@type":"EntryPoint","urlTemplate":"https:\/\/www.lucmarfincas.es\/es\/?s={search_term_string}"},"query-input":"required name=search_term_string"}],"inLanguage":"es"}]}},"_links":{"self":[{"href":"https:\/\/www.lucmarfincas.es\/es\/wp-json\/wp\/v2\/pages\/16297"}],"collection":[{"href":"https:\/\/www.lucmarfincas.es\/es\/wp-json\/wp\/v2\/pages"}],"about":[{"href":"https:\/\/www.lucmarfincas.es\/es\/wp-json\/wp\/v2\/types\/page"}],"author":[{"embeddable":true,"href":"https:\/\/www.lucmarfincas.es\/es\/wp-json\/wp\/v2\/users\/1"}],"replies":[{"embeddable":true,"href":"https:\/\/www.lucmarfincas.es\/es\/wp-json\/wp\/v2\/comments?post=16297"}],"version-history":[{"count":5,"href":"https:\/\/www.lucmarfincas.es\/es\/wp-json\/wp\/v2\/pages\/16297\/revisions"}],"predecessor-version":[{"id":16562,"href":"https:\/\/www.lucmarfincas.es\/es\/wp-json\/wp\/v2\/pages\/16297\/revisions\/16562"}],"up":[{"embeddable":true,"href":"https:\/\/www.lucmarfincas.es\/es\/wp-json\/wp\/v2\/pages\/16202"}],"wp:attachment":[{"href":"https:\/\/www.lucmarfincas.es\/es\/wp-json\/wp\/v2\/media?parent=16297"}],"curies":[{"name":"wp","href":"https:\/\/api.w.org\/{rel}","templated":true}]}}