{"id":16300,"date":"2015-03-25T15:57:36","date_gmt":"2015-03-25T15:57:36","guid":{"rendered":"http:\/\/www.lucmarfincas.es\/serveis\/manteniment-de-la-comunitat\/"},"modified":"2015-04-23T09:32:05","modified_gmt":"2015-04-23T09:32:05","slug":"mantenimiento-de-la-comunidad","status":"publish","type":"page","link":"https:\/\/www.lucmarfincas.es\/es\/servicios\/mantenimiento-de-la-comunidad\/","title":{"rendered":"Mantenimiento de la comunidad"},"content":{"rendered":"<p>[vc_row row_type=\u00bbrow\u00bb type=\u00bbfull_width\u00bb text_align=\u00bbleft\u00bb padding_top=\u00bb0&#8243; background_color=\u00bb#ffffff\u00bb padding_bottom=\u00bb95&#8243; use_row_as_full_screen_section=\u00bbno\u00bb background_image_as_pattern=\u00bbwithout_pattern\u00bb][vc_column width=\u00bb1\/1&#8243;][vc_single_image image=\u00bb16479&#8243; alignment=\u00bbcenter\u00bb border_color=\u00bbgrey\u00bb img_link_target=\u00bb_self\u00bb img_size=\u00bbfull\u00bb][vc_separator type=\u00bbtransparent\u00bb position=\u00bbcenter\u00bb thickness=\u00bb40&#8243;][vc_column_text]Nuestro servicio nos lleva a visitar de forma peri\u00f3dica todas las comunidades que gestionamos para supervisar su estado y sus necesidades. Nos encargamos entre otros de los siguientes aspectos:<\/p>\n<p><b>INSPECCI\u00d3N Y SEGURIDAD<\/b><\/p>\n<ul>\n<li>Verificaci\u00f3n del plazo de Inspecci\u00f3n de los ascensores por la entidad certificadora.<\/li>\n<li>Control del plazo para la Inspecci\u00f3n T\u00e9cnica de Edificios (ITE)<\/li>\n<li>Control del plazo de Inspecci\u00f3n de las Instalaciones de Baja Tensi\u00f3n.<\/li>\n<\/ul>\n<p>&nbsp;<\/p>\n<p><b>REVISI\u00d3N MENSUAL DEL RESTO DE INSTALACIONES.<\/b><\/p>\n<ul>\n<li>Automatismos, interruptores y luces de emergencia de todo el edificio.<\/li>\n<li>Inspecci\u00f3n de extintores.<\/li>\n<li>Cerraduras y accesos.<\/li>\n<li>Cumplimiento de las normas de seguridad<\/li>\n<li>Cualquier otra incidencia detectada.<\/li>\n<\/ul>\n<p>&nbsp;<\/p>\n<p><b>LIMPIEZA DE EDIFICIOS<\/b><\/p>\n<p>Le ofrecemos la posibilidad de contactar con nuestros colaboradores ofreci\u00e9ndole los presupuestos m\u00e1s ajustados en calidad-precio. Todos los servicios presupuestados est\u00e1n realizados por profesionales del sector.<\/p>\n<p>LUCMAR le proporciona la posibilidad de obtener precios econ\u00f3micos ya que no trabajamos con ninguna comisi\u00f3n de nuestros colaboradores.[\/vc_column_text][\/vc_column][\/vc_row]<\/p>\n","protected":false},"excerpt":{"rendered":"<p>[vc_row row_type=\u00bbrow\u00bb type=\u00bbfull_width\u00bb text_align=\u00bbleft\u00bb padding_top=\u00bb0&#8243; background_color=\u00bb#ffffff\u00bb padding_bottom=\u00bb95&#8243; use_row_as_full_screen_section=\u00bbno\u00bb background_image_as_pattern=\u00bbwithout_pattern\u00bb][vc_column width=\u00bb1\/1&#8243;][vc_single_image image=\u00bb16479&#8243; alignment=\u00bbcenter\u00bb border_color=\u00bbgrey\u00bb img_link_target=\u00bb_self\u00bb img_size=\u00bbfull\u00bb][vc_separator type=\u00bbtransparent\u00bb position=\u00bbcenter\u00bb thickness=\u00bb40&#8243;][vc_column_text]Nuestro servicio nos lleva a visitar de forma peri\u00f3dica todas las comunidades que gestionamos para supervisar su estado y sus necesidades. Nos encargamos entre otros de los siguientes&#8230;<\/p>\n","protected":false},"author":1,"featured_media":0,"parent":16202,"menu_order":1,"comment_status":"closed","ping_status":"closed","template":"","meta":{"footnotes":""},"yoast_head":"<!-- This site is optimized with the Yoast SEO plugin v22.6 - https:\/\/yoast.com\/wordpress\/plugins\/seo\/ -->\n<title>Mantenimiento de la comunidad - LUCMAR<\/title>\n<meta name=\"robots\" content=\"index, follow, max-snippet:-1, max-image-preview:large, max-video-preview:-1\" \/>\n<link rel=\"canonical\" href=\"https:\/\/www.lucmarfincas.es\/es\/servicios\/mantenimiento-de-la-comunidad\/\" \/>\n<meta property=\"og:locale\" content=\"es_ES\" \/>\n<meta property=\"og:type\" content=\"article\" \/>\n<meta property=\"og:title\" content=\"Mantenimiento de la comunidad - LUCMAR\" \/>\n<meta property=\"og:description\" content=\"[vc_row row_type=\u00bbrow\u00bb type=\u00bbfull_width\u00bb text_align=\u00bbleft\u00bb padding_top=\u00bb0&#8243; background_color=\u00bb#ffffff\u00bb padding_bottom=\u00bb95&#8243; use_row_as_full_screen_section=\u00bbno\u00bb background_image_as_pattern=\u00bbwithout_pattern\u00bb][vc_column width=\u00bb1\/1&#8243;][vc_single_image image=\u00bb16479&#8243; alignment=\u00bbcenter\u00bb border_color=\u00bbgrey\u00bb img_link_target=\u00bb_self\u00bb img_size=\u00bbfull\u00bb][vc_separator type=\u00bbtransparent\u00bb position=\u00bbcenter\u00bb thickness=\u00bb40&#8243;][vc_column_text]Nuestro servicio nos lleva a visitar de forma peri\u00f3dica todas las comunidades que gestionamos para supervisar su estado y sus necesidades. Nos encargamos entre otros de los siguientes...\" \/>\n<meta property=\"og:url\" content=\"https:\/\/www.lucmarfincas.es\/es\/servicios\/mantenimiento-de-la-comunidad\/\" \/>\n<meta property=\"og:site_name\" content=\"LUCMAR\" \/>\n<meta property=\"article:modified_time\" content=\"2015-04-23T09:32:05+00:00\" \/>\n<meta name=\"twitter:card\" content=\"summary_large_image\" \/>\n<meta name=\"twitter:label1\" content=\"Tiempo de lectura\" \/>\n\t<meta name=\"twitter:data1\" content=\"1 minuto\" \/>\n<script type=\"application\/ld+json\" class=\"yoast-schema-graph\">{\"@context\":\"https:\/\/schema.org\",\"@graph\":[{\"@type\":\"WebPage\",\"@id\":\"https:\/\/www.lucmarfincas.es\/es\/servicios\/mantenimiento-de-la-comunidad\/\",\"url\":\"https:\/\/www.lucmarfincas.es\/es\/servicios\/mantenimiento-de-la-comunidad\/\",\"name\":\"Mantenimiento de la comunidad - LUCMAR\",\"isPartOf\":{\"@id\":\"https:\/\/www.lucmarfincas.es\/es\/#website\"},\"datePublished\":\"2015-03-25T15:57:36+00:00\",\"dateModified\":\"2015-04-23T09:32:05+00:00\",\"breadcrumb\":{\"@id\":\"https:\/\/www.lucmarfincas.es\/es\/servicios\/mantenimiento-de-la-comunidad\/#breadcrumb\"},\"inLanguage\":\"es\",\"potentialAction\":[{\"@type\":\"ReadAction\",\"target\":[\"https:\/\/www.lucmarfincas.es\/es\/servicios\/mantenimiento-de-la-comunidad\/\"]}]},{\"@type\":\"BreadcrumbList\",\"@id\":\"https:\/\/www.lucmarfincas.es\/es\/servicios\/mantenimiento-de-la-comunidad\/#breadcrumb\",\"itemListElement\":[{\"@type\":\"ListItem\",\"position\":1,\"name\":\"Inici\",\"item\":\"https:\/\/www.lucmarfincas.es\/es\/\"},{\"@type\":\"ListItem\",\"position\":2,\"name\":\"Servicios\",\"item\":\"https:\/\/www.lucmarfincas.es\/es\/servicios\/\"},{\"@type\":\"ListItem\",\"position\":3,\"name\":\"Mantenimiento de la comunidad\"}]},{\"@type\":\"WebSite\",\"@id\":\"https:\/\/www.lucmarfincas.es\/es\/#website\",\"url\":\"https:\/\/www.lucmarfincas.es\/es\/\",\"name\":\"LUCMAR\",\"description\":\"LUCMAR responde: 930 237 496 \/ 609 578 903\",\"potentialAction\":[{\"@type\":\"SearchAction\",\"target\":{\"@type\":\"EntryPoint\",\"urlTemplate\":\"https:\/\/www.lucmarfincas.es\/es\/?s={search_term_string}\"},\"query-input\":\"required name=search_term_string\"}],\"inLanguage\":\"es\"}]}<\/script>\n<!-- \/ Yoast SEO plugin. -->","yoast_head_json":{"title":"Mantenimiento de la comunidad - LUCMAR","robots":{"index":"index","follow":"follow","max-snippet":"max-snippet:-1","max-image-preview":"max-image-preview:large","max-video-preview":"max-video-preview:-1"},"canonical":"https:\/\/www.lucmarfincas.es\/es\/servicios\/mantenimiento-de-la-comunidad\/","og_locale":"es_ES","og_type":"article","og_title":"Mantenimiento de la comunidad - LUCMAR","og_description":"[vc_row row_type=\u00bbrow\u00bb type=\u00bbfull_width\u00bb text_align=\u00bbleft\u00bb padding_top=\u00bb0&#8243; background_color=\u00bb#ffffff\u00bb padding_bottom=\u00bb95&#8243; use_row_as_full_screen_section=\u00bbno\u00bb background_image_as_pattern=\u00bbwithout_pattern\u00bb][vc_column width=\u00bb1\/1&#8243;][vc_single_image image=\u00bb16479&#8243; alignment=\u00bbcenter\u00bb border_color=\u00bbgrey\u00bb img_link_target=\u00bb_self\u00bb img_size=\u00bbfull\u00bb][vc_separator type=\u00bbtransparent\u00bb position=\u00bbcenter\u00bb thickness=\u00bb40&#8243;][vc_column_text]Nuestro servicio nos lleva a visitar de forma peri\u00f3dica todas las comunidades que gestionamos para supervisar su estado y sus necesidades. Nos encargamos entre otros de los siguientes...","og_url":"https:\/\/www.lucmarfincas.es\/es\/servicios\/mantenimiento-de-la-comunidad\/","og_site_name":"LUCMAR","article_modified_time":"2015-04-23T09:32:05+00:00","twitter_card":"summary_large_image","twitter_misc":{"Tiempo de lectura":"1 minuto"},"schema":{"@context":"https:\/\/schema.org","@graph":[{"@type":"WebPage","@id":"https:\/\/www.lucmarfincas.es\/es\/servicios\/mantenimiento-de-la-comunidad\/","url":"https:\/\/www.lucmarfincas.es\/es\/servicios\/mantenimiento-de-la-comunidad\/","name":"Mantenimiento de la comunidad - LUCMAR","isPartOf":{"@id":"https:\/\/www.lucmarfincas.es\/es\/#website"},"datePublished":"2015-03-25T15:57:36+00:00","dateModified":"2015-04-23T09:32:05+00:00","breadcrumb":{"@id":"https:\/\/www.lucmarfincas.es\/es\/servicios\/mantenimiento-de-la-comunidad\/#breadcrumb"},"inLanguage":"es","potentialAction":[{"@type":"ReadAction","target":["https:\/\/www.lucmarfincas.es\/es\/servicios\/mantenimiento-de-la-comunidad\/"]}]},{"@type":"BreadcrumbList","@id":"https:\/\/www.lucmarfincas.es\/es\/servicios\/mantenimiento-de-la-comunidad\/#breadcrumb","itemListElement":[{"@type":"ListItem","position":1,"name":"Inici","item":"https:\/\/www.lucmarfincas.es\/es\/"},{"@type":"ListItem","position":2,"name":"Servicios","item":"https:\/\/www.lucmarfincas.es\/es\/servicios\/"},{"@type":"ListItem","position":3,"name":"Mantenimiento de la comunidad"}]},{"@type":"WebSite","@id":"https:\/\/www.lucmarfincas.es\/es\/#website","url":"https:\/\/www.lucmarfincas.es\/es\/","name":"LUCMAR","description":"LUCMAR responde: 930 237 496 \/ 609 578 903","potentialAction":[{"@type":"SearchAction","target":{"@type":"EntryPoint","urlTemplate":"https:\/\/www.lucmarfincas.es\/es\/?s={search_term_string}"},"query-input":"required name=search_term_string"}],"inLanguage":"es"}]}},"_links":{"self":[{"href":"https:\/\/www.lucmarfincas.es\/es\/wp-json\/wp\/v2\/pages\/16300"}],"collection":[{"href":"https:\/\/www.lucmarfincas.es\/es\/wp-json\/wp\/v2\/pages"}],"about":[{"href":"https:\/\/www.lucmarfincas.es\/es\/wp-json\/wp\/v2\/types\/page"}],"author":[{"embeddable":true,"href":"https:\/\/www.lucmarfincas.es\/es\/wp-json\/wp\/v2\/users\/1"}],"replies":[{"embeddable":true,"href":"https:\/\/www.lucmarfincas.es\/es\/wp-json\/wp\/v2\/comments?post=16300"}],"version-history":[{"count":17,"href":"https:\/\/www.lucmarfincas.es\/es\/wp-json\/wp\/v2\/pages\/16300\/revisions"}],"predecessor-version":[{"id":16550,"href":"https:\/\/www.lucmarfincas.es\/es\/wp-json\/wp\/v2\/pages\/16300\/revisions\/16550"}],"up":[{"embeddable":true,"href":"https:\/\/www.lucmarfincas.es\/es\/wp-json\/wp\/v2\/pages\/16202"}],"wp:attachment":[{"href":"https:\/\/www.lucmarfincas.es\/es\/wp-json\/wp\/v2\/media?parent=16300"}],"curies":[{"name":"wp","href":"https:\/\/api.w.org\/{rel}","templated":true}]}}